{"id":1878,"date":"2021-01-12T07:53:53","date_gmt":"2021-01-12T07:53:53","guid":{"rendered":"http:\/\/ggfinishing.com\/?page_id=1878"},"modified":"2023-04-01T17:16:20","modified_gmt":"2023-04-01T14:16:20","slug":"capak-alma-parlatma","status":"publish","type":"page","link":"https:\/\/www.ggfinishing.com\/de\/yuzey-islem-uygulamalari\/capak-alma-parlatma\/","title":{"rendered":"\u00c7apak Alma\/Parlatma"},"content":{"rendered":"<div data-elementor-type=\"wp-page\" data-elementor-id=\"1878\" class=\"elementor elementor-1878\" data-elementor-post-type=\"page\">\n\t\t\t\t\t\t<section class=\"elementor-section elementor-top-section elementor-element elementor-element-4fb7864 elementor-reverse-mobile elementor-section-boxed elementor-section-height-default elementor-section-height-default\" data-id=\"4fb7864\" data-element_type=\"section\">\n\t\t\t\t\t\t<div class=\"elementor-container elementor-column-gap-default\">\n\t\t\t\t\t<div class=\"lqd-css-sticky-column elementor-column elementor-col-50 elementor-top-column elementor-element elementor-element-3fa5bafa\" style=\"--lqd-sticky-offset:30px\" data-id=\"3fa5bafa\" data-element_type=\"column\">\n\t\t\t<div class=\"elementor-widget-wrap elementor-element-populated\">\n\t\t\t\t\t\t<div class=\"elementor-element elementor-element-1ca34a25 elementor-widget elementor-widget-ld_custom_menu\" data-id=\"1ca34a25\" data-element_type=\"widget\" data-widget_type=\"ld_custom_menu.default\">\n\t\t\t\t<div class=\"elementor-widget-container\">\n\t\t\t\t\t\n\t\t\t<div  \n\t\t\t\tclass=\"lqd-fancy-menu lqd-custom-menu pos-rel menu-items-has-fill lqd-menu-td-none lqd-custom-menu-mobile-collapsible\"\n\t\t\t\t\t\t\t>\n\t\t\t\t\t\t<span class=\"lqd-custom-menu-dropdown-btn d-flex align-items-center\" data-target=\"#1ca34a25\" data-toggle=\"collapse\" data-ld-toggle=\"true\" data-toggle-options='{ \"closeOnOutsideClick\": {\"ifNotIn\": \"#lqd-site-content\"} }'>\n\n\t\t\t\t\t\t\t\t\n\t\t\t\t\t\t\t\t\t<span class=\"toggle-label\">\n\t\t\t\t\t\t\t\t\t\t\t\t\tDi\u011fer Hizmetlerimiz\t\t\t\t\t\t\t\t\t\t\t<\/span>\n\t\t\t\t\n\t\t\t\t<span class=\"expander-icon ms-auto d-inline-flex\">\n\t\t\t\t\t<i class=\"lqd-icn-ess icon-ion-ios-arrow-down\"><\/i>\n\t\t\t\t<\/span>\n\t\t\t<\/span>\n\t\t\t\n\t\t\t\t\t\t<ul id=\"1ca34a25\" class=\"reset-ul\" itemtype=\"http:\/\/schema.org\/SiteNavigationElement\" itemscope=\"itemscope\"><li id=\"menu-item-10642\" class=\"menu-item menu-item-type-post_type menu-item-object-page menu-item-10642\"><a href=\"https:\/\/www.ggfinishing.com\/de\/yuzey-islem-uygulamalari\/vibrasyon-yuzey-islem\/\">Vibrasyon Y\u00fczey \u0130\u015flem<\/a><\/li>\n<li id=\"menu-item-10643\" class=\"menu-item menu-item-type-post_type menu-item-object-page menu-item-10643\"><a href=\"https:\/\/www.ggfinishing.com\/de\/yuzey-islem-uygulamalari\/capak-alma-parlatma\/\">\u00c7apak Alma\/Parlatma<\/a><\/li>\n<li id=\"menu-item-10644\" class=\"menu-item menu-item-type-post_type menu-item-object-page menu-item-10644\"><a href=\"https:\/\/www.ggfinishing.com\/de\/yuzey-islem-uygulamalari\/kumlama\/\">Kumlama<\/a><\/li>\n<li id=\"menu-item-10645\" class=\"menu-item menu-item-type-post_type menu-item-object-page menu-item-10645\"><a href=\"https:\/\/www.ggfinishing.com\/de\/yuzey-islem-uygulamalari\/metalizasyon-termal-sprey\/\">Metalizasyon (Termal Sprey)<\/a><\/li>\n<li id=\"menu-item-10646\" class=\"menu-item menu-item-type-post_type menu-item-object-page menu-item-10646\"><a href=\"https:\/\/www.ggfinishing.com\/de\/yuzey-islem-uygulamalari\/boyama\/\">Boyama<\/a><\/li>\n<li id=\"menu-item-10647\" class=\"menu-item menu-item-type-post_type menu-item-object-page menu-item-10647\"><a href=\"https:\/\/www.ggfinishing.com\/de\/yuzey-islem-uygulamalari\/shot-peening-bilyali-dovme\/\">Shot Peening (Bilyal\u0131 D\u00f6vme)<\/a><\/li>\n<\/ul>\t\t\t\t\t\t\t\t\t<\/div>\n\t\t\t\t\t\t<\/div>\n\t\t\t\t<\/div>\n\t\t\t\t<section class=\"elementor-section elementor-inner-section elementor-element elementor-element-34f28015 elementor-section-boxed elementor-section-height-default elementor-section-height-default\" data-id=\"34f28015\" data-element_type=\"section\">\n\t\t\t\t\t\t<div class=\"elementor-container elementor-column-gap-default\">\n\t\t\t\t\t<div class=\"elementor-column elementor-col-100 elementor-inner-column elementor-element elementor-element-1f820a33\" data-id=\"1f820a33\" data-element_type=\"column\" data-settings=\"{&quot;background_background&quot;:&quot;classic&quot;}\">\n\t\t\t<div class=\"elementor-widget-wrap elementor-element-populated\">\n\t\t\t\t\t\t<div class=\"elementor-element elementor-element-27784cb5 elementor-widget elementor-widget-hub_fancy_heading\" data-id=\"27784cb5\" data-element_type=\"widget\" data-widget_type=\"hub_fancy_heading.default\">\n\t\t\t\t<div class=\"elementor-widget-container\">\n\t\t\t\t\t\n\t\t<div id=\"ld-fancy-heading-69f428a00a221\" class=\"ld-fancy-heading pos-rel\">\n\t\t\t<h3 class=\"ld-fh-element d-inline-block pos-rel  elementor-heading-title lqd-highlight-classic lqd-highlight-grow-left h3\"  > Detayl\u0131 bilgi i\u00e7in<\/h3>\t\t<\/div>\n\n\t\t\t\t\t\t<\/div>\n\t\t\t\t<\/div>\n\t\t\t\t<div class=\"elementor-element elementor-element-2e29b2d6 elementor-widget elementor-widget-ld_cf722\" data-id=\"2e29b2d6\" data-element_type=\"widget\" data-widget_type=\"ld_cf722.default\">\n\t\t\t\t<div class=\"elementor-widget-container\">\n\t\t\t\t\t\n\t<div class=\"lqd-contact-form lqd-contact-form-inputs-filled  lqd-contact-form-inputs-round lqd-contact-form-button-block\">\n\t\t\n<div class=\"wpcf7 no-js\" id=\"wpcf7-f10285-o1\" lang=\"en-US\" dir=\"ltr\" data-wpcf7-id=\"10285\">\n<div class=\"screen-reader-response\"><p role=\"status\" aria-live=\"polite\" aria-atomic=\"true\"><\/p> <ul><\/ul><\/div>\n<form action=\"\/de\/wp-json\/wp\/v2\/pages\/1878#wpcf7-f10285-o1\" method=\"post\" class=\"wpcf7-form init\" aria-label=\"Contact form\" novalidate=\"novalidate\" data-status=\"init\" data-trp-original-action=\"\/de\/wp-json\/wp\/v2\/pages\/1878#wpcf7-f10285-o1\">\n<fieldset class=\"hidden-fields-container\"><input type=\"hidden\" name=\"_wpcf7\" value=\"10285\" \/><input type=\"hidden\" name=\"_wpcf7_version\" value=\"6.1.1\" \/><input type=\"hidden\" name=\"_wpcf7_locale\" value=\"en_US\" \/><input type=\"hidden\" name=\"_wpcf7_unit_tag\" value=\"wpcf7-f10285-o1\" \/><input type=\"hidden\" name=\"_wpcf7_container_post\" value=\"0\" \/><input type=\"hidden\" name=\"_wpcf7_posted_data_hash\" value=\"\" \/><input type=\"hidden\" name=\"_wpcf7_recaptcha_response\" value=\"\" \/>\n<\/fieldset>\n<p><span class=\"wpcf7-form-control-wrap\" data-name=\"text-775\"><input size=\"40\" maxlength=\"400\" class=\"wpcf7-form-control wpcf7-text wpcf7-validates-as-required\" aria-required=\"true\" aria-invalid=\"false\" placeholder=\"Ad\u0131n\u0131z\" value=\"\" type=\"text\" name=\"text-775\" \/><\/span><span class=\"wpcf7-form-control-wrap\" data-name=\"email-550\"><input size=\"40\" maxlength=\"400\" class=\"wpcf7-form-control wpcf7-email wpcf7-validates-as-required wpcf7-text wpcf7-validates-as-email\" aria-required=\"true\" aria-invalid=\"false\" placeholder=\"E-Posta Adresiniz\" value=\"\" type=\"email\" name=\"email-550\" \/><\/span><span class=\"wpcf7-form-control-wrap\" data-name=\"textarea-138\"><textarea cols=\"10\" rows=\"4\" maxlength=\"2000\" class=\"wpcf7-form-control wpcf7-textarea wpcf7-validates-as-required\" aria-required=\"true\" aria-invalid=\"false\" placeholder=\"Mesaj\u0131n\u0131z\" name=\"textarea-138\"><\/textarea><\/span>\n<input class=\"wpcf7-form-control wpcf7-submit has-spinner\" type=\"submit\" value=\"G\u00f6nder\" \/>\n<\/p><div class=\"wpcf7-response-output\" aria-hidden=\"true\"><\/div>\n<input type=\"hidden\" name=\"trp-form-language\" value=\"de\"\/><\/form>\n<\/div>\n\t<\/div>\n\n\t\t\t\t\t<\/div>\n\t\t\t\t<\/div>\n\t\t\t\t\t<\/div>\n\t\t<\/div>\n\t\t\t\t\t<\/div>\n\t\t<\/section>\n\t\t\t\t\t<\/div>\n\t\t<\/div>\n\t\t\t\t<div class=\"elementor-column elementor-col-50 elementor-top-column elementor-element elementor-element-6f894963\" data-id=\"6f894963\" data-element_type=\"column\">\n\t\t\t<div class=\"elementor-widget-wrap elementor-element-populated\">\n\t\t\t\t\t\t<div class=\"elementor-element elementor-element-57e18474 elementor-widget elementor-widget-hub_fancy_heading\" data-id=\"57e18474\" data-element_type=\"widget\" data-widget_type=\"hub_fancy_heading.default\">\n\t\t\t\t<div class=\"elementor-widget-container\">\n\t\t\t\t\t\n\t\t<div id=\"ld-fancy-heading-69f428a017fb7\" class=\"ld-fancy-heading pos-rel\">\n\t\t\t<h3 class=\"ld-fh-element d-inline-block pos-rel  elementor-heading-title lqd-highlight-classic lqd-highlight-grow-left h3\"  > \u00c7apak Alma Nedir?<\/h3>\t\t<\/div>\n\n\t\t\t\t\t\t<\/div>\n\t\t\t\t<\/div>\n\t\t\t\t<div class=\"elementor-element elementor-element-f6d9306 elementor-widget elementor-widget-hub_fancy_heading\" data-id=\"f6d9306\" data-element_type=\"widget\" data-widget_type=\"hub_fancy_heading.default\">\n\t\t\t\t<div class=\"elementor-widget-container\">\n\t\t\t\t\t\n\t\t<div id=\"ld-fancy-heading-69f428a0182a4\" class=\"ld-fancy-heading pos-rel\">\n\t\t\t<p class=\"ld-fh-element d-inline-block pos-rel  lqd-highlight-classic lqd-highlight-grow-left p\"  >     \u00c7apak, metal plakalar\u0131 veya metal \u00f6bekleri i\u015fleyen pres veya CNC gibi makineler arac\u0131l\u0131\u011f\u0131yla \u00fcretilmi\u015f olan par\u00e7alar\u0131n \u00fcretim i\u015fleminden sonra y\u00fczeyinde, kenarlar\u0131nda veya \u00fcr\u00fcne g\u00f6re farkl\u0131l\u0131k g\u00f6stermekle birlikte belirli b\u00f6lgelerinde kalm\u0131\u015f olan, y\u00fckseklik ya da \u00e7\u0131k\u0131nt\u0131l\u0131 bir kenar veya malzemenin art\u0131k par\u00e7alar\u0131d\u0131r. Gerek sonraki prosesler i\u00e7in, gerek kullan\u0131m esnas\u0131nda rahats\u0131z etmemesi ad\u0131na temizlenmesi zorunludur. T\u00fcm\u00fc \u2018\u00e7apak alma\u2019 olarak adland\u0131r\u0131lan i\u015flem ve farkl\u0131 tipte makinalar ile t\u00fcm \u00e7apaklar yok edilir.<\/p>\t\t<\/div>\n\n\t\t\t\t\t\t<\/div>\n\t\t\t\t<\/div>\n\t\t\t\t<div class=\"elementor-element elementor-element-20ea74f7 elementor-widget-divider--view-line elementor-widget elementor-widget-divider\" data-id=\"20ea74f7\" data-element_type=\"widget\" data-widget_type=\"divider.default\">\n\t\t\t\t<div class=\"elementor-widget-container\">\n\t\t\t\t\t\t\t<div class=\"elementor-divider\">\n\t\t\t<span class=\"elementor-divider-separator\">\n\t\t\t\t\t\t<\/span>\n\t\t<\/div>\n\t\t\t\t\t\t<\/div>\n\t\t\t\t<\/div>\n\t\t\t\t<div class=\"elementor-element elementor-element-1a84b4cb elementor-widget elementor-widget-hub_fancy_heading\" data-id=\"1a84b4cb\" data-element_type=\"widget\" data-widget_type=\"hub_fancy_heading.default\">\n\t\t\t\t<div class=\"elementor-widget-container\">\n\t\t\t\t\t\n\t\t<div id=\"ld-fancy-heading-69f428a018f05\" class=\"ld-fancy-heading pos-rel\">\n\t\t\t<h3 class=\"ld-fh-element d-inline-block pos-rel  elementor-heading-title lqd-highlight-classic lqd-highlight-grow-left h3\"  > \u00c7apak Alma I\u015flem S\u00fcresi Nas\u0131l Belirlenir?<\/h3>\t\t<\/div>\n\n\t\t\t\t\t\t<\/div>\n\t\t\t\t<\/div>\n\t\t\t\t<section class=\"elementor-section elementor-inner-section elementor-element elementor-element-3e02ae6 elementor-section-boxed elementor-section-height-default elementor-section-height-default\" data-id=\"3e02ae6\" data-element_type=\"section\">\n\t\t\t\t\t\t<div class=\"elementor-container elementor-column-gap-default\">\n\t\t\t\t\t<div class=\"elementor-column elementor-col-100 elementor-inner-column elementor-element elementor-element-7e3da86a\" data-id=\"7e3da86a\" data-element_type=\"column\">\n\t\t\t<div class=\"elementor-widget-wrap elementor-element-populated\">\n\t\t\t\t\t\t<div class=\"elementor-element elementor-element-69bdd670 elementor-widget elementor-widget-hub_fancy_heading\" data-id=\"69bdd670\" data-element_type=\"widget\" data-widget_type=\"hub_fancy_heading.default\">\n\t\t\t\t<div class=\"elementor-widget-container\">\n\t\t\t\t\t\n\t\t<div id=\"ld-fancy-heading-69f428a01960f\" class=\"ld-fancy-heading pos-rel\">\n\t\t\t<p class=\"ld-fh-element d-inline-block pos-rel  lqd-highlight-classic lqd-highlight-grow-left p\"  > \u00c7apak alma i\u015flem s\u00fcresi, ilk kez uygulama yap\u0131lan \u00fcr\u00fcnlerin i\u015flem esnas\u0131nda belirli aral\u0131klarla kontrol edilmesiyle tespit edilmektedir. \u00c7apaklar de\u011fi\u015fken seviyelerde olduklar\u0131ndan her farkl\u0131 \u00fcr\u00fcn farkl\u0131 s\u00fcrelerde i\u015flem g\u00f6rmektedir, bu y\u00fczden her yeni \u00fcr\u00fcn\u00fcn ilk uygulamas\u0131nda zaman kontrol edilmektedir. Y\u00fczey i\u015flem uygulamas\u0131 t\u00fcm \u00e7apaklar yok olana ve \u00fcr\u00fcn\u00fcn y\u00fczeyi istenilen homojen yap\u0131ya kavu\u015fana dek devam eder. \u00d6rne\u011fin 15 veya 30 dakikada bir yap\u0131lan kontroller ile \u00fcr\u00fcn\u00fcn nihai i\u015flem s\u00fcresi belirlenebilir. Sonras\u0131nda belirlenen i\u015flem s\u00fcresi ayn\u0131 tip ve cinsteki di\u011fer \u00fcr\u00fcnlere tekrar tekrar uygulanabilir.<\/p>\t\t<\/div>\n\n\t\t\t\t\t\t<\/div>\n\t\t\t\t<\/div>\n\t\t\t\t\t<\/div>\n\t\t<\/div>\n\t\t\t\t\t<\/div>\n\t\t<\/section>\n\t\t\t\t<div class=\"elementor-element elementor-element-1e97962d elementor-widget-divider--view-line elementor-widget elementor-widget-divider\" data-id=\"1e97962d\" data-element_type=\"widget\" data-widget_type=\"divider.default\">\n\t\t\t\t<div class=\"elementor-widget-container\">\n\t\t\t\t\t\t\t<div class=\"elementor-divider\">\n\t\t\t<span class=\"elementor-divider-separator\">\n\t\t\t\t\t\t<\/span>\n\t\t<\/div>\n\t\t\t\t\t\t<\/div>\n\t\t\t\t<\/div>\n\t\t\t\t<div class=\"elementor-element elementor-element-2566c167 elementor-widget elementor-widget-hub_fancy_heading\" data-id=\"2566c167\" data-element_type=\"widget\" data-widget_type=\"hub_fancy_heading.default\">\n\t\t\t\t<div class=\"elementor-widget-container\">\n\t\t\t\t\t\n\t\t<div id=\"ld-fancy-heading-69f428a019bd0\" class=\"ld-fancy-heading pos-rel\">\n\t\t\t<h3 class=\"ld-fh-element d-inline-block pos-rel  elementor-heading-title lqd-highlight-classic lqd-highlight-grow-left h3\"  > Parlatma (Polishing) I\u015flemi Nas\u0131l Yap\u0131l\u0131r?<\/h3>\t\t<\/div>\n\n\t\t\t\t\t\t<\/div>\n\t\t\t\t<\/div>\n\t\t\t\t<div class=\"elementor-element elementor-element-d29ee96 elementor-widget elementor-widget-hub_fancy_heading\" data-id=\"d29ee96\" data-element_type=\"widget\" data-widget_type=\"hub_fancy_heading.default\">\n\t\t\t\t<div class=\"elementor-widget-container\">\n\t\t\t\t\t\n\t\t<div id=\"ld-fancy-heading-69f428a019e7d\" class=\"ld-fancy-heading pos-rel\">\n\t\t\t<p class=\"ld-fh-element d-inline-block pos-rel  lqd-highlight-classic lqd-highlight-grow-left p\"  > \u00c7apak alma i\u015fleminden \u00e7\u0131kan \u00fcr\u00fcnler parlatma i\u015flemine tabi tutularak p\u00fcr\u00fczs\u00fczle\u015ftirilen y\u00fczey ayn\u0131 zamanda parlat\u0131lmaktad\u0131r. Farkl\u0131 sekt\u00f6rlerdeki bir\u00e7ok \u00fcr\u00fcn parlat\u0131larak son kullan\u0131c\u0131ya sunuldu\u011fundan veya sonraki i\u015fleme haz\u0131rland\u0131\u011f\u0131ndan olduk\u00e7a s\u0131k kullan\u0131lmaktad\u0131r. Parlatma a\u015famas\u0131 ayn\u0131 zamanda, kozmetik olarak \u00fcr\u00fcn\u00fc sat\u0131\u015f anlam\u0131nda destekleyen bir uygulamad\u0131r. Baz\u0131 kaplama i\u015flemlerinden \u00f6nce parlatma uygulamas\u0131 zorunlu hale gelmi\u015ftir. \u0130\u015flem s\u0131ras\u0131nda \u2018Porselen\u2019 ad\u0131 verilen parlatma ta\u015flar\u0131 kullan\u0131lmaktad\u0131r, boyut ve \u015fekil itibariyle olduk\u00e7a fazla \u00e7e\u015fidi olan porselen ta\u015flar yine \u00fcr\u00fcn\u00fcn geometrik yap\u0131s\u0131na ve boyutuna g\u00f6re se\u00e7ilir. Parlat\u0131lan \u00fcr\u00fcnler sonraki ve son a\u015famaya aktar\u0131l\u0131r.<\/p>\t\t<\/div>\n\n\t\t\t\t\t\t<\/div>\n\t\t\t\t<\/div>\n\t\t\t\t\t<\/div>\n\t\t<\/div>\n\t\t\t\t\t<\/div>\n\t\t<\/section>\n\t\t\t\t<\/div>","protected":false},"excerpt":{"rendered":"<p>Di\u011fer Hizmetlerimiz Vibrasyon Y\u00fczey \u0130\u015flem \u00c7apak Alma\/Parlatma Kumlama Metalizasyon (Termal Sprey) Boyama Shot Peening (Bilyal\u0131 D\u00f6vme) Detayl\u0131 bilgi i\u00e7in \u00c7apak Alma Nedir? \u00c7apak, metal plakalar\u0131 veya metal \u00f6bekleri i\u015fleyen pres veya CNC gibi makineler arac\u0131l\u0131\u011f\u0131yla \u00fcretilmi\u015f olan par\u00e7alar\u0131n \u00fcretim i\u015fleminden sonra y\u00fczeyinde, kenarlar\u0131nda veya \u00fcr\u00fcne g\u00f6re farkl\u0131l\u0131k g\u00f6stermekle birlikte belirli b\u00f6lgelerinde kalm\u0131\u015f olan, y\u00fckseklik ya [&hellip;]<\/p>","protected":false},"author":1,"featured_media":11430,"parent":10468,"menu_order":0,"comment_status":"closed","ping_status":"closed","template":"","meta":{"footnotes":""},"class_list":["post-1878","page","type-page","status-publish","has-post-thumbnail","hentry"],"yoast_head":"<!-- This site is optimized with the Yoast SEO plugin v25.9 - https:\/\/yoast.com\/wordpress\/plugins\/seo\/ -->\n<title>\u00c7apak Alma\/Parlatma - GG Finishing<\/title>\n<meta name=\"robots\" content=\"index, follow, max-snippet:-1, max-image-preview:large, max-video-preview:-1\" \/>\n<link rel=\"canonical\" href=\"https:\/\/www.ggfinishing.com\/de\/yuzey-islem-uygulamalari\/capak-alma-parlatma\/\" \/>\n<meta property=\"og:locale\" content=\"de_DE\" \/>\n<meta property=\"og:type\" content=\"article\" \/>\n<meta property=\"og:title\" content=\"\u00c7apak Alma\/Parlatma - GG Finishing\" \/>\n<meta property=\"og:description\" content=\"Di\u011fer Hizmetlerimiz Vibrasyon Y\u00fczey \u0130\u015flem \u00c7apak Alma\/Parlatma Kumlama Metalizasyon (Termal Sprey) Boyama Shot Peening (Bilyal\u0131 D\u00f6vme) Detayl\u0131 bilgi i\u00e7in \u00c7apak Alma Nedir? \u00c7apak, metal plakalar\u0131 veya metal \u00f6bekleri i\u015fleyen pres veya CNC gibi makineler arac\u0131l\u0131\u011f\u0131yla \u00fcretilmi\u015f olan par\u00e7alar\u0131n \u00fcretim i\u015fleminden sonra y\u00fczeyinde, kenarlar\u0131nda veya \u00fcr\u00fcne g\u00f6re farkl\u0131l\u0131k g\u00f6stermekle birlikte belirli b\u00f6lgelerinde kalm\u0131\u015f olan, y\u00fckseklik ya [&hellip;]\" \/>\n<meta property=\"og:url\" content=\"https:\/\/www.ggfinishing.com\/de\/yuzey-islem-uygulamalari\/capak-alma-parlatma\/\" \/>\n<meta property=\"og:site_name\" content=\"GG Finishing\" \/>\n<meta property=\"article:modified_time\" content=\"2023-04-01T14:16:20+00:00\" \/>\n<meta property=\"og:image\" content=\"https:\/\/www.ggfinishing.com\/wp-content\/uploads\/2023\/04\/Capak-AlmaParlatma.jpg\" \/>\n\t<meta property=\"og:image:width\" content=\"500\" \/>\n\t<meta property=\"og:image:height\" content=\"500\" \/>\n\t<meta property=\"og:image:type\" content=\"image\/jpeg\" \/>\n<meta name=\"twitter:card\" content=\"summary_large_image\" \/>\n<meta name=\"twitter:label1\" content=\"Gesch\u00e4tzte Lesezeit\" \/>\n\t<meta name=\"twitter:data1\" content=\"2\u00a0Minuten\" \/>\n<script type=\"application\/ld+json\" class=\"yoast-schema-graph\">{\"@context\":\"https:\/\/schema.org\",\"@graph\":[{\"@type\":\"WebPage\",\"@id\":\"https:\/\/www.ggfinishing.com\/yuzey-islem-uygulamalari\/capak-alma-parlatma\/\",\"url\":\"https:\/\/www.ggfinishing.com\/yuzey-islem-uygulamalari\/capak-alma-parlatma\/\",\"name\":\"\u00c7apak Alma\/Parlatma - GG Finishing\",\"isPartOf\":{\"@id\":\"https:\/\/www.ggfinishing.com\/#website\"},\"primaryImageOfPage\":{\"@id\":\"https:\/\/www.ggfinishing.com\/yuzey-islem-uygulamalari\/capak-alma-parlatma\/#primaryimage\"},\"image\":{\"@id\":\"https:\/\/www.ggfinishing.com\/yuzey-islem-uygulamalari\/capak-alma-parlatma\/#primaryimage\"},\"thumbnailUrl\":\"https:\/\/www.ggfinishing.com\/wp-content\/uploads\/2023\/04\/Capak-AlmaParlatma.jpg\",\"datePublished\":\"2021-01-12T07:53:53+00:00\",\"dateModified\":\"2023-04-01T14:16:20+00:00\",\"breadcrumb\":{\"@id\":\"https:\/\/www.ggfinishing.com\/yuzey-islem-uygulamalari\/capak-alma-parlatma\/#breadcrumb\"},\"inLanguage\":\"de\",\"potentialAction\":[{\"@type\":\"ReadAction\",\"target\":[\"https:\/\/www.ggfinishing.com\/yuzey-islem-uygulamalari\/capak-alma-parlatma\/\"]}]},{\"@type\":\"ImageObject\",\"inLanguage\":\"de\",\"@id\":\"https:\/\/www.ggfinishing.com\/yuzey-islem-uygulamalari\/capak-alma-parlatma\/#primaryimage\",\"url\":\"https:\/\/www.ggfinishing.com\/wp-content\/uploads\/2023\/04\/Capak-AlmaParlatma.jpg\",\"contentUrl\":\"https:\/\/www.ggfinishing.com\/wp-content\/uploads\/2023\/04\/Capak-AlmaParlatma.jpg\",\"width\":500,\"height\":500},{\"@type\":\"BreadcrumbList\",\"@id\":\"https:\/\/www.ggfinishing.com\/yuzey-islem-uygulamalari\/capak-alma-parlatma\/#breadcrumb\",\"itemListElement\":[{\"@type\":\"ListItem\",\"position\":1,\"name\":\"Home\",\"item\":\"https:\/\/www.ggfinishing.com\/\"},{\"@type\":\"ListItem\",\"position\":2,\"name\":\"Y\u00fczey \u0130\u015flem Uygulamalar\u0131\",\"item\":\"https:\/\/www.ggfinishing.com\/yuzey-islem-uygulamalari\/\"},{\"@type\":\"ListItem\",\"position\":3,\"name\":\"\u00c7apak Alma\/Parlatma\"}]},{\"@type\":\"WebSite\",\"@id\":\"https:\/\/www.ggfinishing.com\/#website\",\"url\":\"https:\/\/www.ggfinishing.com\/\",\"name\":\"GG Finishing\",\"description\":\"EQUIPMENTS \u2022 CONSUMABLES \u2022 SURFACE PREPERATION\",\"potentialAction\":[{\"@type\":\"SearchAction\",\"target\":{\"@type\":\"EntryPoint\",\"urlTemplate\":\"https:\/\/www.ggfinishing.com\/?s={search_term_string}\"},\"query-input\":{\"@type\":\"PropertyValueSpecification\",\"valueRequired\":true,\"valueName\":\"search_term_string\"}}],\"inLanguage\":\"de\"}]}<\/script>\n<!-- \/ Yoast SEO plugin. -->","yoast_head_json":{"title":"\u00c7apak Alma\/Parlatma - GG Finishing","robots":{"index":"index","follow":"follow","max-snippet":"max-snippet:-1","max-image-preview":"max-image-preview:large","max-video-preview":"max-video-preview:-1"},"canonical":"https:\/\/www.ggfinishing.com\/de\/yuzey-islem-uygulamalari\/capak-alma-parlatma\/","og_locale":"de_DE","og_type":"article","og_title":"\u00c7apak Alma\/Parlatma - GG Finishing","og_description":"Di\u011fer Hizmetlerimiz Vibrasyon Y\u00fczey \u0130\u015flem \u00c7apak Alma\/Parlatma Kumlama Metalizasyon (Termal Sprey) Boyama Shot Peening (Bilyal\u0131 D\u00f6vme) Detayl\u0131 bilgi i\u00e7in \u00c7apak Alma Nedir? \u00c7apak, metal plakalar\u0131 veya metal \u00f6bekleri i\u015fleyen pres veya CNC gibi makineler arac\u0131l\u0131\u011f\u0131yla \u00fcretilmi\u015f olan par\u00e7alar\u0131n \u00fcretim i\u015fleminden sonra y\u00fczeyinde, kenarlar\u0131nda veya \u00fcr\u00fcne g\u00f6re farkl\u0131l\u0131k g\u00f6stermekle birlikte belirli b\u00f6lgelerinde kalm\u0131\u015f olan, y\u00fckseklik ya [&hellip;]","og_url":"https:\/\/www.ggfinishing.com\/de\/yuzey-islem-uygulamalari\/capak-alma-parlatma\/","og_site_name":"GG Finishing","article_modified_time":"2023-04-01T14:16:20+00:00","og_image":[{"width":500,"height":500,"url":"https:\/\/www.ggfinishing.com\/wp-content\/uploads\/2023\/04\/Capak-AlmaParlatma.jpg","type":"image\/jpeg"}],"twitter_card":"summary_large_image","twitter_misc":{"Gesch\u00e4tzte Lesezeit":"2\u00a0Minuten"},"schema":{"@context":"https:\/\/schema.org","@graph":[{"@type":"WebPage","@id":"https:\/\/www.ggfinishing.com\/yuzey-islem-uygulamalari\/capak-alma-parlatma\/","url":"https:\/\/www.ggfinishing.com\/yuzey-islem-uygulamalari\/capak-alma-parlatma\/","name":"\u00c7apak Alma\/Parlatma - GG Finishing","isPartOf":{"@id":"https:\/\/www.ggfinishing.com\/#website"},"primaryImageOfPage":{"@id":"https:\/\/www.ggfinishing.com\/yuzey-islem-uygulamalari\/capak-alma-parlatma\/#primaryimage"},"image":{"@id":"https:\/\/www.ggfinishing.com\/yuzey-islem-uygulamalari\/capak-alma-parlatma\/#primaryimage"},"thumbnailUrl":"https:\/\/www.ggfinishing.com\/wp-content\/uploads\/2023\/04\/Capak-AlmaParlatma.jpg","datePublished":"2021-01-12T07:53:53+00:00","dateModified":"2023-04-01T14:16:20+00:00","breadcrumb":{"@id":"https:\/\/www.ggfinishing.com\/yuzey-islem-uygulamalari\/capak-alma-parlatma\/#breadcrumb"},"inLanguage":"de","potentialAction":[{"@type":"ReadAction","target":["https:\/\/www.ggfinishing.com\/yuzey-islem-uygulamalari\/capak-alma-parlatma\/"]}]},{"@type":"ImageObject","inLanguage":"de","@id":"https:\/\/www.ggfinishing.com\/yuzey-islem-uygulamalari\/capak-alma-parlatma\/#primaryimage","url":"https:\/\/www.ggfinishing.com\/wp-content\/uploads\/2023\/04\/Capak-AlmaParlatma.jpg","contentUrl":"https:\/\/www.ggfinishing.com\/wp-content\/uploads\/2023\/04\/Capak-AlmaParlatma.jpg","width":500,"height":500},{"@type":"BreadcrumbList","@id":"https:\/\/www.ggfinishing.com\/yuzey-islem-uygulamalari\/capak-alma-parlatma\/#breadcrumb","itemListElement":[{"@type":"ListItem","position":1,"name":"Home","item":"https:\/\/www.ggfinishing.com\/"},{"@type":"ListItem","position":2,"name":"Y\u00fczey \u0130\u015flem Uygulamalar\u0131","item":"https:\/\/www.ggfinishing.com\/yuzey-islem-uygulamalari\/"},{"@type":"ListItem","position":3,"name":"\u00c7apak Alma\/Parlatma"}]},{"@type":"WebSite","@id":"https:\/\/www.ggfinishing.com\/#website","url":"https:\/\/www.ggfinishing.com\/","name":"GG Finishing","description":"EQUIPMENTS \u2022 CONSUMABLES \u2022 SURFACE PREPERATION","potentialAction":[{"@type":"SearchAction","target":{"@type":"EntryPoint","urlTemplate":"https:\/\/www.ggfinishing.com\/?s={search_term_string}"},"query-input":{"@type":"PropertyValueSpecification","valueRequired":true,"valueName":"search_term_string"}}],"inLanguage":"de"}]}},"_links":{"self":[{"href":"https:\/\/www.ggfinishing.com\/de\/wp-json\/wp\/v2\/pages\/1878","targetHints":{"allow":["GET"]}}],"collection":[{"href":"https:\/\/www.ggfinishing.com\/de\/wp-json\/wp\/v2\/pages"}],"about":[{"href":"https:\/\/www.ggfinishing.com\/de\/wp-json\/wp\/v2\/types\/page"}],"author":[{"embeddable":true,"href":"https:\/\/www.ggfinishing.com\/de\/wp-json\/wp\/v2\/users\/1"}],"replies":[{"embeddable":true,"href":"https:\/\/www.ggfinishing.com\/de\/wp-json\/wp\/v2\/comments?post=1878"}],"version-history":[{"count":21,"href":"https:\/\/www.ggfinishing.com\/de\/wp-json\/wp\/v2\/pages\/1878\/revisions"}],"predecessor-version":[{"id":11563,"href":"https:\/\/www.ggfinishing.com\/de\/wp-json\/wp\/v2\/pages\/1878\/revisions\/11563"}],"up":[{"embeddable":true,"href":"https:\/\/www.ggfinishing.com\/de\/wp-json\/wp\/v2\/pages\/10468"}],"wp:featuredmedia":[{"embeddable":true,"href":"https:\/\/www.ggfinishing.com\/de\/wp-json\/wp\/v2\/media\/11430"}],"wp:attachment":[{"href":"https:\/\/www.ggfinishing.com\/de\/wp-json\/wp\/v2\/media?parent=1878"}],"curies":[{"name":"wp","href":"https:\/\/api.w.org\/{rel}","templated":true}]}}