{"id":1895,"date":"2021-01-12T08:03:46","date_gmt":"2021-01-12T08:03:46","guid":{"rendered":"http:\/\/ggfinishing.com\/?page_id=1895"},"modified":"2023-04-01T17:17:20","modified_gmt":"2023-04-01T14:17:20","slug":"kumlama","status":"publish","type":"page","link":"https:\/\/www.ggfinishing.com\/de\/yuzey-islem-uygulamalari\/kumlama\/","title":{"rendered":"Kumlama"},"content":{"rendered":"<div data-elementor-type=\"wp-page\" data-elementor-id=\"1895\" class=\"elementor elementor-1895\" data-elementor-post-type=\"page\">\n\t\t\t\t\t\t<section class=\"elementor-section elementor-top-section elementor-element elementor-element-44c854df elementor-reverse-mobile elementor-section-boxed elementor-section-height-default elementor-section-height-default\" data-id=\"44c854df\" data-element_type=\"section\">\n\t\t\t\t\t\t<div class=\"elementor-container elementor-column-gap-default\">\n\t\t\t\t\t<div class=\"lqd-css-sticky-column elementor-column elementor-col-50 elementor-top-column elementor-element elementor-element-2f518a56\" style=\"--lqd-sticky-offset:30px\" data-id=\"2f518a56\" data-element_type=\"column\">\n\t\t\t<div class=\"elementor-widget-wrap elementor-element-populated\">\n\t\t\t\t\t\t<div class=\"elementor-element elementor-element-54528573 elementor-widget elementor-widget-ld_custom_menu\" data-id=\"54528573\" data-element_type=\"widget\" data-widget_type=\"ld_custom_menu.default\">\n\t\t\t\t<div class=\"elementor-widget-container\">\n\t\t\t\t\t\n\t\t\t<div  \n\t\t\t\tclass=\"lqd-fancy-menu lqd-custom-menu pos-rel menu-items-has-fill lqd-menu-td-none lqd-custom-menu-mobile-collapsible\"\n\t\t\t\t\t\t\t>\n\t\t\t\t\t\t<span class=\"lqd-custom-menu-dropdown-btn d-flex align-items-center\" data-target=\"#54528573\" data-toggle=\"collapse\" data-ld-toggle=\"true\" data-toggle-options='{ \"closeOnOutsideClick\": {\"ifNotIn\": \"#lqd-site-content\"} }'>\n\n\t\t\t\t\t\t\t\t\n\t\t\t\t\t\t\t\t\t<span class=\"toggle-label\">\n\t\t\t\t\t\t\t\t\t\t\t\t\tDi\u011fer Hizmetlerimiz\t\t\t\t\t\t\t\t\t\t\t<\/span>\n\t\t\t\t\n\t\t\t\t<span class=\"expander-icon ms-auto d-inline-flex\">\n\t\t\t\t\t<i class=\"lqd-icn-ess icon-ion-ios-arrow-down\"><\/i>\n\t\t\t\t<\/span>\n\t\t\t<\/span>\n\t\t\t\n\t\t\t\t\t\t<ul id=\"54528573\" class=\"reset-ul\" itemtype=\"http:\/\/schema.org\/SiteNavigationElement\" itemscope=\"itemscope\"><li id=\"menu-item-10642\" class=\"menu-item menu-item-type-post_type menu-item-object-page menu-item-10642\"><a href=\"https:\/\/www.ggfinishing.com\/de\/yuzey-islem-uygulamalari\/vibrasyon-yuzey-islem\/\">Vibrasyon Y\u00fczey \u0130\u015flem<\/a><\/li>\n<li id=\"menu-item-10643\" class=\"menu-item menu-item-type-post_type menu-item-object-page menu-item-10643\"><a href=\"https:\/\/www.ggfinishing.com\/de\/yuzey-islem-uygulamalari\/capak-alma-parlatma\/\">\u00c7apak Alma\/Parlatma<\/a><\/li>\n<li id=\"menu-item-10644\" class=\"menu-item menu-item-type-post_type menu-item-object-page menu-item-10644\"><a href=\"https:\/\/www.ggfinishing.com\/de\/yuzey-islem-uygulamalari\/kumlama\/\">Kumlama<\/a><\/li>\n<li id=\"menu-item-10645\" class=\"menu-item menu-item-type-post_type menu-item-object-page menu-item-10645\"><a href=\"https:\/\/www.ggfinishing.com\/de\/yuzey-islem-uygulamalari\/metalizasyon-termal-sprey\/\">Metalizasyon (Termal Sprey)<\/a><\/li>\n<li id=\"menu-item-10646\" class=\"menu-item menu-item-type-post_type menu-item-object-page menu-item-10646\"><a href=\"https:\/\/www.ggfinishing.com\/de\/yuzey-islem-uygulamalari\/boyama\/\">Boyama<\/a><\/li>\n<li id=\"menu-item-10647\" class=\"menu-item menu-item-type-post_type menu-item-object-page menu-item-10647\"><a href=\"https:\/\/www.ggfinishing.com\/de\/yuzey-islem-uygulamalari\/shot-peening-bilyali-dovme\/\">Shot Peening (Bilyal\u0131 D\u00f6vme)<\/a><\/li>\n<\/ul>\t\t\t\t\t\t\t\t\t<\/div>\n\t\t\t\t\t\t<\/div>\n\t\t\t\t<\/div>\n\t\t\t\t<section class=\"elementor-section elementor-inner-section elementor-element elementor-element-215a5b41 elementor-section-boxed elementor-section-height-default elementor-section-height-default\" data-id=\"215a5b41\" data-element_type=\"section\">\n\t\t\t\t\t\t<div class=\"elementor-container elementor-column-gap-default\">\n\t\t\t\t\t<div class=\"elementor-column elementor-col-100 elementor-inner-column elementor-element elementor-element-1295b05d\" data-id=\"1295b05d\" data-element_type=\"column\" data-settings=\"{&quot;background_background&quot;:&quot;classic&quot;}\">\n\t\t\t<div class=\"elementor-widget-wrap elementor-element-populated\">\n\t\t\t\t\t\t<div class=\"elementor-element elementor-element-5a432ac2 elementor-widget elementor-widget-hub_fancy_heading\" data-id=\"5a432ac2\" data-element_type=\"widget\" data-widget_type=\"hub_fancy_heading.default\">\n\t\t\t\t<div class=\"elementor-widget-container\">\n\t\t\t\t\t\n\t\t<div id=\"ld-fancy-heading-69f9aea6de9c9\" class=\"ld-fancy-heading pos-rel\">\n\t\t\t<h3 class=\"ld-fh-element d-inline-block pos-rel  elementor-heading-title lqd-highlight-classic lqd-highlight-grow-left h3\"  > Detayl\u0131 bilgi i\u00e7in<\/h3>\t\t<\/div>\n\n\t\t\t\t\t\t<\/div>\n\t\t\t\t<\/div>\n\t\t\t\t<div class=\"elementor-element elementor-element-507150a9 elementor-widget elementor-widget-ld_cf722\" data-id=\"507150a9\" data-element_type=\"widget\" data-widget_type=\"ld_cf722.default\">\n\t\t\t\t<div class=\"elementor-widget-container\">\n\t\t\t\t\t\n\t<div class=\"lqd-contact-form lqd-contact-form-inputs-filled  lqd-contact-form-inputs-round lqd-contact-form-button-block\">\n\t\t\n<div class=\"wpcf7 no-js\" id=\"wpcf7-f10285-o1\" lang=\"en-US\" dir=\"ltr\" data-wpcf7-id=\"10285\">\n<div class=\"screen-reader-response\"><p role=\"status\" aria-live=\"polite\" aria-atomic=\"true\"><\/p> <ul><\/ul><\/div>\n<form action=\"\/de\/wp-json\/wp\/v2\/pages\/1895#wpcf7-f10285-o1\" method=\"post\" class=\"wpcf7-form init\" aria-label=\"Contact form\" novalidate=\"novalidate\" data-status=\"init\" data-trp-original-action=\"\/de\/wp-json\/wp\/v2\/pages\/1895#wpcf7-f10285-o1\">\n<fieldset class=\"hidden-fields-container\"><input type=\"hidden\" name=\"_wpcf7\" value=\"10285\" \/><input type=\"hidden\" name=\"_wpcf7_version\" value=\"6.1.1\" \/><input type=\"hidden\" name=\"_wpcf7_locale\" value=\"en_US\" \/><input type=\"hidden\" name=\"_wpcf7_unit_tag\" value=\"wpcf7-f10285-o1\" \/><input type=\"hidden\" name=\"_wpcf7_container_post\" value=\"0\" \/><input type=\"hidden\" name=\"_wpcf7_posted_data_hash\" value=\"\" \/><input type=\"hidden\" name=\"_wpcf7_recaptcha_response\" value=\"\" \/>\n<\/fieldset>\n<p><span class=\"wpcf7-form-control-wrap\" data-name=\"text-775\"><input size=\"40\" maxlength=\"400\" class=\"wpcf7-form-control wpcf7-text wpcf7-validates-as-required\" aria-required=\"true\" aria-invalid=\"false\" placeholder=\"Ad\u0131n\u0131z\" value=\"\" type=\"text\" name=\"text-775\" \/><\/span><span class=\"wpcf7-form-control-wrap\" data-name=\"email-550\"><input size=\"40\" maxlength=\"400\" class=\"wpcf7-form-control wpcf7-email wpcf7-validates-as-required wpcf7-text wpcf7-validates-as-email\" aria-required=\"true\" aria-invalid=\"false\" placeholder=\"E-Posta Adresiniz\" value=\"\" type=\"email\" name=\"email-550\" \/><\/span><span class=\"wpcf7-form-control-wrap\" data-name=\"textarea-138\"><textarea cols=\"10\" rows=\"4\" maxlength=\"2000\" class=\"wpcf7-form-control wpcf7-textarea wpcf7-validates-as-required\" aria-required=\"true\" aria-invalid=\"false\" placeholder=\"Mesaj\u0131n\u0131z\" name=\"textarea-138\"><\/textarea><\/span>\n<input class=\"wpcf7-form-control wpcf7-submit has-spinner\" type=\"submit\" value=\"G\u00f6nder\" \/>\n<\/p><div class=\"wpcf7-response-output\" aria-hidden=\"true\"><\/div>\n<input type=\"hidden\" name=\"trp-form-language\" value=\"de\"\/><\/form>\n<\/div>\n\t<\/div>\n\n\t\t\t\t\t<\/div>\n\t\t\t\t<\/div>\n\t\t\t\t\t<\/div>\n\t\t<\/div>\n\t\t\t\t\t<\/div>\n\t\t<\/section>\n\t\t\t\t\t<\/div>\n\t\t<\/div>\n\t\t\t\t<div class=\"elementor-column elementor-col-50 elementor-top-column elementor-element elementor-element-7050b053\" data-id=\"7050b053\" data-element_type=\"column\">\n\t\t\t<div class=\"elementor-widget-wrap elementor-element-populated\">\n\t\t\t\t\t\t<div class=\"elementor-element elementor-element-6f6e5af6 elementor-widget elementor-widget-hub_fancy_heading\" data-id=\"6f6e5af6\" data-element_type=\"widget\" data-widget_type=\"hub_fancy_heading.default\">\n\t\t\t\t<div class=\"elementor-widget-container\">\n\t\t\t\t\t\n\t\t<div id=\"ld-fancy-heading-69f9aea6eb857\" class=\"ld-fancy-heading pos-rel\">\n\t\t\t<h3 class=\"ld-fh-element d-inline-block pos-rel  elementor-heading-title lqd-highlight-classic lqd-highlight-grow-left h3\"  > Kumlama Teknolojisi<\/h3>\t\t<\/div>\n\n\t\t\t\t\t\t<\/div>\n\t\t\t\t<\/div>\n\t\t\t\t<div class=\"elementor-element elementor-element-7dba412 elementor-widget elementor-widget-text-editor\" data-id=\"7dba412\" data-element_type=\"widget\" data-widget_type=\"text-editor.default\">\n\t\t\t\t<div class=\"elementor-widget-container\">\n\t\t\t\t\t\t\t\t\t<p>Par\u00e7a y\u00fczeyine \u00e7e\u015fitli a\u015f\u0131nd\u0131r\u0131c\u0131lar\u0131n belirli h\u0131zlarda p\u00fcsk\u00fcrt\u00fclerek y\u00fczeyde temizlik ve p\u00fcr\u00fczlendirme i\u015flemine kumlama ad\u0131 verilir. Bu \u00e7arpma esnas\u0131nda y\u00fczeydeki ya\u011f, kir, pas gibi istenmeyen maddeleri temizlerken ayn\u0131 y\u00fczeyi mikron seviyesinde a\u015f\u0131nd\u0131r\u0131p p\u00fcr\u00fczlendirir.<\/p><p><strong>Kumlama uygulanacak malzemede istenilen y\u00fczeyin elde edilmesi i\u00e7in a\u015f\u0131nd\u0131r\u0131c\u0131 se\u00e7imi \u00f6nemli rol oynamaktad\u0131r. Bu a\u015f\u0131nd\u0131r\u0131c\u0131lar ba\u015fl\u0131ca;<\/strong><\/p><ul><li>\u00c7elik bilya<\/li><li>\u00c7elik grit<\/li><li>Paslanmaz \u00e7elik bilya<\/li><li>Cam k\u00fcrecik<\/li><li>Al\u00fcminyum oksit bilya (pembe, kahverengi, beyaz)<\/li><li>Garnet<\/li><li>Kesme tel<\/li><li>Plastik gran\u00fcl<\/li><li>Seramik bilya<\/li><\/ul><p><strong>\u00a0Kumlamada as\u0131l ama\u00e7lanan<\/strong><\/p><ul><li>Y\u00fczey temizli\u011fi<\/li><li>Pas s\u00f6kme<\/li><li>Boya s\u00f6kme<\/li><li>Y\u00fczey \u00fczerindeki belli seviyedeki \u00e7izikleri giderme<\/li><li>Y\u00fczey p\u00fcr\u00fczlendirme<\/li><li>Kaplama ve boya \u00f6ncesi y\u00fczey haz\u0131rlama<\/li><\/ul><p><strong>Ba\u015fl\u0131ca uygulama alanlar\u0131;<\/strong><\/p><ul><li>A\u011f\u0131r sanayi, tersaneler, demir \u00e7elik sekt\u00f6r\u00fc vb.<\/li><li>Otomotiv sekt\u00f6r\u00fcnde silindir kapaklar\u0131, valfler, pistonlar ile havac\u0131l\u0131k sekt\u00f6r\u00fcnde t\u00fcrbin kanallar\u0131n\u0131n temizli\u011fi<\/li><li>Metalizasyon, kaplama, kaynak ve boya i\u015fleri \u00f6ncesinde y\u00fczey haz\u0131rlama ve temizleme i\u015flemlerinde<\/li><li>Boya, toz ve pas temizleme i\u015flemlerinde<\/li><li>Metal ve metal-d\u0131\u015f\u0131 malzemelerin p\u00fcr\u00fczlendirilmesi<\/li><li>Restorasyon i\u015flerinde,<\/li><li>Boru ve boru hatlar\u0131nda<\/li><li>Cam ve cam dekorasyon i\u015flerinde<\/li><li>Teflon ve kaplama \u00f6ncesi y\u00fczey p\u00fcr\u00fczlendirme i\u015flemlerinde<\/li><li>T\u00fcm metal ve metal d\u0131\u015f\u0131 y\u00fczeylerin boya kaz\u0131ma ve kal\u0131p temizli\u011fi i\u015flemlerinde<\/li><li>Mermer ve ta\u015f p\u00fcr\u00fczlendirme i\u015flemlerinde<\/li><li>Ah\u015fap y\u00fczey dokusu olu\u015fturma i\u015flemlerinde<\/li><\/ul>\t\t\t\t\t\t\t\t<\/div>\n\t\t\t\t<\/div>\n\t\t\t\t<div class=\"elementor-element elementor-element-11330bcd elementor-widget-divider--view-line elementor-widget elementor-widget-divider\" data-id=\"11330bcd\" data-element_type=\"widget\" data-widget_type=\"divider.default\">\n\t\t\t\t<div class=\"elementor-widget-container\">\n\t\t\t\t\t\t\t<div class=\"elementor-divider\">\n\t\t\t<span class=\"elementor-divider-separator\">\n\t\t\t\t\t\t<\/span>\n\t\t<\/div>\n\t\t\t\t\t\t<\/div>\n\t\t\t\t<\/div>\n\t\t\t\t\t<\/div>\n\t\t<\/div>\n\t\t\t\t\t<\/div>\n\t\t<\/section>\n\t\t\t\t<\/div>","protected":false},"excerpt":{"rendered":"<p>Di\u011fer Hizmetlerimiz Vibrasyon Y\u00fczey \u0130\u015flem \u00c7apak Alma\/Parlatma Kumlama Metalizasyon (Termal Sprey) Boyama Shot Peening (Bilyal\u0131 D\u00f6vme) Detayl\u0131 bilgi i\u00e7in Kumlama Teknolojisi Par\u00e7a y\u00fczeyine \u00e7e\u015fitli a\u015f\u0131nd\u0131r\u0131c\u0131lar\u0131n belirli h\u0131zlarda p\u00fcsk\u00fcrt\u00fclerek y\u00fczeyde temizlik ve p\u00fcr\u00fczlendirme i\u015flemine kumlama ad\u0131 verilir. Bu \u00e7arpma esnas\u0131nda y\u00fczeydeki ya\u011f, kir, pas gibi istenmeyen maddeleri temizlerken ayn\u0131 y\u00fczeyi mikron seviyesinde a\u015f\u0131nd\u0131r\u0131p p\u00fcr\u00fczlendirir. Kumlama uygulanacak [&hellip;]<\/p>","protected":false},"author":1,"featured_media":11431,"parent":10468,"menu_order":0,"comment_status":"closed","ping_status":"closed","template":"","meta":{"footnotes":""},"class_list":["post-1895","page","type-page","status-publish","has-post-thumbnail","hentry"],"yoast_head":"<!-- This site is optimized with the Yoast SEO plugin v25.9 - https:\/\/yoast.com\/wordpress\/plugins\/seo\/ -->\n<title>Kumlama - GG Finishing<\/title>\n<meta name=\"robots\" content=\"index, follow, max-snippet:-1, max-image-preview:large, max-video-preview:-1\" \/>\n<link rel=\"canonical\" href=\"https:\/\/www.ggfinishing.com\/de\/yuzey-islem-uygulamalari\/kumlama\/\" \/>\n<meta property=\"og:locale\" content=\"de_DE\" \/>\n<meta property=\"og:type\" content=\"article\" \/>\n<meta property=\"og:title\" content=\"Kumlama - GG Finishing\" \/>\n<meta property=\"og:description\" content=\"Di\u011fer Hizmetlerimiz Vibrasyon Y\u00fczey \u0130\u015flem \u00c7apak Alma\/Parlatma Kumlama Metalizasyon (Termal Sprey) Boyama Shot Peening (Bilyal\u0131 D\u00f6vme) Detayl\u0131 bilgi i\u00e7in Kumlama Teknolojisi Par\u00e7a y\u00fczeyine \u00e7e\u015fitli a\u015f\u0131nd\u0131r\u0131c\u0131lar\u0131n belirli h\u0131zlarda p\u00fcsk\u00fcrt\u00fclerek y\u00fczeyde temizlik ve p\u00fcr\u00fczlendirme i\u015flemine kumlama ad\u0131 verilir. Bu \u00e7arpma esnas\u0131nda y\u00fczeydeki ya\u011f, kir, pas gibi istenmeyen maddeleri temizlerken ayn\u0131 y\u00fczeyi mikron seviyesinde a\u015f\u0131nd\u0131r\u0131p p\u00fcr\u00fczlendirir. Kumlama uygulanacak [&hellip;]\" \/>\n<meta property=\"og:url\" content=\"https:\/\/www.ggfinishing.com\/de\/yuzey-islem-uygulamalari\/kumlama\/\" \/>\n<meta property=\"og:site_name\" content=\"GG Finishing\" \/>\n<meta property=\"article:modified_time\" content=\"2023-04-01T14:17:20+00:00\" \/>\n<meta property=\"og:image\" content=\"https:\/\/www.ggfinishing.com\/wp-content\/uploads\/2023\/04\/Kumlama.jpg\" \/>\n\t<meta property=\"og:image:width\" content=\"500\" \/>\n\t<meta property=\"og:image:height\" content=\"500\" \/>\n\t<meta property=\"og:image:type\" content=\"image\/jpeg\" \/>\n<meta name=\"twitter:card\" content=\"summary_large_image\" \/>\n<meta name=\"twitter:label1\" content=\"Gesch\u00e4tzte Lesezeit\" \/>\n\t<meta name=\"twitter:data1\" content=\"2\u00a0Minuten\" \/>\n<script type=\"application\/ld+json\" class=\"yoast-schema-graph\">{\"@context\":\"https:\/\/schema.org\",\"@graph\":[{\"@type\":\"WebPage\",\"@id\":\"https:\/\/www.ggfinishing.com\/yuzey-islem-uygulamalari\/kumlama\/\",\"url\":\"https:\/\/www.ggfinishing.com\/yuzey-islem-uygulamalari\/kumlama\/\",\"name\":\"Kumlama - GG Finishing\",\"isPartOf\":{\"@id\":\"https:\/\/www.ggfinishing.com\/#website\"},\"primaryImageOfPage\":{\"@id\":\"https:\/\/www.ggfinishing.com\/yuzey-islem-uygulamalari\/kumlama\/#primaryimage\"},\"image\":{\"@id\":\"https:\/\/www.ggfinishing.com\/yuzey-islem-uygulamalari\/kumlama\/#primaryimage\"},\"thumbnailUrl\":\"https:\/\/www.ggfinishing.com\/wp-content\/uploads\/2023\/04\/Kumlama.jpg\",\"datePublished\":\"2021-01-12T08:03:46+00:00\",\"dateModified\":\"2023-04-01T14:17:20+00:00\",\"breadcrumb\":{\"@id\":\"https:\/\/www.ggfinishing.com\/yuzey-islem-uygulamalari\/kumlama\/#breadcrumb\"},\"inLanguage\":\"de\",\"potentialAction\":[{\"@type\":\"ReadAction\",\"target\":[\"https:\/\/www.ggfinishing.com\/yuzey-islem-uygulamalari\/kumlama\/\"]}]},{\"@type\":\"ImageObject\",\"inLanguage\":\"de\",\"@id\":\"https:\/\/www.ggfinishing.com\/yuzey-islem-uygulamalari\/kumlama\/#primaryimage\",\"url\":\"https:\/\/www.ggfinishing.com\/wp-content\/uploads\/2023\/04\/Kumlama.jpg\",\"contentUrl\":\"https:\/\/www.ggfinishing.com\/wp-content\/uploads\/2023\/04\/Kumlama.jpg\",\"width\":500,\"height\":500},{\"@type\":\"BreadcrumbList\",\"@id\":\"https:\/\/www.ggfinishing.com\/yuzey-islem-uygulamalari\/kumlama\/#breadcrumb\",\"itemListElement\":[{\"@type\":\"ListItem\",\"position\":1,\"name\":\"Home\",\"item\":\"https:\/\/www.ggfinishing.com\/\"},{\"@type\":\"ListItem\",\"position\":2,\"name\":\"Y\u00fczey \u0130\u015flem Uygulamalar\u0131\",\"item\":\"https:\/\/www.ggfinishing.com\/yuzey-islem-uygulamalari\/\"},{\"@type\":\"ListItem\",\"position\":3,\"name\":\"Kumlama\"}]},{\"@type\":\"WebSite\",\"@id\":\"https:\/\/www.ggfinishing.com\/#website\",\"url\":\"https:\/\/www.ggfinishing.com\/\",\"name\":\"GG Finishing\",\"description\":\"EQUIPMENTS \u2022 CONSUMABLES \u2022 SURFACE PREPERATION\",\"potentialAction\":[{\"@type\":\"SearchAction\",\"target\":{\"@type\":\"EntryPoint\",\"urlTemplate\":\"https:\/\/www.ggfinishing.com\/?s={search_term_string}\"},\"query-input\":{\"@type\":\"PropertyValueSpecification\",\"valueRequired\":true,\"valueName\":\"search_term_string\"}}],\"inLanguage\":\"de\"}]}<\/script>\n<!-- \/ Yoast SEO plugin. -->","yoast_head_json":{"title":"Kumlama - GG Finishing","robots":{"index":"index","follow":"follow","max-snippet":"max-snippet:-1","max-image-preview":"max-image-preview:large","max-video-preview":"max-video-preview:-1"},"canonical":"https:\/\/www.ggfinishing.com\/de\/yuzey-islem-uygulamalari\/kumlama\/","og_locale":"de_DE","og_type":"article","og_title":"Kumlama - GG Finishing","og_description":"Di\u011fer Hizmetlerimiz Vibrasyon Y\u00fczey \u0130\u015flem \u00c7apak Alma\/Parlatma Kumlama Metalizasyon (Termal Sprey) Boyama Shot Peening (Bilyal\u0131 D\u00f6vme) Detayl\u0131 bilgi i\u00e7in Kumlama Teknolojisi Par\u00e7a y\u00fczeyine \u00e7e\u015fitli a\u015f\u0131nd\u0131r\u0131c\u0131lar\u0131n belirli h\u0131zlarda p\u00fcsk\u00fcrt\u00fclerek y\u00fczeyde temizlik ve p\u00fcr\u00fczlendirme i\u015flemine kumlama ad\u0131 verilir. Bu \u00e7arpma esnas\u0131nda y\u00fczeydeki ya\u011f, kir, pas gibi istenmeyen maddeleri temizlerken ayn\u0131 y\u00fczeyi mikron seviyesinde a\u015f\u0131nd\u0131r\u0131p p\u00fcr\u00fczlendirir. Kumlama uygulanacak [&hellip;]","og_url":"https:\/\/www.ggfinishing.com\/de\/yuzey-islem-uygulamalari\/kumlama\/","og_site_name":"GG Finishing","article_modified_time":"2023-04-01T14:17:20+00:00","og_image":[{"width":500,"height":500,"url":"https:\/\/www.ggfinishing.com\/wp-content\/uploads\/2023\/04\/Kumlama.jpg","type":"image\/jpeg"}],"twitter_card":"summary_large_image","twitter_misc":{"Gesch\u00e4tzte Lesezeit":"2\u00a0Minuten"},"schema":{"@context":"https:\/\/schema.org","@graph":[{"@type":"WebPage","@id":"https:\/\/www.ggfinishing.com\/yuzey-islem-uygulamalari\/kumlama\/","url":"https:\/\/www.ggfinishing.com\/yuzey-islem-uygulamalari\/kumlama\/","name":"Kumlama - GG Finishing","isPartOf":{"@id":"https:\/\/www.ggfinishing.com\/#website"},"primaryImageOfPage":{"@id":"https:\/\/www.ggfinishing.com\/yuzey-islem-uygulamalari\/kumlama\/#primaryimage"},"image":{"@id":"https:\/\/www.ggfinishing.com\/yuzey-islem-uygulamalari\/kumlama\/#primaryimage"},"thumbnailUrl":"https:\/\/www.ggfinishing.com\/wp-content\/uploads\/2023\/04\/Kumlama.jpg","datePublished":"2021-01-12T08:03:46+00:00","dateModified":"2023-04-01T14:17:20+00:00","breadcrumb":{"@id":"https:\/\/www.ggfinishing.com\/yuzey-islem-uygulamalari\/kumlama\/#breadcrumb"},"inLanguage":"de","potentialAction":[{"@type":"ReadAction","target":["https:\/\/www.ggfinishing.com\/yuzey-islem-uygulamalari\/kumlama\/"]}]},{"@type":"ImageObject","inLanguage":"de","@id":"https:\/\/www.ggfinishing.com\/yuzey-islem-uygulamalari\/kumlama\/#primaryimage","url":"https:\/\/www.ggfinishing.com\/wp-content\/uploads\/2023\/04\/Kumlama.jpg","contentUrl":"https:\/\/www.ggfinishing.com\/wp-content\/uploads\/2023\/04\/Kumlama.jpg","width":500,"height":500},{"@type":"BreadcrumbList","@id":"https:\/\/www.ggfinishing.com\/yuzey-islem-uygulamalari\/kumlama\/#breadcrumb","itemListElement":[{"@type":"ListItem","position":1,"name":"Home","item":"https:\/\/www.ggfinishing.com\/"},{"@type":"ListItem","position":2,"name":"Y\u00fczey \u0130\u015flem Uygulamalar\u0131","item":"https:\/\/www.ggfinishing.com\/yuzey-islem-uygulamalari\/"},{"@type":"ListItem","position":3,"name":"Kumlama"}]},{"@type":"WebSite","@id":"https:\/\/www.ggfinishing.com\/#website","url":"https:\/\/www.ggfinishing.com\/","name":"GG Finishing","description":"EQUIPMENTS \u2022 CONSUMABLES \u2022 SURFACE PREPERATION","potentialAction":[{"@type":"SearchAction","target":{"@type":"EntryPoint","urlTemplate":"https:\/\/www.ggfinishing.com\/?s={search_term_string}"},"query-input":{"@type":"PropertyValueSpecification","valueRequired":true,"valueName":"search_term_string"}}],"inLanguage":"de"}]}},"_links":{"self":[{"href":"https:\/\/www.ggfinishing.com\/de\/wp-json\/wp\/v2\/pages\/1895","targetHints":{"allow":["GET"]}}],"collection":[{"href":"https:\/\/www.ggfinishing.com\/de\/wp-json\/wp\/v2\/pages"}],"about":[{"href":"https:\/\/www.ggfinishing.com\/de\/wp-json\/wp\/v2\/types\/page"}],"author":[{"embeddable":true,"href":"https:\/\/www.ggfinishing.com\/de\/wp-json\/wp\/v2\/users\/1"}],"replies":[{"embeddable":true,"href":"https:\/\/www.ggfinishing.com\/de\/wp-json\/wp\/v2\/comments?post=1895"}],"version-history":[{"count":17,"href":"https:\/\/www.ggfinishing.com\/de\/wp-json\/wp\/v2\/pages\/1895\/revisions"}],"predecessor-version":[{"id":11566,"href":"https:\/\/www.ggfinishing.com\/de\/wp-json\/wp\/v2\/pages\/1895\/revisions\/11566"}],"up":[{"embeddable":true,"href":"https:\/\/www.ggfinishing.com\/de\/wp-json\/wp\/v2\/pages\/10468"}],"wp:featuredmedia":[{"embeddable":true,"href":"https:\/\/www.ggfinishing.com\/de\/wp-json\/wp\/v2\/media\/11431"}],"wp:attachment":[{"href":"https:\/\/www.ggfinishing.com\/de\/wp-json\/wp\/v2\/media?parent=1895"}],"curies":[{"name":"wp","href":"https:\/\/api.w.org\/{rel}","templated":true}]}}