{"id":1903,"date":"2021-01-13T08:26:41","date_gmt":"2021-01-13T08:26:41","guid":{"rendered":"http:\/\/ggfinishing.com\/?page_id=1903"},"modified":"2023-04-01T17:21:56","modified_gmt":"2023-04-01T14:21:56","slug":"shot-peening-bilyali-dovme","status":"publish","type":"page","link":"https:\/\/www.ggfinishing.com\/de\/yuzey-islem-uygulamalari\/shot-peening-bilyali-dovme\/","title":{"rendered":"Shot Peening (Bilyal\u0131 D\u00f6vme)"},"content":{"rendered":"<div data-elementor-type=\"wp-page\" data-elementor-id=\"1903\" class=\"elementor elementor-1903\" data-elementor-post-type=\"page\">\n\t\t\t\t\t\t<section class=\"elementor-section elementor-top-section elementor-element elementor-element-21b87063 elementor-reverse-mobile elementor-section-boxed elementor-section-height-default elementor-section-height-default\" data-id=\"21b87063\" data-element_type=\"section\">\n\t\t\t\t\t\t<div class=\"elementor-container elementor-column-gap-default\">\n\t\t\t\t\t<div class=\"lqd-css-sticky-column elementor-column elementor-col-50 elementor-top-column elementor-element elementor-element-713a7f32\" style=\"--lqd-sticky-offset:30px\" data-id=\"713a7f32\" data-element_type=\"column\">\n\t\t\t<div class=\"elementor-widget-wrap elementor-element-populated\">\n\t\t\t\t\t\t<div class=\"elementor-element elementor-element-4f6e5653 elementor-widget elementor-widget-ld_custom_menu\" data-id=\"4f6e5653\" data-element_type=\"widget\" data-widget_type=\"ld_custom_menu.default\">\n\t\t\t\t<div class=\"elementor-widget-container\">\n\t\t\t\t\t\n\t\t\t<div  \n\t\t\t\tclass=\"lqd-fancy-menu lqd-custom-menu pos-rel menu-items-has-fill lqd-menu-td-none lqd-custom-menu-mobile-collapsible\"\n\t\t\t\t\t\t\t>\n\t\t\t\t\t\t<span class=\"lqd-custom-menu-dropdown-btn d-flex align-items-center\" data-target=\"#4f6e5653\" data-toggle=\"collapse\" data-ld-toggle=\"true\" data-toggle-options='{ \"closeOnOutsideClick\": {\"ifNotIn\": \"#lqd-site-content\"} }'>\n\n\t\t\t\t\t\t\t\t\n\t\t\t\t\t\t\t\t\t<span class=\"toggle-label\">\n\t\t\t\t\t\t\t\t\t\t\t\t\tDi\u011fer Hizmetlerimiz\t\t\t\t\t\t\t\t\t\t\t<\/span>\n\t\t\t\t\n\t\t\t\t<span class=\"expander-icon ms-auto d-inline-flex\">\n\t\t\t\t\t<i class=\"lqd-icn-ess icon-ion-ios-arrow-down\"><\/i>\n\t\t\t\t<\/span>\n\t\t\t<\/span>\n\t\t\t\n\t\t\t\t\t\t<ul id=\"4f6e5653\" class=\"reset-ul\" itemtype=\"http:\/\/schema.org\/SiteNavigationElement\" itemscope=\"itemscope\"><li id=\"menu-item-10642\" class=\"menu-item menu-item-type-post_type menu-item-object-page menu-item-10642\"><a href=\"https:\/\/www.ggfinishing.com\/de\/yuzey-islem-uygulamalari\/vibrasyon-yuzey-islem\/\">Vibrasyon Y\u00fczey \u0130\u015flem<\/a><\/li>\n<li id=\"menu-item-10643\" class=\"menu-item menu-item-type-post_type menu-item-object-page menu-item-10643\"><a href=\"https:\/\/www.ggfinishing.com\/de\/yuzey-islem-uygulamalari\/capak-alma-parlatma\/\">\u00c7apak Alma\/Parlatma<\/a><\/li>\n<li id=\"menu-item-10644\" class=\"menu-item menu-item-type-post_type menu-item-object-page menu-item-10644\"><a href=\"https:\/\/www.ggfinishing.com\/de\/yuzey-islem-uygulamalari\/kumlama\/\">Kumlama<\/a><\/li>\n<li id=\"menu-item-10645\" class=\"menu-item menu-item-type-post_type menu-item-object-page menu-item-10645\"><a href=\"https:\/\/www.ggfinishing.com\/de\/yuzey-islem-uygulamalari\/metalizasyon-termal-sprey\/\">Metalizasyon (Termal Sprey)<\/a><\/li>\n<li id=\"menu-item-10646\" class=\"menu-item menu-item-type-post_type menu-item-object-page menu-item-10646\"><a href=\"https:\/\/www.ggfinishing.com\/de\/yuzey-islem-uygulamalari\/boyama\/\">Boyama<\/a><\/li>\n<li id=\"menu-item-10647\" class=\"menu-item menu-item-type-post_type menu-item-object-page menu-item-10647\"><a href=\"https:\/\/www.ggfinishing.com\/de\/yuzey-islem-uygulamalari\/shot-peening-bilyali-dovme\/\">Shot Peening (Bilyal\u0131 D\u00f6vme)<\/a><\/li>\n<\/ul>\t\t\t\t\t\t\t\t\t<\/div>\n\t\t\t\t\t\t<\/div>\n\t\t\t\t<\/div>\n\t\t\t\t<section class=\"elementor-section elementor-inner-section elementor-element elementor-element-3371bbdf elementor-section-boxed elementor-section-height-default elementor-section-height-default\" data-id=\"3371bbdf\" data-element_type=\"section\">\n\t\t\t\t\t\t<div class=\"elementor-container elementor-column-gap-default\">\n\t\t\t\t\t<div class=\"elementor-column elementor-col-100 elementor-inner-column elementor-element elementor-element-572e850d\" data-id=\"572e850d\" data-element_type=\"column\" data-settings=\"{&quot;background_background&quot;:&quot;classic&quot;}\">\n\t\t\t<div class=\"elementor-widget-wrap elementor-element-populated\">\n\t\t\t\t\t\t<div class=\"elementor-element elementor-element-1f45d193 elementor-widget elementor-widget-hub_fancy_heading\" data-id=\"1f45d193\" data-element_type=\"widget\" data-widget_type=\"hub_fancy_heading.default\">\n\t\t\t\t<div class=\"elementor-widget-container\">\n\t\t\t\t\t\n\t\t<div id=\"ld-fancy-heading-69f4480a9ba1e\" class=\"ld-fancy-heading pos-rel\">\n\t\t\t<h3 class=\"ld-fh-element d-inline-block pos-rel  elementor-heading-title lqd-highlight-classic lqd-highlight-grow-left h3\"  > Detayl\u0131 bilgi i\u00e7in<\/h3>\t\t<\/div>\n\n\t\t\t\t\t\t<\/div>\n\t\t\t\t<\/div>\n\t\t\t\t<div class=\"elementor-element elementor-element-408cfc6 elementor-widget elementor-widget-ld_cf722\" data-id=\"408cfc6\" data-element_type=\"widget\" data-widget_type=\"ld_cf722.default\">\n\t\t\t\t<div class=\"elementor-widget-container\">\n\t\t\t\t\t\n\t<div class=\"lqd-contact-form lqd-contact-form-inputs-filled  lqd-contact-form-inputs-round lqd-contact-form-button-block\">\n\t\t\n<div class=\"wpcf7 no-js\" id=\"wpcf7-f10285-o1\" lang=\"en-US\" dir=\"ltr\" data-wpcf7-id=\"10285\">\n<div class=\"screen-reader-response\"><p role=\"status\" aria-live=\"polite\" aria-atomic=\"true\"><\/p> <ul><\/ul><\/div>\n<form action=\"\/de\/wp-json\/wp\/v2\/pages\/1903#wpcf7-f10285-o1\" method=\"post\" class=\"wpcf7-form init\" aria-label=\"Contact form\" novalidate=\"novalidate\" data-status=\"init\" data-trp-original-action=\"\/de\/wp-json\/wp\/v2\/pages\/1903#wpcf7-f10285-o1\">\n<fieldset class=\"hidden-fields-container\"><input type=\"hidden\" name=\"_wpcf7\" value=\"10285\" \/><input type=\"hidden\" name=\"_wpcf7_version\" value=\"6.1.1\" \/><input type=\"hidden\" name=\"_wpcf7_locale\" value=\"en_US\" \/><input type=\"hidden\" name=\"_wpcf7_unit_tag\" value=\"wpcf7-f10285-o1\" \/><input type=\"hidden\" name=\"_wpcf7_container_post\" value=\"0\" \/><input type=\"hidden\" name=\"_wpcf7_posted_data_hash\" value=\"\" \/><input type=\"hidden\" name=\"_wpcf7_recaptcha_response\" value=\"\" \/>\n<\/fieldset>\n<p><span class=\"wpcf7-form-control-wrap\" data-name=\"text-775\"><input size=\"40\" maxlength=\"400\" class=\"wpcf7-form-control wpcf7-text wpcf7-validates-as-required\" aria-required=\"true\" aria-invalid=\"false\" placeholder=\"Ad\u0131n\u0131z\" value=\"\" type=\"text\" name=\"text-775\" \/><\/span><span class=\"wpcf7-form-control-wrap\" data-name=\"email-550\"><input size=\"40\" maxlength=\"400\" class=\"wpcf7-form-control wpcf7-email wpcf7-validates-as-required wpcf7-text wpcf7-validates-as-email\" aria-required=\"true\" aria-invalid=\"false\" placeholder=\"E-Posta Adresiniz\" value=\"\" type=\"email\" name=\"email-550\" \/><\/span><span class=\"wpcf7-form-control-wrap\" data-name=\"textarea-138\"><textarea cols=\"10\" rows=\"4\" maxlength=\"2000\" class=\"wpcf7-form-control wpcf7-textarea wpcf7-validates-as-required\" aria-required=\"true\" aria-invalid=\"false\" placeholder=\"Mesaj\u0131n\u0131z\" name=\"textarea-138\"><\/textarea><\/span>\n<input class=\"wpcf7-form-control wpcf7-submit has-spinner\" type=\"submit\" value=\"G\u00f6nder\" \/>\n<\/p><div class=\"wpcf7-response-output\" aria-hidden=\"true\"><\/div>\n<input type=\"hidden\" name=\"trp-form-language\" value=\"de\"\/><\/form>\n<\/div>\n\t<\/div>\n\n\t\t\t\t\t<\/div>\n\t\t\t\t<\/div>\n\t\t\t\t\t<\/div>\n\t\t<\/div>\n\t\t\t\t\t<\/div>\n\t\t<\/section>\n\t\t\t\t\t<\/div>\n\t\t<\/div>\n\t\t\t\t<div class=\"elementor-column elementor-col-50 elementor-top-column elementor-element elementor-element-18a328a0\" data-id=\"18a328a0\" data-element_type=\"column\">\n\t\t\t<div class=\"elementor-widget-wrap elementor-element-populated\">\n\t\t\t\t\t\t<div class=\"elementor-element elementor-element-82006d1 elementor-widget elementor-widget-hub_fancy_heading\" data-id=\"82006d1\" data-element_type=\"widget\" data-widget_type=\"hub_fancy_heading.default\">\n\t\t\t\t<div class=\"elementor-widget-container\">\n\t\t\t\t\t\n\t\t<div id=\"ld-fancy-heading-69f4480a9e7b9\" class=\"ld-fancy-heading pos-rel\">\n\t\t\t<h3 class=\"ld-fh-element d-inline-block pos-rel  elementor-heading-title lqd-highlight-classic lqd-highlight-grow-left h3\"  > Shot Peening - Bilyal\u0131 D\u00f6vme Nas\u0131l \u00c7al\u0131\u015f\u0131r?<\/h3>\t\t<\/div>\n\n\t\t\t\t\t\t<\/div>\n\t\t\t\t<\/div>\n\t\t\t\t<div class=\"elementor-element elementor-element-89ca199 elementor-widget elementor-widget-text-editor\" data-id=\"89ca199\" data-element_type=\"widget\" data-widget_type=\"text-editor.default\">\n\t\t\t\t<div class=\"elementor-widget-container\">\n\t\t\t\t\t\t\t\t\t<p>End\u00fcstride kullan\u0131lan bir\u00e7ok malzeme \u00fczerinde az da olsa gerilim mevcuttur fakat baz\u0131 malzemeler \u00e7ok daha y\u00fcksek stres alt\u0131nda \u00e7al\u0131\u015fmaktad\u0131r. Ve k\u0131sa s\u00fcrede deformasyona u\u011frayabilmektedirler. Baz\u0131 i\u015flemler ile bu malzemelerin \u00f6mr\u00fc uzat\u0131labilmektedir. Bunlardan biri shot peening i\u015flemidir.<\/p><p><br \/>Shot peening (Bilyal\u0131 d\u00f6vme) par\u00e7a y\u00fczeyinin \u00f6zel malzemelerin p\u00fcsk\u00fcrt\u00fclmesi yoluyla y\u00fczeyde basma gerilimi olu\u015fturarak malzemenin yorulma dayan\u0131m\u0131n\u0131n artt\u0131r\u0131ld\u0131\u011f\u0131 so\u011fuk i\u015flem prosesidir.<\/p><p>Genel olarak shot peening i\u015fleminde kullan\u0131lan malzemeler yuvarlat\u0131lm\u0131\u015f kesme tel, \u00e7elik bilya, cam k\u00fcreler ve seramik bilya.<\/p><p><br \/>Shot peening i\u015flemi kumlama i\u015flemine benzer \u00f6zellik g\u00f6stermektedir. Fakat shot peening i\u015fleminde proses parametreleri (bas\u0131n\u00e7, a\u00e7\u0131 gibi.) ve kullan\u0131lacak sarf malzeme kritik rol oynamaktad\u0131r ve her \u00fcr\u00fcn i\u00e7in optimum shot peening parametreleri farkl\u0131l\u0131k g\u00f6sterebilmektedir. Shot peen\u0131ng i\u015fleminden sonra yap\u0131lacak \u0131s\u0131l i\u015flem, tala\u015f kald\u0131rma, plastik \u015fekil verme vb. gibi i\u015flemler y\u00fczeydeki gerilimi de\u011fi\u015ftirece\u011finden dolay\u0131 shot peening i\u015fleminin etkilerini azaltacakt\u0131r.<\/p>\t\t\t\t\t\t\t\t<\/div>\n\t\t\t\t<\/div>\n\t\t\t\t<div class=\"elementor-element elementor-element-2ee1e7e4 elementor-widget-divider--view-line elementor-widget elementor-widget-divider\" data-id=\"2ee1e7e4\" data-element_type=\"widget\" data-widget_type=\"divider.default\">\n\t\t\t\t<div class=\"elementor-widget-container\">\n\t\t\t\t\t\t\t<div class=\"elementor-divider\">\n\t\t\t<span class=\"elementor-divider-separator\">\n\t\t\t\t\t\t<\/span>\n\t\t<\/div>\n\t\t\t\t\t\t<\/div>\n\t\t\t\t<\/div>\n\t\t\t\t<div class=\"elementor-element elementor-element-60c3971 elementor-widget elementor-widget-text-editor\" data-id=\"60c3971\" data-element_type=\"widget\" data-widget_type=\"text-editor.default\">\n\t\t\t\t<div class=\"elementor-widget-container\">\n\t\t\t\t\t\t\t\t\t<p><strong>Yorulma dayan\u0131m\u0131n\u0131n y\u00fcksek olmas\u0131 istenen par\u00e7alar i\u00e7in yap\u0131lan shot peening i\u015flemine \u00f6rnek olarak a\u015fa\u011f\u0131daki par\u00e7alar verilebilir;<\/strong><\/p>\t\t\t\t\t\t\t\t<\/div>\n\t\t\t\t<\/div>\n\t\t\t\t<section class=\"elementor-section elementor-inner-section elementor-element elementor-element-4888b2c elementor-section-boxed elementor-section-height-default elementor-section-height-default\" data-id=\"4888b2c\" data-element_type=\"section\">\n\t\t\t\t\t\t<div class=\"elementor-container elementor-column-gap-default\">\n\t\t\t\t\t<div class=\"elementor-column elementor-col-50 elementor-inner-column elementor-element elementor-element-7b2cc9f\" data-id=\"7b2cc9f\" data-element_type=\"column\">\n\t\t\t<div class=\"elementor-widget-wrap elementor-element-populated\">\n\t\t\t\t\t\t<div class=\"elementor-element elementor-element-1d053f4 elementor-widget elementor-widget-image\" data-id=\"1d053f4\" data-element_type=\"widget\" data-widget_type=\"image.default\">\n\t\t\t\t<div class=\"elementor-widget-container\">\n\t\t\t\t\t\t\t\t\t\t\t\t\t\t\t<img fetchpriority=\"high\" decoding=\"async\" width=\"257\" height=\"300\" src=\"https:\/\/www.ggfinishing.com\/wp-content\/uploads\/2023\/03\/Shot-Peening-Bilyali-Dovme.jpg\" class=\"attachment-large size-large wp-image-10987\" alt=\"\" srcset=\"https:\/\/www.ggfinishing.com\/wp-content\/uploads\/2023\/03\/Shot-Peening-Bilyali-Dovme.jpg 257w, https:\/\/www.ggfinishing.com\/wp-content\/uploads\/2023\/03\/Shot-Peening-Bilyali-Dovme-10x12.jpg 10w\" sizes=\"(max-width: 257px) 100vw, 257px\" \/>\t\t\t\t\t\t\t\t\t\t\t\t\t\t\t<\/div>\n\t\t\t\t<\/div>\n\t\t\t\t\t<\/div>\n\t\t<\/div>\n\t\t\t\t<div class=\"elementor-column elementor-col-50 elementor-inner-column elementor-element elementor-element-4c37ddc\" data-id=\"4c37ddc\" data-element_type=\"column\">\n\t\t\t<div class=\"elementor-widget-wrap elementor-element-populated\">\n\t\t\t\t\t\t<div class=\"elementor-element elementor-element-3fd9836 elementor-widget elementor-widget-text-editor\" data-id=\"3fd9836\" data-element_type=\"widget\" data-widget_type=\"text-editor.default\">\n\t\t\t\t<div class=\"elementor-widget-container\">\n\t\t\t\t\t\t\t\t\t<ul><li>Di\u015fli Par\u00e7alar\u0131<\/li><li>Eksantrik milleri<\/li><li>Yaylar<\/li><li>Ba\u011flant\u0131 \u00e7ubuklar\u0131<\/li><li>Krank milleri<\/li><li>Di\u015fli \u00e7arklar<\/li><li>Pistonlar<\/li><li>Pervane \u015faftlar\u0131<\/li><li>Kompres\u00f6r b\u0131\u00e7aklar\u0131<\/li><li>T\u00fcrbin kanatlar\u0131<\/li><li>\u0130ni\u015f tak\u0131m\u0131<\/li><\/ul>\t\t\t\t\t\t\t\t<\/div>\n\t\t\t\t<\/div>\n\t\t\t\t\t<\/div>\n\t\t<\/div>\n\t\t\t\t\t<\/div>\n\t\t<\/section>\n\t\t\t\t<div class=\"elementor-element elementor-element-6d6b90f3 elementor-widget-divider--view-line elementor-widget elementor-widget-divider\" data-id=\"6d6b90f3\" data-element_type=\"widget\" data-widget_type=\"divider.default\">\n\t\t\t\t<div class=\"elementor-widget-container\">\n\t\t\t\t\t\t\t<div class=\"elementor-divider\">\n\t\t\t<span class=\"elementor-divider-separator\">\n\t\t\t\t\t\t<\/span>\n\t\t<\/div>\n\t\t\t\t\t\t<\/div>\n\t\t\t\t<\/div>\n\t\t\t\t\t<\/div>\n\t\t<\/div>\n\t\t\t\t\t<\/div>\n\t\t<\/section>\n\t\t\t\t<\/div>","protected":false},"excerpt":{"rendered":"<p>Di\u011fer Hizmetlerimiz Vibrasyon Y\u00fczey \u0130\u015flem \u00c7apak Alma\/Parlatma Kumlama Metalizasyon (Termal Sprey) Boyama Shot Peening (Bilyal\u0131 D\u00f6vme) Detayl\u0131 bilgi i\u00e7in Shot Peening &#8211; Bilyal\u0131 D\u00f6vme Nas\u0131l \u00c7al\u0131\u015f\u0131r? End\u00fcstride kullan\u0131lan bir\u00e7ok malzeme \u00fczerinde az da olsa gerilim mevcuttur fakat baz\u0131 malzemeler \u00e7ok daha y\u00fcksek stres alt\u0131nda \u00e7al\u0131\u015fmaktad\u0131r. Ve k\u0131sa s\u00fcrede deformasyona u\u011frayabilmektedirler. Baz\u0131 i\u015flemler ile bu malzemelerin [&hellip;]<\/p>","protected":false},"author":1,"featured_media":11451,"parent":10468,"menu_order":0,"comment_status":"closed","ping_status":"closed","template":"","meta":{"footnotes":""},"class_list":["post-1903","page","type-page","status-publish","has-post-thumbnail","hentry"],"yoast_head":"<!-- This site is optimized with the Yoast SEO plugin v25.9 - https:\/\/yoast.com\/wordpress\/plugins\/seo\/ -->\n<title>Shot Peening (Bilyal\u0131 D\u00f6vme) - GG Finishing<\/title>\n<meta name=\"robots\" content=\"index, follow, max-snippet:-1, max-image-preview:large, max-video-preview:-1\" \/>\n<link rel=\"canonical\" href=\"https:\/\/www.ggfinishing.com\/de\/yuzey-islem-uygulamalari\/shot-peening-bilyali-dovme\/\" \/>\n<meta property=\"og:locale\" content=\"de_DE\" \/>\n<meta property=\"og:type\" content=\"article\" \/>\n<meta property=\"og:title\" content=\"Shot Peening (Bilyal\u0131 D\u00f6vme) - GG Finishing\" \/>\n<meta property=\"og:description\" content=\"Di\u011fer Hizmetlerimiz Vibrasyon Y\u00fczey \u0130\u015flem \u00c7apak Alma\/Parlatma Kumlama Metalizasyon (Termal Sprey) Boyama Shot Peening (Bilyal\u0131 D\u00f6vme) Detayl\u0131 bilgi i\u00e7in Shot Peening &#8211; Bilyal\u0131 D\u00f6vme Nas\u0131l \u00c7al\u0131\u015f\u0131r? End\u00fcstride kullan\u0131lan bir\u00e7ok malzeme \u00fczerinde az da olsa gerilim mevcuttur fakat baz\u0131 malzemeler \u00e7ok daha y\u00fcksek stres alt\u0131nda \u00e7al\u0131\u015fmaktad\u0131r. Ve k\u0131sa s\u00fcrede deformasyona u\u011frayabilmektedirler. Baz\u0131 i\u015flemler ile bu malzemelerin [&hellip;]\" \/>\n<meta property=\"og:url\" content=\"https:\/\/www.ggfinishing.com\/de\/yuzey-islem-uygulamalari\/shot-peening-bilyali-dovme\/\" \/>\n<meta property=\"og:site_name\" content=\"GG Finishing\" \/>\n<meta property=\"article:modified_time\" content=\"2023-04-01T14:21:56+00:00\" \/>\n<meta property=\"og:image\" content=\"https:\/\/www.ggfinishing.com\/wp-content\/uploads\/2023\/04\/Shotpeening-Bilyali-Dovme-1.jpg\" \/>\n\t<meta property=\"og:image:width\" content=\"500\" \/>\n\t<meta property=\"og:image:height\" content=\"500\" \/>\n\t<meta property=\"og:image:type\" content=\"image\/jpeg\" \/>\n<meta name=\"twitter:card\" content=\"summary_large_image\" \/>\n<meta name=\"twitter:label1\" content=\"Gesch\u00e4tzte Lesezeit\" \/>\n\t<meta name=\"twitter:data1\" content=\"2\u00a0Minuten\" \/>\n<script type=\"application\/ld+json\" class=\"yoast-schema-graph\">{\"@context\":\"https:\/\/schema.org\",\"@graph\":[{\"@type\":\"WebPage\",\"@id\":\"https:\/\/www.ggfinishing.com\/yuzey-islem-uygulamalari\/shot-peening-bilyali-dovme\/\",\"url\":\"https:\/\/www.ggfinishing.com\/yuzey-islem-uygulamalari\/shot-peening-bilyali-dovme\/\",\"name\":\"Shot Peening (Bilyal\u0131 D\u00f6vme) - GG Finishing\",\"isPartOf\":{\"@id\":\"https:\/\/www.ggfinishing.com\/#website\"},\"primaryImageOfPage\":{\"@id\":\"https:\/\/www.ggfinishing.com\/yuzey-islem-uygulamalari\/shot-peening-bilyali-dovme\/#primaryimage\"},\"image\":{\"@id\":\"https:\/\/www.ggfinishing.com\/yuzey-islem-uygulamalari\/shot-peening-bilyali-dovme\/#primaryimage\"},\"thumbnailUrl\":\"https:\/\/www.ggfinishing.com\/wp-content\/uploads\/2023\/04\/Shotpeening-Bilyali-Dovme-1.jpg\",\"datePublished\":\"2021-01-13T08:26:41+00:00\",\"dateModified\":\"2023-04-01T14:21:56+00:00\",\"breadcrumb\":{\"@id\":\"https:\/\/www.ggfinishing.com\/yuzey-islem-uygulamalari\/shot-peening-bilyali-dovme\/#breadcrumb\"},\"inLanguage\":\"de\",\"potentialAction\":[{\"@type\":\"ReadAction\",\"target\":[\"https:\/\/www.ggfinishing.com\/yuzey-islem-uygulamalari\/shot-peening-bilyali-dovme\/\"]}]},{\"@type\":\"ImageObject\",\"inLanguage\":\"de\",\"@id\":\"https:\/\/www.ggfinishing.com\/yuzey-islem-uygulamalari\/shot-peening-bilyali-dovme\/#primaryimage\",\"url\":\"https:\/\/www.ggfinishing.com\/wp-content\/uploads\/2023\/04\/Shotpeening-Bilyali-Dovme-1.jpg\",\"contentUrl\":\"https:\/\/www.ggfinishing.com\/wp-content\/uploads\/2023\/04\/Shotpeening-Bilyali-Dovme-1.jpg\",\"width\":500,\"height\":500},{\"@type\":\"BreadcrumbList\",\"@id\":\"https:\/\/www.ggfinishing.com\/yuzey-islem-uygulamalari\/shot-peening-bilyali-dovme\/#breadcrumb\",\"itemListElement\":[{\"@type\":\"ListItem\",\"position\":1,\"name\":\"Home\",\"item\":\"https:\/\/www.ggfinishing.com\/\"},{\"@type\":\"ListItem\",\"position\":2,\"name\":\"Y\u00fczey \u0130\u015flem Uygulamalar\u0131\",\"item\":\"https:\/\/www.ggfinishing.com\/yuzey-islem-uygulamalari\/\"},{\"@type\":\"ListItem\",\"position\":3,\"name\":\"Shot Peening (Bilyal\u0131 D\u00f6vme)\"}]},{\"@type\":\"WebSite\",\"@id\":\"https:\/\/www.ggfinishing.com\/#website\",\"url\":\"https:\/\/www.ggfinishing.com\/\",\"name\":\"GG Finishing\",\"description\":\"EQUIPMENTS \u2022 CONSUMABLES \u2022 SURFACE PREPERATION\",\"potentialAction\":[{\"@type\":\"SearchAction\",\"target\":{\"@type\":\"EntryPoint\",\"urlTemplate\":\"https:\/\/www.ggfinishing.com\/?s={search_term_string}\"},\"query-input\":{\"@type\":\"PropertyValueSpecification\",\"valueRequired\":true,\"valueName\":\"search_term_string\"}}],\"inLanguage\":\"de\"}]}<\/script>\n<!-- \/ Yoast SEO plugin. -->","yoast_head_json":{"title":"Shot Peening (Bilyal\u0131 D\u00f6vme) - GG Finishing","robots":{"index":"index","follow":"follow","max-snippet":"max-snippet:-1","max-image-preview":"max-image-preview:large","max-video-preview":"max-video-preview:-1"},"canonical":"https:\/\/www.ggfinishing.com\/de\/yuzey-islem-uygulamalari\/shot-peening-bilyali-dovme\/","og_locale":"de_DE","og_type":"article","og_title":"Shot Peening (Bilyal\u0131 D\u00f6vme) - GG Finishing","og_description":"Di\u011fer Hizmetlerimiz Vibrasyon Y\u00fczey \u0130\u015flem \u00c7apak Alma\/Parlatma Kumlama Metalizasyon (Termal Sprey) Boyama Shot Peening (Bilyal\u0131 D\u00f6vme) Detayl\u0131 bilgi i\u00e7in Shot Peening &#8211; Bilyal\u0131 D\u00f6vme Nas\u0131l \u00c7al\u0131\u015f\u0131r? End\u00fcstride kullan\u0131lan bir\u00e7ok malzeme \u00fczerinde az da olsa gerilim mevcuttur fakat baz\u0131 malzemeler \u00e7ok daha y\u00fcksek stres alt\u0131nda \u00e7al\u0131\u015fmaktad\u0131r. Ve k\u0131sa s\u00fcrede deformasyona u\u011frayabilmektedirler. Baz\u0131 i\u015flemler ile bu malzemelerin [&hellip;]","og_url":"https:\/\/www.ggfinishing.com\/de\/yuzey-islem-uygulamalari\/shot-peening-bilyali-dovme\/","og_site_name":"GG Finishing","article_modified_time":"2023-04-01T14:21:56+00:00","og_image":[{"width":500,"height":500,"url":"https:\/\/www.ggfinishing.com\/wp-content\/uploads\/2023\/04\/Shotpeening-Bilyali-Dovme-1.jpg","type":"image\/jpeg"}],"twitter_card":"summary_large_image","twitter_misc":{"Gesch\u00e4tzte Lesezeit":"2\u00a0Minuten"},"schema":{"@context":"https:\/\/schema.org","@graph":[{"@type":"WebPage","@id":"https:\/\/www.ggfinishing.com\/yuzey-islem-uygulamalari\/shot-peening-bilyali-dovme\/","url":"https:\/\/www.ggfinishing.com\/yuzey-islem-uygulamalari\/shot-peening-bilyali-dovme\/","name":"Shot Peening (Bilyal\u0131 D\u00f6vme) - GG Finishing","isPartOf":{"@id":"https:\/\/www.ggfinishing.com\/#website"},"primaryImageOfPage":{"@id":"https:\/\/www.ggfinishing.com\/yuzey-islem-uygulamalari\/shot-peening-bilyali-dovme\/#primaryimage"},"image":{"@id":"https:\/\/www.ggfinishing.com\/yuzey-islem-uygulamalari\/shot-peening-bilyali-dovme\/#primaryimage"},"thumbnailUrl":"https:\/\/www.ggfinishing.com\/wp-content\/uploads\/2023\/04\/Shotpeening-Bilyali-Dovme-1.jpg","datePublished":"2021-01-13T08:26:41+00:00","dateModified":"2023-04-01T14:21:56+00:00","breadcrumb":{"@id":"https:\/\/www.ggfinishing.com\/yuzey-islem-uygulamalari\/shot-peening-bilyali-dovme\/#breadcrumb"},"inLanguage":"de","potentialAction":[{"@type":"ReadAction","target":["https:\/\/www.ggfinishing.com\/yuzey-islem-uygulamalari\/shot-peening-bilyali-dovme\/"]}]},{"@type":"ImageObject","inLanguage":"de","@id":"https:\/\/www.ggfinishing.com\/yuzey-islem-uygulamalari\/shot-peening-bilyali-dovme\/#primaryimage","url":"https:\/\/www.ggfinishing.com\/wp-content\/uploads\/2023\/04\/Shotpeening-Bilyali-Dovme-1.jpg","contentUrl":"https:\/\/www.ggfinishing.com\/wp-content\/uploads\/2023\/04\/Shotpeening-Bilyali-Dovme-1.jpg","width":500,"height":500},{"@type":"BreadcrumbList","@id":"https:\/\/www.ggfinishing.com\/yuzey-islem-uygulamalari\/shot-peening-bilyali-dovme\/#breadcrumb","itemListElement":[{"@type":"ListItem","position":1,"name":"Home","item":"https:\/\/www.ggfinishing.com\/"},{"@type":"ListItem","position":2,"name":"Y\u00fczey \u0130\u015flem Uygulamalar\u0131","item":"https:\/\/www.ggfinishing.com\/yuzey-islem-uygulamalari\/"},{"@type":"ListItem","position":3,"name":"Shot Peening (Bilyal\u0131 D\u00f6vme)"}]},{"@type":"WebSite","@id":"https:\/\/www.ggfinishing.com\/#website","url":"https:\/\/www.ggfinishing.com\/","name":"GG Finishing","description":"EQUIPMENTS \u2022 CONSUMABLES \u2022 SURFACE PREPERATION","potentialAction":[{"@type":"SearchAction","target":{"@type":"EntryPoint","urlTemplate":"https:\/\/www.ggfinishing.com\/?s={search_term_string}"},"query-input":{"@type":"PropertyValueSpecification","valueRequired":true,"valueName":"search_term_string"}}],"inLanguage":"de"}]}},"_links":{"self":[{"href":"https:\/\/www.ggfinishing.com\/de\/wp-json\/wp\/v2\/pages\/1903","targetHints":{"allow":["GET"]}}],"collection":[{"href":"https:\/\/www.ggfinishing.com\/de\/wp-json\/wp\/v2\/pages"}],"about":[{"href":"https:\/\/www.ggfinishing.com\/de\/wp-json\/wp\/v2\/types\/page"}],"author":[{"embeddable":true,"href":"https:\/\/www.ggfinishing.com\/de\/wp-json\/wp\/v2\/users\/1"}],"replies":[{"embeddable":true,"href":"https:\/\/www.ggfinishing.com\/de\/wp-json\/wp\/v2\/comments?post=1903"}],"version-history":[{"count":23,"href":"https:\/\/www.ggfinishing.com\/de\/wp-json\/wp\/v2\/pages\/1903\/revisions"}],"predecessor-version":[{"id":11575,"href":"https:\/\/www.ggfinishing.com\/de\/wp-json\/wp\/v2\/pages\/1903\/revisions\/11575"}],"up":[{"embeddable":true,"href":"https:\/\/www.ggfinishing.com\/de\/wp-json\/wp\/v2\/pages\/10468"}],"wp:featuredmedia":[{"embeddable":true,"href":"https:\/\/www.ggfinishing.com\/de\/wp-json\/wp\/v2\/media\/11451"}],"wp:attachment":[{"href":"https:\/\/www.ggfinishing.com\/de\/wp-json\/wp\/v2\/media?parent=1903"}],"curies":[{"name":"wp","href":"https:\/\/api.w.org\/{rel}","templated":true}]}}