{"id":2508,"date":"2022-04-15T09:28:28","date_gmt":"2022-04-15T09:28:28","guid":{"rendered":"http:\/\/ggfinishing.com\/?page_id=2508"},"modified":"2023-04-03T12:47:56","modified_gmt":"2023-04-03T09:47:56","slug":"plastik-taslar","status":"publish","type":"page","link":"https:\/\/www.ggfinishing.com\/de\/urunler\/vibrasyon-sarf-malzemeleri\/plastik-taslar\/","title":{"rendered":"Plastik Ta\u015flar"},"content":{"rendered":"<div data-elementor-type=\"wp-page\" data-elementor-id=\"2508\" class=\"elementor elementor-2508\" data-elementor-post-type=\"page\">\n\t\t\t\t\t\t<section class=\"elementor-section elementor-top-section elementor-element elementor-element-52d17194 elementor-reverse-mobile elementor-section-boxed elementor-section-height-default elementor-section-height-default\" data-id=\"52d17194\" data-element_type=\"section\">\n\t\t\t\t\t\t<div class=\"elementor-container elementor-column-gap-default\">\n\t\t\t\t\t<div class=\"lqd-css-sticky-column elementor-column elementor-col-50 elementor-top-column elementor-element elementor-element-3919a67d\" style=\"--lqd-sticky-offset:30px\" data-id=\"3919a67d\" data-element_type=\"column\">\n\t\t\t<div class=\"elementor-widget-wrap elementor-element-populated\">\n\t\t\t\t\t\t<div class=\"elementor-element elementor-element-16121c7d elementor-widget elementor-widget-ld_custom_menu\" data-id=\"16121c7d\" data-element_type=\"widget\" data-widget_type=\"ld_custom_menu.default\">\n\t\t\t\t<div class=\"elementor-widget-container\">\n\t\t\t\t\t\n\t\t\t<div  \n\t\t\t\tclass=\"lqd-fancy-menu lqd-custom-menu pos-rel menu-items-has-fill lqd-menu-td-none lqd-custom-menu-mobile-collapsible\"\n\t\t\t\t\t\t\t>\n\t\t\t\t\t\t<span class=\"lqd-custom-menu-dropdown-btn d-flex align-items-center\" data-target=\"#16121c7d\" data-toggle=\"collapse\" data-ld-toggle=\"true\" data-toggle-options='{ \"closeOnOutsideClick\": {\"ifNotIn\": \"#lqd-site-content\"} }'>\n\n\t\t\t\t\t\t\t\t\n\t\t\t\t\t\t\t\t\t<span class=\"toggle-label\">\n\t\t\t\t\t\t\t\t\t\t\t\t\tDi\u011fer Hizmetlerimiz\t\t\t\t\t\t\t\t\t\t\t<\/span>\n\t\t\t\t\n\t\t\t\t<span class=\"expander-icon ms-auto d-inline-flex\">\n\t\t\t\t\t<i class=\"lqd-icn-ess icon-ion-ios-arrow-down\"><\/i>\n\t\t\t\t<\/span>\n\t\t\t<\/span>\n\t\t\t\n\t\t\t\t\t\t<ul id=\"16121c7d\" class=\"reset-ul\" itemtype=\"http:\/\/schema.org\/SiteNavigationElement\" itemscope=\"itemscope\"><li id=\"menu-item-10598\" class=\"menu-item menu-item-type-post_type menu-item-object-page menu-item-10598\"><a href=\"https:\/\/www.ggfinishing.com\/de\/urunler\/vibrasyon-sarf-malzemeleri\/seramik-taslar\/\">Seramik Ta\u015flar<\/a><\/li>\n<li id=\"menu-item-10599\" class=\"menu-item menu-item-type-post_type menu-item-object-page menu-item-10599\"><a href=\"https:\/\/www.ggfinishing.com\/de\/urunler\/vibrasyon-sarf-malzemeleri\/porselen-taslar\/\">Porselen Ta\u015flar<\/a><\/li>\n<li id=\"menu-item-10600\" class=\"menu-item menu-item-type-post_type menu-item-object-page menu-item-10600\"><a href=\"https:\/\/www.ggfinishing.com\/de\/urunler\/vibrasyon-sarf-malzemeleri\/plastik-taslar\/\">Plastik Ta\u015flar<\/a><\/li>\n<li id=\"menu-item-10601\" class=\"menu-item menu-item-type-post_type menu-item-object-page menu-item-10601\"><a href=\"https:\/\/www.ggfinishing.com\/de\/urunler\/vibrasyon-sarf-malzemeleri\/ureyik-taslar\/\">\u00dcreyik Ta\u015flar<\/a><\/li>\n<li id=\"menu-item-10602\" class=\"menu-item menu-item-type-post_type menu-item-object-page menu-item-10602\"><a href=\"https:\/\/www.ggfinishing.com\/de\/urunler\/vibrasyon-sarf-malzemeleri\/kurutma-granulleri\/\">Kurutma Gran\u00fclleri<\/a><\/li>\n<li id=\"menu-item-10603\" class=\"menu-item menu-item-type-post_type menu-item-object-page menu-item-10603\"><a href=\"https:\/\/www.ggfinishing.com\/de\/urunler\/vibrasyon-sarf-malzemeleri\/yuzey-islem-sivilari\/\">Y\u00fczey \u0130\u015flem S\u0131v\u0131lar\u0131<\/a><\/li>\n<li id=\"menu-item-10604\" class=\"menu-item menu-item-type-custom menu-item-object-custom menu-item-10604\"><a href=\"https:\/\/www.alfatechnic.com.tr\">Kumlama Tesisleri ve Ekipmanlar\u0131<\/a><\/li>\n<li id=\"menu-item-10605\" class=\"menu-item menu-item-type-custom menu-item-object-custom menu-item-10605\"><a href=\"https:\/\/kayakocvib.com\">Vibrasyon Makinalar\u0131<\/a><\/li>\n<\/ul>\t\t\t\t\t\t\t\t\t<\/div>\n\t\t\t\t\t\t<\/div>\n\t\t\t\t<\/div>\n\t\t\t\t<section class=\"elementor-section elementor-inner-section elementor-element elementor-element-75edc73a elementor-section-boxed elementor-section-height-default elementor-section-height-default\" data-id=\"75edc73a\" data-element_type=\"section\">\n\t\t\t\t\t\t<div class=\"elementor-container elementor-column-gap-default\">\n\t\t\t\t\t<div class=\"elementor-column elementor-col-100 elementor-inner-column elementor-element elementor-element-776b4532\" data-id=\"776b4532\" data-element_type=\"column\" data-settings=\"{&quot;background_background&quot;:&quot;classic&quot;}\">\n\t\t\t<div class=\"elementor-widget-wrap elementor-element-populated\">\n\t\t\t\t\t\t<div class=\"elementor-element elementor-element-212d9bab elementor-widget elementor-widget-hub_fancy_heading\" data-id=\"212d9bab\" data-element_type=\"widget\" data-widget_type=\"hub_fancy_heading.default\">\n\t\t\t\t<div class=\"elementor-widget-container\">\n\t\t\t\t\t\n\t\t<div id=\"ld-fancy-heading-69e4b7a1dd68b\" class=\"ld-fancy-heading pos-rel\">\n\t\t\t<h3 class=\"ld-fh-element d-inline-block pos-rel  elementor-heading-title lqd-highlight-classic lqd-highlight-grow-left h3\"  > Detayl\u0131 bilgi i\u00e7in<\/h3>\t\t<\/div>\n\n\t\t\t\t\t\t<\/div>\n\t\t\t\t<\/div>\n\t\t\t\t<div class=\"elementor-element elementor-element-7aac7a9 elementor-widget elementor-widget-ld_cf722\" data-id=\"7aac7a9\" data-element_type=\"widget\" data-widget_type=\"ld_cf722.default\">\n\t\t\t\t<div class=\"elementor-widget-container\">\n\t\t\t\t\t\n\t<div class=\"lqd-contact-form lqd-contact-form-inputs-filled  lqd-contact-form-inputs-round lqd-contact-form-button-block\">\n\t\t\n<div class=\"wpcf7 no-js\" id=\"wpcf7-f10285-o1\" lang=\"en-US\" dir=\"ltr\" data-wpcf7-id=\"10285\">\n<div class=\"screen-reader-response\"><p role=\"status\" aria-live=\"polite\" aria-atomic=\"true\"><\/p> <ul><\/ul><\/div>\n<form action=\"\/de\/wp-json\/wp\/v2\/pages\/2508#wpcf7-f10285-o1\" method=\"post\" class=\"wpcf7-form init\" aria-label=\"Contact form\" novalidate=\"novalidate\" data-status=\"init\" data-trp-original-action=\"\/de\/wp-json\/wp\/v2\/pages\/2508#wpcf7-f10285-o1\">\n<fieldset class=\"hidden-fields-container\"><input type=\"hidden\" name=\"_wpcf7\" value=\"10285\" \/><input type=\"hidden\" name=\"_wpcf7_version\" value=\"6.1.1\" \/><input type=\"hidden\" name=\"_wpcf7_locale\" value=\"en_US\" \/><input type=\"hidden\" name=\"_wpcf7_unit_tag\" value=\"wpcf7-f10285-o1\" \/><input type=\"hidden\" name=\"_wpcf7_container_post\" value=\"0\" \/><input type=\"hidden\" name=\"_wpcf7_posted_data_hash\" value=\"\" \/><input type=\"hidden\" name=\"_wpcf7_recaptcha_response\" value=\"\" \/>\n<\/fieldset>\n<p><span class=\"wpcf7-form-control-wrap\" data-name=\"text-775\"><input size=\"40\" maxlength=\"400\" class=\"wpcf7-form-control wpcf7-text wpcf7-validates-as-required\" aria-required=\"true\" aria-invalid=\"false\" placeholder=\"Ad\u0131n\u0131z\" value=\"\" type=\"text\" name=\"text-775\" \/><\/span><span class=\"wpcf7-form-control-wrap\" data-name=\"email-550\"><input size=\"40\" maxlength=\"400\" class=\"wpcf7-form-control wpcf7-email wpcf7-validates-as-required wpcf7-text wpcf7-validates-as-email\" aria-required=\"true\" aria-invalid=\"false\" placeholder=\"E-Posta Adresiniz\" value=\"\" type=\"email\" name=\"email-550\" \/><\/span><span class=\"wpcf7-form-control-wrap\" data-name=\"textarea-138\"><textarea cols=\"10\" rows=\"4\" maxlength=\"2000\" class=\"wpcf7-form-control wpcf7-textarea wpcf7-validates-as-required\" aria-required=\"true\" aria-invalid=\"false\" placeholder=\"Mesaj\u0131n\u0131z\" name=\"textarea-138\"><\/textarea><\/span>\n<input class=\"wpcf7-form-control wpcf7-submit has-spinner\" type=\"submit\" value=\"G\u00f6nder\" \/>\n<\/p><div class=\"wpcf7-response-output\" aria-hidden=\"true\"><\/div>\n<input type=\"hidden\" name=\"trp-form-language\" value=\"de\"\/><\/form>\n<\/div>\n\t<\/div>\n\n\t\t\t\t\t<\/div>\n\t\t\t\t<\/div>\n\t\t\t\t\t<\/div>\n\t\t<\/div>\n\t\t\t\t\t<\/div>\n\t\t<\/section>\n\t\t\t\t\t<\/div>\n\t\t<\/div>\n\t\t\t\t<div class=\"elementor-column elementor-col-50 elementor-top-column elementor-element elementor-element-3f3e1e82\" data-id=\"3f3e1e82\" data-element_type=\"column\">\n\t\t\t<div class=\"elementor-widget-wrap elementor-element-populated\">\n\t\t\t\t\t\t<div class=\"elementor-element elementor-element-7947a972 elementor-widget elementor-widget-ld_content_box\" data-id=\"7947a972\" data-element_type=\"widget\" data-widget_type=\"ld_content_box.default\">\n\t\t\t\t<div class=\"elementor-widget-container\">\n\t\t\t\t\t \n\n\t\t<div class=\"lqd-fb pos-rel lqd-fb-style-1 lqd-fb-style-1-3 lqd-fb-content-overlay lqd-fb-zoom-img-onhover border-radius-4 overflow-hidden h-pt-60\" data-inview=\"true\">\n\t\t\t\t\t<div class=\"lqd-fb-inner lqd-overlay\">\n\n\t\t\t\t<div class=\"lqd-fb-img lqd-overlay overflow-hidden\">\n\n\t\t\t\t\t<figure class=\"w-100 h-100\">\n\t\t\t\t\t\t<img decoding=\"async\" class=\"w-100 h-100 objfit-cover objpos-center\" src=\"https:\/\/www.ggfinishing.com\/wp-content\/uploads\/2023\/04\/Vibrasyon-Sarf-Malzemeleri-Plastik-Tas.jpeg\">\t\t\t\t\t<\/figure>\n\n\t\t\t\t<\/div>\n\n\t\t\t\t<div class=\"lqd-fb-content lqd-overlay d-flex align-items-end\">\n\t\t\t\t\t<div class=\"lqd-fb-bg lqd-overlay\"><\/div>\n\t\t\t\t\t<div class=\"lqd-fb-hover-overlay lqd-overlay\"><\/div>\n\t\t\t\t\t<div class=\"lqd-fb-content-inner d-flex flex-column justify-content-between pos-rel h-100 w-100 p-4\">\n\t\t\t\t\t\t\n\t\t\t\t\t\t\t\t\t\t\t\t<div class=\"lqd-fb-content-top\">\n\t\t\t\t\t\t\t<h6 class=\"mt-0 mb-0\">Vibrasyon Sarf Malzemeleri<\/h6>\n\t\t\t\t\t\t<\/div>\n\t\t\t\t\t\t\t\t\t\t\t\t\n\t\t\t\t\t\t<div class=\"lqd-fb-content-bottom\">\n\t\t\t\t\t\t\t\n\t\t\t\t\t\t\t<h2 class=\"lqd-fb__title mt-0 mb-2\">Plastik Ta\u015flar<\/h2>\t\t\t\t\t\t\t\n\t\t\t\t\t\t\t\n\t\t\t\t\t\t<\/div>\n\n\t\t\t\t\t\t\t\t\t\t\t\t\n\t\t\t\t\t<\/div>\n\t\t\t\t<\/div>\n\n\t\t\t\t<\/div>\n\t\t\t \n\t\t<\/div>\n\t\t\t\t\t\t<\/div>\n\t\t\t\t<\/div>\n\t\t\t\t<div class=\"elementor-element elementor-element-30bd75ee elementor-widget elementor-widget-hub_fancy_heading\" data-id=\"30bd75ee\" data-element_type=\"widget\" data-widget_type=\"hub_fancy_heading.default\">\n\t\t\t\t<div class=\"elementor-widget-container\">\n\t\t\t\t\t\n\t\t<div id=\"ld-fancy-heading-69e4b7a1f350c\" class=\"ld-fancy-heading pos-rel\">\n\t\t\t<h3 class=\"ld-fh-element d-inline-block pos-rel  elementor-heading-title lqd-highlight-classic lqd-highlight-grow-left h3\"  > Nerede kullan\u0131l\u0131r?<\/h3>\t\t<\/div>\n\n\t\t\t\t\t\t<\/div>\n\t\t\t\t<\/div>\n\t\t\t\t<div class=\"elementor-element elementor-element-6679b7cc elementor-widget elementor-widget-hub_fancy_heading\" data-id=\"6679b7cc\" data-element_type=\"widget\" data-widget_type=\"hub_fancy_heading.default\">\n\t\t\t\t<div class=\"elementor-widget-container\">\n\t\t\t\t\t\n\t\t<div id=\"ld-fancy-heading-69e4b7a1f37dc\" class=\"ld-fancy-heading pos-rel\">\n\t\t\t<p class=\"ld-fh-element d-inline-block pos-rel  lqd-highlight-classic lqd-highlight-grow-left p\"  > Demir d\u0131\u015f\u0131 metallerde (bak\u0131r, \u00e7inko-nikel ala\u015f\u0131mlar\u0131, bronz, al\u00fcminyum, zamak,), kompozit ve plastik malzemelerde keskin k\u00f6\u015felerin a\u015f\u0131nd\u0131r\u0131lmas\u0131nda plastik ta\u015f kullan\u0131lmaktad\u0131r. Plastik ta\u015flar\u0131m\u0131z d\u00fc\u015f\u00fck-orta-y\u00fcksek olarak s\u0131n\u0131fland\u0131r\u0131l\u0131r ve kodlan\u0131r. Maksimum a\u015f\u0131nd\u0131rma-\u00f6\u011f\u00fctme oran\u0131na sahiptirler. Uzun \u00f6m\u00fcrl\u00fc yap\u0131s\u0131 sayesinde ekonomik bir avantaj sa\u011flarlar. Plastik cipslerimiz istenilen y\u00fczey kalitesine g\u00f6re \u00e7e\u015fitli kompozisyonlarda haz\u0131rlanabilmektedir. Plastik ta\u015flar\u0131m\u0131z, y\u00fczeyi a\u015f\u0131nd\u0131rma i\u015flemi ile parlatmaya haz\u0131r hale getirir ve parlatma s\u00fcrecini k\u0131salt\u0131r. Kulland\u0131\u011f\u0131m\u0131z t\u00fcm hammaddeler Avrupa standartlar\u0131na uygundur. Tam otomatik standart \u00fcretimimiz mevcuttur. Liste d\u0131\u015f\u0131 olan \u00e7e\u015fitli geometrik ta\u015f boyutlar\u0131 i\u00e7in l\u00fctfen bizimle ileti\u015fime ge\u00e7iniz. Ta\u015flar\u0131m\u0131z metal y\u00fczeylerde tortu b\u0131rakmaz. \u0130htiya\u00e7lar\u0131n\u0131za g\u00f6re \u00f6zel \u00fcr\u00fcnler yapabiliriz. Makine \u00e7\u0131k\u0131\u015f suyunda % 1-1,5 kat\u0131 partik\u00fcl i\u00e7erebilir. Ar\u0131tma \u00fcnitesi bulunan sistemler i\u00e7in uygundur.<\/p>\t\t<\/div>\n\n\t\t\t\t\t\t<\/div>\n\t\t\t\t<\/div>\n\t\t\t\t<div class=\"elementor-element elementor-element-240bfcd1 elementor-widget-divider--view-line elementor-widget elementor-widget-divider\" data-id=\"240bfcd1\" data-element_type=\"widget\" data-widget_type=\"divider.default\">\n\t\t\t\t<div class=\"elementor-widget-container\">\n\t\t\t\t\t\t\t<div class=\"elementor-divider\">\n\t\t\t<span class=\"elementor-divider-separator\">\n\t\t\t\t\t\t<\/span>\n\t\t<\/div>\n\t\t\t\t\t\t<\/div>\n\t\t\t\t<\/div>\n\t\t\t\t<div class=\"elementor-element elementor-element-22ac1203 elementor-widget elementor-widget-hub_fancy_heading\" data-id=\"22ac1203\" data-element_type=\"widget\" data-widget_type=\"hub_fancy_heading.default\">\n\t\t\t\t<div class=\"elementor-widget-container\">\n\t\t\t\t\t\n\t\t<div id=\"ld-fancy-heading-69e4b7a2004c7\" class=\"ld-fancy-heading pos-rel\">\n\t\t\t<h3 class=\"ld-fh-element d-inline-block pos-rel  elementor-heading-title lqd-highlight-classic lqd-highlight-grow-left h3\"  > \u00dcr\u00fcn Detaylar\u0131<\/h3>\t\t<\/div>\n\n\t\t\t\t\t\t<\/div>\n\t\t\t\t<\/div>\n\t\t\t\t<div class=\"elementor-element elementor-element-71638ad7 elementor-widget elementor-widget-image\" data-id=\"71638ad7\" data-element_type=\"widget\" data-widget_type=\"image.default\">\n\t\t\t\t<div class=\"elementor-widget-container\">\n\t\t\t\t\t\t\t\t\t\t\t\t\t\t\t\t<a href=\"https:\/\/www.ggfinishing.com\/wp-content\/uploads\/2023\/03\/Plastik-Taslar-Urun-Detaylari.jpg\" data-elementor-open-lightbox=\"yes\" data-elementor-lightbox-title=\"Plastik Tas\u0327lar - U\u0308ru\u0308n Detaylar\u0131\" data-e-action-hash=\"#elementor-action%3Aaction%3Dlightbox%26settings%3DeyJpZCI6MTA5MzMsInVybCI6Imh0dHBzOlwvXC93d3cuZ2dmaW5pc2hpbmcuY29tXC93cC1jb250ZW50XC91cGxvYWRzXC8yMDIzXC8wM1wvUGxhc3Rpay1UYXNsYXItVXJ1bi1EZXRheWxhcmkuanBnIn0%3D\">\n\t\t\t\t\t\t\t<img fetchpriority=\"high\" decoding=\"async\" width=\"990\" height=\"435\" src=\"https:\/\/www.ggfinishing.com\/wp-content\/uploads\/2023\/03\/Plastik-Taslar-Urun-Detaylari.jpg\" class=\"attachment-full size-full wp-image-10933\" alt=\"\" srcset=\"https:\/\/www.ggfinishing.com\/wp-content\/uploads\/2023\/03\/Plastik-Taslar-Urun-Detaylari.jpg 990w, https:\/\/www.ggfinishing.com\/wp-content\/uploads\/2023\/03\/Plastik-Taslar-Urun-Detaylari-300x132.jpg 300w, https:\/\/www.ggfinishing.com\/wp-content\/uploads\/2023\/03\/Plastik-Taslar-Urun-Detaylari-18x8.jpg 18w\" sizes=\"(max-width: 990px) 100vw, 990px\" \/>\t\t\t\t\t\t\t\t<\/a>\n\t\t\t\t\t\t\t\t\t\t\t\t\t\t\t<\/div>\n\t\t\t\t<\/div>\n\t\t\t\t<div class=\"elementor-element elementor-element-2f787c94 elementor-widget-divider--view-line elementor-widget elementor-widget-divider\" data-id=\"2f787c94\" data-element_type=\"widget\" data-widget_type=\"divider.default\">\n\t\t\t\t<div class=\"elementor-widget-container\">\n\t\t\t\t\t\t\t<div class=\"elementor-divider\">\n\t\t\t<span class=\"elementor-divider-separator\">\n\t\t\t\t\t\t<\/span>\n\t\t<\/div>\n\t\t\t\t\t\t<\/div>\n\t\t\t\t<\/div>\n\t\t\t\t\t<\/div>\n\t\t<\/div>\n\t\t\t\t\t<\/div>\n\t\t<\/section>\n\t\t\t\t<\/div>","protected":false},"excerpt":{"rendered":"<p>Di\u011fer Hizmetlerimiz Seramik Ta\u015flar Porselen Ta\u015flar Plastik Ta\u015flar \u00dcreyik Ta\u015flar Kurutma Gran\u00fclleri Y\u00fczey \u0130\u015flem S\u0131v\u0131lar\u0131 Kumlama Tesisleri ve Ekipmanlar\u0131 Vibrasyon Makinalar\u0131 Detayl\u0131 bilgi i\u00e7in Vibrasyon Sarf Malzemeleri Plastik Ta\u015flar Nerede kullan\u0131l\u0131r? Demir d\u0131\u015f\u0131 metallerde (bak\u0131r, \u00e7inko-nikel ala\u015f\u0131mlar\u0131, bronz, al\u00fcminyum, zamak,), kompozit ve plastik malzemelerde keskin k\u00f6\u015felerin a\u015f\u0131nd\u0131r\u0131lmas\u0131nda plastik ta\u015f kullan\u0131lmaktad\u0131r. Plastik ta\u015flar\u0131m\u0131z d\u00fc\u015f\u00fck-orta-y\u00fcksek olarak s\u0131n\u0131fland\u0131r\u0131l\u0131r [&hellip;]<\/p>","protected":false},"author":1,"featured_media":11658,"parent":10445,"menu_order":0,"comment_status":"closed","ping_status":"closed","template":"","meta":{"footnotes":""},"class_list":["post-2508","page","type-page","status-publish","has-post-thumbnail","hentry"],"yoast_head":"<!-- This site is optimized with the Yoast SEO plugin v25.9 - https:\/\/yoast.com\/wordpress\/plugins\/seo\/ -->\n<title>Plastik Ta\u015flar - GG Finishing<\/title>\n<meta name=\"robots\" content=\"index, follow, max-snippet:-1, max-image-preview:large, max-video-preview:-1\" \/>\n<link rel=\"canonical\" href=\"https:\/\/www.ggfinishing.com\/de\/urunler\/vibrasyon-sarf-malzemeleri\/plastik-taslar\/\" \/>\n<meta property=\"og:locale\" content=\"de_DE\" \/>\n<meta property=\"og:type\" content=\"article\" \/>\n<meta property=\"og:title\" content=\"Plastik Ta\u015flar - GG Finishing\" \/>\n<meta property=\"og:description\" content=\"Di\u011fer Hizmetlerimiz Seramik Ta\u015flar Porselen Ta\u015flar Plastik Ta\u015flar \u00dcreyik Ta\u015flar Kurutma Gran\u00fclleri Y\u00fczey \u0130\u015flem S\u0131v\u0131lar\u0131 Kumlama Tesisleri ve Ekipmanlar\u0131 Vibrasyon Makinalar\u0131 Detayl\u0131 bilgi i\u00e7in Vibrasyon Sarf Malzemeleri Plastik Ta\u015flar Nerede kullan\u0131l\u0131r? Demir d\u0131\u015f\u0131 metallerde (bak\u0131r, \u00e7inko-nikel ala\u015f\u0131mlar\u0131, bronz, al\u00fcminyum, zamak,), kompozit ve plastik malzemelerde keskin k\u00f6\u015felerin a\u015f\u0131nd\u0131r\u0131lmas\u0131nda plastik ta\u015f kullan\u0131lmaktad\u0131r. Plastik ta\u015flar\u0131m\u0131z d\u00fc\u015f\u00fck-orta-y\u00fcksek olarak s\u0131n\u0131fland\u0131r\u0131l\u0131r [&hellip;]\" \/>\n<meta property=\"og:url\" content=\"https:\/\/www.ggfinishing.com\/de\/urunler\/vibrasyon-sarf-malzemeleri\/plastik-taslar\/\" \/>\n<meta property=\"og:site_name\" content=\"GG Finishing\" \/>\n<meta property=\"article:modified_time\" content=\"2023-04-03T09:47:56+00:00\" \/>\n<meta property=\"og:image\" content=\"https:\/\/www.ggfinishing.com\/wp-content\/uploads\/2023\/04\/Vibrasyon-Sarf-Malzemeleri-Plastik-Tas.jpeg\" \/>\n\t<meta property=\"og:image:width\" content=\"1220\" \/>\n\t<meta property=\"og:image:height\" content=\"854\" \/>\n\t<meta property=\"og:image:type\" content=\"image\/jpeg\" \/>\n<meta name=\"twitter:card\" content=\"summary_large_image\" \/>\n<meta name=\"twitter:label1\" content=\"Gesch\u00e4tzte Lesezeit\" \/>\n\t<meta name=\"twitter:data1\" content=\"2\u00a0Minuten\" \/>\n<script type=\"application\/ld+json\" class=\"yoast-schema-graph\">{\"@context\":\"https:\/\/schema.org\",\"@graph\":[{\"@type\":\"WebPage\",\"@id\":\"https:\/\/www.ggfinishing.com\/urunler\/vibrasyon-sarf-malzemeleri\/plastik-taslar\/\",\"url\":\"https:\/\/www.ggfinishing.com\/urunler\/vibrasyon-sarf-malzemeleri\/plastik-taslar\/\",\"name\":\"Plastik Ta\u015flar - GG Finishing\",\"isPartOf\":{\"@id\":\"https:\/\/www.ggfinishing.com\/#website\"},\"primaryImageOfPage\":{\"@id\":\"https:\/\/www.ggfinishing.com\/urunler\/vibrasyon-sarf-malzemeleri\/plastik-taslar\/#primaryimage\"},\"image\":{\"@id\":\"https:\/\/www.ggfinishing.com\/urunler\/vibrasyon-sarf-malzemeleri\/plastik-taslar\/#primaryimage\"},\"thumbnailUrl\":\"https:\/\/www.ggfinishing.com\/wp-content\/uploads\/2023\/04\/Vibrasyon-Sarf-Malzemeleri-Plastik-Tas.jpeg\",\"datePublished\":\"2022-04-15T09:28:28+00:00\",\"dateModified\":\"2023-04-03T09:47:56+00:00\",\"breadcrumb\":{\"@id\":\"https:\/\/www.ggfinishing.com\/urunler\/vibrasyon-sarf-malzemeleri\/plastik-taslar\/#breadcrumb\"},\"inLanguage\":\"de\",\"potentialAction\":[{\"@type\":\"ReadAction\",\"target\":[\"https:\/\/www.ggfinishing.com\/urunler\/vibrasyon-sarf-malzemeleri\/plastik-taslar\/\"]}]},{\"@type\":\"ImageObject\",\"inLanguage\":\"de\",\"@id\":\"https:\/\/www.ggfinishing.com\/urunler\/vibrasyon-sarf-malzemeleri\/plastik-taslar\/#primaryimage\",\"url\":\"https:\/\/www.ggfinishing.com\/wp-content\/uploads\/2023\/04\/Vibrasyon-Sarf-Malzemeleri-Plastik-Tas.jpeg\",\"contentUrl\":\"https:\/\/www.ggfinishing.com\/wp-content\/uploads\/2023\/04\/Vibrasyon-Sarf-Malzemeleri-Plastik-Tas.jpeg\",\"width\":1220,\"height\":854},{\"@type\":\"BreadcrumbList\",\"@id\":\"https:\/\/www.ggfinishing.com\/urunler\/vibrasyon-sarf-malzemeleri\/plastik-taslar\/#breadcrumb\",\"itemListElement\":[{\"@type\":\"ListItem\",\"position\":1,\"name\":\"Home\",\"item\":\"https:\/\/www.ggfinishing.com\/\"},{\"@type\":\"ListItem\",\"position\":2,\"name\":\"\u00dcr\u00fcnler\",\"item\":\"https:\/\/www.ggfinishing.com\/urunler\/\"},{\"@type\":\"ListItem\",\"position\":3,\"name\":\"Vibrasyon Sarf Malzemeleri\",\"item\":\"https:\/\/www.ggfinishing.com\/urunler\/vibrasyon-sarf-malzemeleri\/\"},{\"@type\":\"ListItem\",\"position\":4,\"name\":\"Plastik Ta\u015flar\"}]},{\"@type\":\"WebSite\",\"@id\":\"https:\/\/www.ggfinishing.com\/#website\",\"url\":\"https:\/\/www.ggfinishing.com\/\",\"name\":\"GG Finishing\",\"description\":\"EQUIPMENTS \u2022 CONSUMABLES \u2022 SURFACE PREPERATION\",\"potentialAction\":[{\"@type\":\"SearchAction\",\"target\":{\"@type\":\"EntryPoint\",\"urlTemplate\":\"https:\/\/www.ggfinishing.com\/?s={search_term_string}\"},\"query-input\":{\"@type\":\"PropertyValueSpecification\",\"valueRequired\":true,\"valueName\":\"search_term_string\"}}],\"inLanguage\":\"de\"}]}<\/script>\n<!-- \/ Yoast SEO plugin. -->","yoast_head_json":{"title":"Plastik Ta\u015flar - GG Finishing","robots":{"index":"index","follow":"follow","max-snippet":"max-snippet:-1","max-image-preview":"max-image-preview:large","max-video-preview":"max-video-preview:-1"},"canonical":"https:\/\/www.ggfinishing.com\/de\/urunler\/vibrasyon-sarf-malzemeleri\/plastik-taslar\/","og_locale":"de_DE","og_type":"article","og_title":"Plastik Ta\u015flar - GG Finishing","og_description":"Di\u011fer Hizmetlerimiz Seramik Ta\u015flar Porselen Ta\u015flar Plastik Ta\u015flar \u00dcreyik Ta\u015flar Kurutma Gran\u00fclleri Y\u00fczey \u0130\u015flem S\u0131v\u0131lar\u0131 Kumlama Tesisleri ve Ekipmanlar\u0131 Vibrasyon Makinalar\u0131 Detayl\u0131 bilgi i\u00e7in Vibrasyon Sarf Malzemeleri Plastik Ta\u015flar Nerede kullan\u0131l\u0131r? Demir d\u0131\u015f\u0131 metallerde (bak\u0131r, \u00e7inko-nikel ala\u015f\u0131mlar\u0131, bronz, al\u00fcminyum, zamak,), kompozit ve plastik malzemelerde keskin k\u00f6\u015felerin a\u015f\u0131nd\u0131r\u0131lmas\u0131nda plastik ta\u015f kullan\u0131lmaktad\u0131r. Plastik ta\u015flar\u0131m\u0131z d\u00fc\u015f\u00fck-orta-y\u00fcksek olarak s\u0131n\u0131fland\u0131r\u0131l\u0131r [&hellip;]","og_url":"https:\/\/www.ggfinishing.com\/de\/urunler\/vibrasyon-sarf-malzemeleri\/plastik-taslar\/","og_site_name":"GG Finishing","article_modified_time":"2023-04-03T09:47:56+00:00","og_image":[{"width":1220,"height":854,"url":"https:\/\/www.ggfinishing.com\/wp-content\/uploads\/2023\/04\/Vibrasyon-Sarf-Malzemeleri-Plastik-Tas.jpeg","type":"image\/jpeg"}],"twitter_card":"summary_large_image","twitter_misc":{"Gesch\u00e4tzte Lesezeit":"2\u00a0Minuten"},"schema":{"@context":"https:\/\/schema.org","@graph":[{"@type":"WebPage","@id":"https:\/\/www.ggfinishing.com\/urunler\/vibrasyon-sarf-malzemeleri\/plastik-taslar\/","url":"https:\/\/www.ggfinishing.com\/urunler\/vibrasyon-sarf-malzemeleri\/plastik-taslar\/","name":"Plastik Ta\u015flar - GG Finishing","isPartOf":{"@id":"https:\/\/www.ggfinishing.com\/#website"},"primaryImageOfPage":{"@id":"https:\/\/www.ggfinishing.com\/urunler\/vibrasyon-sarf-malzemeleri\/plastik-taslar\/#primaryimage"},"image":{"@id":"https:\/\/www.ggfinishing.com\/urunler\/vibrasyon-sarf-malzemeleri\/plastik-taslar\/#primaryimage"},"thumbnailUrl":"https:\/\/www.ggfinishing.com\/wp-content\/uploads\/2023\/04\/Vibrasyon-Sarf-Malzemeleri-Plastik-Tas.jpeg","datePublished":"2022-04-15T09:28:28+00:00","dateModified":"2023-04-03T09:47:56+00:00","breadcrumb":{"@id":"https:\/\/www.ggfinishing.com\/urunler\/vibrasyon-sarf-malzemeleri\/plastik-taslar\/#breadcrumb"},"inLanguage":"de","potentialAction":[{"@type":"ReadAction","target":["https:\/\/www.ggfinishing.com\/urunler\/vibrasyon-sarf-malzemeleri\/plastik-taslar\/"]}]},{"@type":"ImageObject","inLanguage":"de","@id":"https:\/\/www.ggfinishing.com\/urunler\/vibrasyon-sarf-malzemeleri\/plastik-taslar\/#primaryimage","url":"https:\/\/www.ggfinishing.com\/wp-content\/uploads\/2023\/04\/Vibrasyon-Sarf-Malzemeleri-Plastik-Tas.jpeg","contentUrl":"https:\/\/www.ggfinishing.com\/wp-content\/uploads\/2023\/04\/Vibrasyon-Sarf-Malzemeleri-Plastik-Tas.jpeg","width":1220,"height":854},{"@type":"BreadcrumbList","@id":"https:\/\/www.ggfinishing.com\/urunler\/vibrasyon-sarf-malzemeleri\/plastik-taslar\/#breadcrumb","itemListElement":[{"@type":"ListItem","position":1,"name":"Home","item":"https:\/\/www.ggfinishing.com\/"},{"@type":"ListItem","position":2,"name":"\u00dcr\u00fcnler","item":"https:\/\/www.ggfinishing.com\/urunler\/"},{"@type":"ListItem","position":3,"name":"Vibrasyon Sarf Malzemeleri","item":"https:\/\/www.ggfinishing.com\/urunler\/vibrasyon-sarf-malzemeleri\/"},{"@type":"ListItem","position":4,"name":"Plastik Ta\u015flar"}]},{"@type":"WebSite","@id":"https:\/\/www.ggfinishing.com\/#website","url":"https:\/\/www.ggfinishing.com\/","name":"GG Finishing","description":"EQUIPMENTS \u2022 CONSUMABLES \u2022 SURFACE PREPERATION","potentialAction":[{"@type":"SearchAction","target":{"@type":"EntryPoint","urlTemplate":"https:\/\/www.ggfinishing.com\/?s={search_term_string}"},"query-input":{"@type":"PropertyValueSpecification","valueRequired":true,"valueName":"search_term_string"}}],"inLanguage":"de"}]}},"_links":{"self":[{"href":"https:\/\/www.ggfinishing.com\/de\/wp-json\/wp\/v2\/pages\/2508","targetHints":{"allow":["GET"]}}],"collection":[{"href":"https:\/\/www.ggfinishing.com\/de\/wp-json\/wp\/v2\/pages"}],"about":[{"href":"https:\/\/www.ggfinishing.com\/de\/wp-json\/wp\/v2\/types\/page"}],"author":[{"embeddable":true,"href":"https:\/\/www.ggfinishing.com\/de\/wp-json\/wp\/v2\/users\/1"}],"replies":[{"embeddable":true,"href":"https:\/\/www.ggfinishing.com\/de\/wp-json\/wp\/v2\/comments?post=2508"}],"version-history":[{"count":11,"href":"https:\/\/www.ggfinishing.com\/de\/wp-json\/wp\/v2\/pages\/2508\/revisions"}],"predecessor-version":[{"id":11663,"href":"https:\/\/www.ggfinishing.com\/de\/wp-json\/wp\/v2\/pages\/2508\/revisions\/11663"}],"up":[{"embeddable":true,"href":"https:\/\/www.ggfinishing.com\/de\/wp-json\/wp\/v2\/pages\/10445"}],"wp:featuredmedia":[{"embeddable":true,"href":"https:\/\/www.ggfinishing.com\/de\/wp-json\/wp\/v2\/media\/11658"}],"wp:attachment":[{"href":"https:\/\/www.ggfinishing.com\/de\/wp-json\/wp\/v2\/media?parent=2508"}],"curies":[{"name":"wp","href":"https:\/\/api.w.org\/{rel}","templated":true}]}}