{"id":10445,"date":"2023-03-26T20:26:21","date_gmt":"2023-03-26T20:26:21","guid":{"rendered":"https:\/\/www.ggfinishing.com\/?page_id=10445"},"modified":"2023-03-28T03:49:40","modified_gmt":"2023-03-28T03:49:40","slug":"vibrasyon-sarf-malzemeleri","status":"publish","type":"page","link":"https:\/\/www.ggfinishing.com\/en\/products\/vibration-consumables\/","title":{"rendered":"Vibration Consumables"},"content":{"rendered":"<div data-elementor-type=\"wp-page\" data-elementor-id=\"10445\" class=\"elementor elementor-10445\" data-elementor-post-type=\"page\">\n\t\t\t\t\t\t<section class=\"elementor-section elementor-top-section elementor-element elementor-element-0d5b057 elementor-section-boxed elementor-section-height-default elementor-section-height-default\" data-id=\"0d5b057\" data-element_type=\"section\" data-settings=\"{&quot;background_background&quot;:&quot;classic&quot;}\">\n\t\t\t\t\t\t<div class=\"elementor-container elementor-column-gap-default\">\n\t\t\t\t\t<div class=\"elementor-column elementor-col-100 elementor-top-column elementor-element elementor-element-0e3f234\" data-id=\"0e3f234\" data-element_type=\"column\">\n\t\t\t<div class=\"elementor-widget-wrap elementor-element-populated\">\n\t\t\t\t\t\t<section class=\"elementor-section elementor-inner-section elementor-element elementor-element-3bc84c0 elementor-section-boxed elementor-section-height-default elementor-section-height-default\" data-id=\"3bc84c0\" data-element_type=\"section\">\n\t\t\t\t\t\t<div class=\"elementor-container elementor-column-gap-default\">\n\t\t\t\t\t<div class=\"elementor-column elementor-col-100 elementor-inner-column elementor-element elementor-element-032850a\" data-id=\"032850a\" data-element_type=\"column\">\n\t\t\t<div class=\"elementor-widget-wrap elementor-element-populated\">\n\t\t\t\t\t\t<div class=\"elementor-element elementor-element-cbe5c74 elementor-widget elementor-widget-hub_fancy_heading\" data-id=\"cbe5c74\" data-element_type=\"widget\" data-widget_type=\"hub_fancy_heading.default\">\n\t\t\t\t<div class=\"elementor-widget-container\">\n\t\t\t\t\t\n\t\t<div id=\"ld-fancy-heading-69e4e0e015c9f\" class=\"ld-fancy-heading pos-rel\">\n\t\t\t<h2 class=\"ld-fh-element d-inline-block pos-rel  elementor-heading-title lqd-highlight-classic lqd-highlight-grow-left h2\"  > Vibration Consumables<\/h2>\t\t<\/div>\n\n\t\t\t\t\t\t<\/div>\n\t\t\t\t<\/div>\n\t\t\t\t<div class=\"elementor-element elementor-element-1770ebb elementor-widget elementor-widget-hub_fancy_heading\" data-id=\"1770ebb\" data-element_type=\"widget\" data-widget_type=\"hub_fancy_heading.default\">\n\t\t\t\t<div class=\"elementor-widget-container\">\n\t\t\t\t\t\n\t\t<div id=\"ld-fancy-heading-69e4e0e016098\" class=\"ld-fancy-heading pos-rel\">\n\t\t\t<p class=\"ld-fh-element d-inline-block pos-rel  lqd-highlight-classic lqd-highlight-grow-left p\"  > You can find our products from the list below.<\/p>\t\t<\/div>\n\n\t\t\t\t\t\t<\/div>\n\t\t\t\t<\/div>\n\t\t\t\t\t<\/div>\n\t\t<\/div>\n\t\t\t\t\t<\/div>\n\t\t<\/section>\n\t\t\t\t<div class=\"elementor-element elementor-element-d07e4c2 elementor-posts--align-center elementor-grid-3 elementor-grid-tablet-2 elementor-grid-mobile-1 elementor-posts--thumbnail-top elementor-card-shadow-yes elementor-posts__hover-gradient elementor-widget elementor-widget-posts\" data-id=\"d07e4c2\" data-element_type=\"widget\" data-settings=\"{&quot;cards_columns&quot;:&quot;3&quot;,&quot;cards_columns_tablet&quot;:&quot;2&quot;,&quot;cards_columns_mobile&quot;:&quot;1&quot;,&quot;cards_row_gap&quot;:{&quot;unit&quot;:&quot;px&quot;,&quot;size&quot;:35,&quot;sizes&quot;:[]},&quot;cards_row_gap_tablet&quot;:{&quot;unit&quot;:&quot;px&quot;,&quot;size&quot;:&quot;&quot;,&quot;sizes&quot;:[]},&quot;cards_row_gap_mobile&quot;:{&quot;unit&quot;:&quot;px&quot;,&quot;size&quot;:&quot;&quot;,&quot;sizes&quot;:[]}}\" data-widget_type=\"posts.cards\">\n\t\t\t\t<div class=\"elementor-widget-container\">\n\t\t\t\t\t\t\t<div class=\"elementor-posts-container elementor-posts elementor-posts--skin-cards elementor-grid\">\n\t\t\t\t<article class=\"elementor-post elementor-grid-item post-2523 page type-page status-publish has-post-thumbnail hentry\">\n\t\t\t<div class=\"elementor-post__card\">\n\t\t\t\t<a class=\"elementor-post__thumbnail__link\" href=\"https:\/\/www.ggfinishing.com\/en\/products\/vibration-consumables\/drying-granules\/\" tabindex=\"-1\" ><div class=\"elementor-post__thumbnail\"><img fetchpriority=\"high\" decoding=\"async\" width=\"300\" height=\"169\" src=\"https:\/\/www.ggfinishing.com\/wp-content\/uploads\/2023\/04\/Vibrasyon-Sarf-Malzemeleri-Kurutma-Granulu-300x169.jpg\" class=\"attachment-medium size-medium wp-image-11692\" alt=\"\" srcset=\"https:\/\/www.ggfinishing.com\/wp-content\/uploads\/2023\/04\/Vibrasyon-Sarf-Malzemeleri-Kurutma-Granulu-300x169.jpg 300w, https:\/\/www.ggfinishing.com\/wp-content\/uploads\/2023\/04\/Vibrasyon-Sarf-Malzemeleri-Kurutma-Granulu-1024x577.jpg 1024w, https:\/\/www.ggfinishing.com\/wp-content\/uploads\/2023\/04\/Vibrasyon-Sarf-Malzemeleri-Kurutma-Granulu-18x10.jpg 18w, https:\/\/www.ggfinishing.com\/wp-content\/uploads\/2023\/04\/Vibrasyon-Sarf-Malzemeleri-Kurutma-Granulu.jpg 1387w\" sizes=\"(max-width: 300px) 100vw, 300px\" itemprop=\"image\" \/><\/div><\/a>\n\t\t\t\t<div class=\"elementor-post__text\">\n\t\t\t\t<h3 class=\"elementor-post__title\">\n\t\t\t<a href=\"https:\/\/www.ggfinishing.com\/en\/products\/vibration-consumables\/drying-granules\/\" >\n\t\t\t\tDrying Granules\t\t\t<\/a>\n\t\t<\/h3>\n\t\t\t\t<\/div>\n\t\t\t\t\t<\/div>\n\t\t<\/article>\n\t\t\t\t<article class=\"elementor-post elementor-grid-item post-2508 page type-page status-publish has-post-thumbnail hentry\">\n\t\t\t<div class=\"elementor-post__card\">\n\t\t\t\t<a class=\"elementor-post__thumbnail__link\" href=\"https:\/\/www.ggfinishing.com\/en\/products\/vibration-consumables\/plastic-chips\/\" tabindex=\"-1\" ><div class=\"elementor-post__thumbnail\"><img decoding=\"async\" width=\"300\" height=\"210\" src=\"data:image\/svg+xml;charset=utf-8,%3Csvg xmlns%3D&#039;http%3A%2F%2Fwww.w3.org%2F2000%2Fsvg&#039; viewBox%3D&#039;0 0  &#039;%2F%3E\" class=\"attachment-medium size-medium wp-image-11658 ld-lazyload\" alt=\"\" itemprop=\"image\" data-src=\"https:\/\/www.ggfinishing.com\/wp-content\/uploads\/2023\/04\/Vibrasyon-Sarf-Malzemeleri-Plastik-Tas-300x210.jpeg\" data-srcset=\"https:\/\/www.ggfinishing.com\/wp-content\/uploads\/2023\/04\/Vibrasyon-Sarf-Malzemeleri-Plastik-Tas-300x210.jpeg 300w, https:\/\/www.ggfinishing.com\/wp-content\/uploads\/2023\/04\/Vibrasyon-Sarf-Malzemeleri-Plastik-Tas-1024x717.jpeg 1024w, https:\/\/www.ggfinishing.com\/wp-content\/uploads\/2023\/04\/Vibrasyon-Sarf-Malzemeleri-Plastik-Tas-18x12.jpeg 18w, https:\/\/www.ggfinishing.com\/wp-content\/uploads\/2023\/04\/Vibrasyon-Sarf-Malzemeleri-Plastik-Tas.jpeg 1220w\" data-sizes=\"(max-width: 300px) 100vw, 300px\" data-aspect=\"\" \/><\/div><\/a>\n\t\t\t\t<div class=\"elementor-post__text\">\n\t\t\t\t<h3 class=\"elementor-post__title\">\n\t\t\t<a href=\"https:\/\/www.ggfinishing.com\/en\/products\/vibration-consumables\/plastic-chips\/\" >\n\t\t\t\tPlastic Chips\t\t\t<\/a>\n\t\t<\/h3>\n\t\t\t\t<\/div>\n\t\t\t\t\t<\/div>\n\t\t<\/article>\n\t\t\t\t<article class=\"elementor-post elementor-grid-item post-2500 page type-page status-publish has-post-thumbnail hentry\">\n\t\t\t<div class=\"elementor-post__card\">\n\t\t\t\t<a class=\"elementor-post__thumbnail__link\" href=\"https:\/\/www.ggfinishing.com\/en\/products\/vibration-consumables\/porcelain-chips\/\" tabindex=\"-1\" ><div class=\"elementor-post__thumbnail\"><img decoding=\"async\" width=\"300\" height=\"186\" src=\"data:image\/svg+xml;charset=utf-8,%3Csvg xmlns%3D&#039;http%3A%2F%2Fwww.w3.org%2F2000%2Fsvg&#039; viewBox%3D&#039;0 0  &#039;%2F%3E\" class=\"attachment-medium size-medium wp-image-11693 ld-lazyload\" alt=\"\" itemprop=\"image\" data-src=\"https:\/\/www.ggfinishing.com\/wp-content\/uploads\/2023\/04\/Vibrasyon-Sarf-Malzemeleri-Porselen-Taslar-300x186.jpg\" data-srcset=\"https:\/\/www.ggfinishing.com\/wp-content\/uploads\/2023\/04\/Vibrasyon-Sarf-Malzemeleri-Porselen-Taslar-300x186.jpg 300w, https:\/\/www.ggfinishing.com\/wp-content\/uploads\/2023\/04\/Vibrasyon-Sarf-Malzemeleri-Porselen-Taslar-1024x635.jpg 1024w, https:\/\/www.ggfinishing.com\/wp-content\/uploads\/2023\/04\/Vibrasyon-Sarf-Malzemeleri-Porselen-Taslar-18x12.jpg 18w, https:\/\/www.ggfinishing.com\/wp-content\/uploads\/2023\/04\/Vibrasyon-Sarf-Malzemeleri-Porselen-Taslar.jpg 1512w\" data-sizes=\"(max-width: 300px) 100vw, 300px\" data-aspect=\"\" \/><\/div><\/a>\n\t\t\t\t<div class=\"elementor-post__text\">\n\t\t\t\t<h3 class=\"elementor-post__title\">\n\t\t\t<a href=\"https:\/\/www.ggfinishing.com\/en\/products\/vibration-consumables\/porcelain-chips\/\" >\n\t\t\t\tPorcelain Chips\t\t\t<\/a>\n\t\t<\/h3>\n\t\t\t\t<\/div>\n\t\t\t\t\t<\/div>\n\t\t<\/article>\n\t\t\t\t<article class=\"elementor-post elementor-grid-item post-2493 page type-page status-publish has-post-thumbnail hentry\">\n\t\t\t<div class=\"elementor-post__card\">\n\t\t\t\t<a class=\"elementor-post__thumbnail__link\" href=\"https:\/\/www.ggfinishing.com\/en\/products\/vibration-consumables\/ceramic-chips\/\" tabindex=\"-1\" ><div class=\"elementor-post__thumbnail\"><img loading=\"lazy\" decoding=\"async\" width=\"300\" height=\"210\" src=\"data:image\/svg+xml;charset=utf-8,%3Csvg xmlns%3D&#039;http%3A%2F%2Fwww.w3.org%2F2000%2Fsvg&#039; viewBox%3D&#039;0 0  &#039;%2F%3E\" class=\"attachment-medium size-medium wp-image-11659 ld-lazyload\" alt=\"\" itemprop=\"image\" data-src=\"https:\/\/www.ggfinishing.com\/wp-content\/uploads\/2023\/04\/Vibrasyon-Sarf-Malzemeleri-Seramik-Tas-300x210.jpeg\" data-srcset=\"https:\/\/www.ggfinishing.com\/wp-content\/uploads\/2023\/04\/Vibrasyon-Sarf-Malzemeleri-Seramik-Tas-300x210.jpeg 300w, https:\/\/www.ggfinishing.com\/wp-content\/uploads\/2023\/04\/Vibrasyon-Sarf-Malzemeleri-Seramik-Tas-1024x717.jpeg 1024w, https:\/\/www.ggfinishing.com\/wp-content\/uploads\/2023\/04\/Vibrasyon-Sarf-Malzemeleri-Seramik-Tas-18x12.jpeg 18w, https:\/\/www.ggfinishing.com\/wp-content\/uploads\/2023\/04\/Vibrasyon-Sarf-Malzemeleri-Seramik-Tas.jpeg 1220w\" data-sizes=\"(max-width: 300px) 100vw, 300px\" data-aspect=\"\" \/><\/div><\/a>\n\t\t\t\t<div class=\"elementor-post__text\">\n\t\t\t\t<h3 class=\"elementor-post__title\">\n\t\t\t<a href=\"https:\/\/www.ggfinishing.com\/en\/products\/vibration-consumables\/ceramic-chips\/\" >\n\t\t\t\tCeramic Chips\t\t\t<\/a>\n\t\t<\/h3>\n\t\t\t\t<\/div>\n\t\t\t\t\t<\/div>\n\t\t<\/article>\n\t\t\t\t<article class=\"elementor-post elementor-grid-item post-2517 page type-page status-publish has-post-thumbnail hentry\">\n\t\t\t<div class=\"elementor-post__card\">\n\t\t\t\t<a class=\"elementor-post__thumbnail__link\" href=\"https:\/\/www.ggfinishing.com\/en\/products\/vibration-consumables\/ureic-chips\/\" tabindex=\"-1\" ><div class=\"elementor-post__thumbnail\"><img loading=\"lazy\" decoding=\"async\" width=\"300\" height=\"210\" src=\"data:image\/svg+xml;charset=utf-8,%3Csvg xmlns%3D&#039;http%3A%2F%2Fwww.w3.org%2F2000%2Fsvg&#039; viewBox%3D&#039;0 0  &#039;%2F%3E\" class=\"attachment-medium size-medium wp-image-11660 ld-lazyload\" alt=\"\" itemprop=\"image\" data-src=\"https:\/\/www.ggfinishing.com\/wp-content\/uploads\/2023\/04\/Vibrasyon-Sarf-Malzemeleri-Ureyik-Tas-300x210.jpeg\" data-srcset=\"https:\/\/www.ggfinishing.com\/wp-content\/uploads\/2023\/04\/Vibrasyon-Sarf-Malzemeleri-Ureyik-Tas-300x210.jpeg 300w, https:\/\/www.ggfinishing.com\/wp-content\/uploads\/2023\/04\/Vibrasyon-Sarf-Malzemeleri-Ureyik-Tas-1024x717.jpeg 1024w, https:\/\/www.ggfinishing.com\/wp-content\/uploads\/2023\/04\/Vibrasyon-Sarf-Malzemeleri-Ureyik-Tas-18x12.jpeg 18w, https:\/\/www.ggfinishing.com\/wp-content\/uploads\/2023\/04\/Vibrasyon-Sarf-Malzemeleri-Ureyik-Tas.jpeg 1220w\" data-sizes=\"(max-width: 300px) 100vw, 300px\" data-aspect=\"\" \/><\/div><\/a>\n\t\t\t\t<div class=\"elementor-post__text\">\n\t\t\t\t<h3 class=\"elementor-post__title\">\n\t\t\t<a href=\"https:\/\/www.ggfinishing.com\/en\/products\/vibration-consumables\/ureic-chips\/\" >\n\t\t\t\tUreic Chips\t\t\t<\/a>\n\t\t<\/h3>\n\t\t\t\t<\/div>\n\t\t\t\t\t<\/div>\n\t\t<\/article>\n\t\t\t\t<article class=\"elementor-post elementor-grid-item post-2530 page type-page status-publish has-post-thumbnail hentry\">\n\t\t\t<div class=\"elementor-post__card\">\n\t\t\t\t<a class=\"elementor-post__thumbnail__link\" href=\"https:\/\/www.ggfinishing.com\/en\/products\/vibration-consumables\/compounds\/\" tabindex=\"-1\" ><div class=\"elementor-post__thumbnail\"><img loading=\"lazy\" decoding=\"async\" width=\"300\" height=\"200\" src=\"data:image\/svg+xml;charset=utf-8,%3Csvg xmlns%3D&#039;http%3A%2F%2Fwww.w3.org%2F2000%2Fsvg&#039; viewBox%3D&#039;0 0  &#039;%2F%3E\" class=\"attachment-medium size-medium wp-image-10952 ld-lazyload\" alt=\"\" itemprop=\"image\" data-src=\"https:\/\/www.ggfinishing.com\/wp-content\/uploads\/2023\/03\/Yuzey-Islem-Sivilari-300x200.jpg\" data-srcset=\"https:\/\/www.ggfinishing.com\/wp-content\/uploads\/2023\/03\/Yuzey-Islem-Sivilari-300x200.jpg 300w, https:\/\/www.ggfinishing.com\/wp-content\/uploads\/2023\/03\/Yuzey-Islem-Sivilari-1024x683.jpg 1024w, https:\/\/www.ggfinishing.com\/wp-content\/uploads\/2023\/03\/Yuzey-Islem-Sivilari-18x12.jpg 18w, https:\/\/www.ggfinishing.com\/wp-content\/uploads\/2023\/03\/Yuzey-Islem-Sivilari.jpg 1280w\" data-sizes=\"(max-width: 300px) 100vw, 300px\" data-aspect=\"\" \/><\/div><\/a>\n\t\t\t\t<div class=\"elementor-post__text\">\n\t\t\t\t<h3 class=\"elementor-post__title\">\n\t\t\t<a href=\"https:\/\/www.ggfinishing.com\/en\/products\/vibration-consumables\/compounds\/\" >\n\t\t\t\tCompounds\t\t\t<\/a>\n\t\t<\/h3>\n\t\t\t\t<\/div>\n\t\t\t\t\t<\/div>\n\t\t<\/article>\n\t\t\t\t<\/div>\n\t\t\n\t\t\t\t\t\t<\/div>\n\t\t\t\t<\/div>\n\t\t\t\t\t<\/div>\n\t\t<\/div>\n\t\t\t\t\t<\/div>\n\t\t<\/section>\n\t\t\t\t<\/div>","protected":false},"excerpt":{"rendered":"<p>Vibrasyon Sarf Malzemeleri \u00dcr\u00fcnlerimize a\u015fa\u011f\u0131daki listeden ula\u015fabilirsiniz.<\/p>","protected":false},"author":1,"featured_media":10415,"parent":72,"menu_order":0,"comment_status":"closed","ping_status":"closed","template":"","meta":{"footnotes":""},"class_list":["post-10445","page","type-page","status-publish","has-post-thumbnail","hentry"],"yoast_head":"<!-- This site is optimized with the Yoast SEO plugin v25.9 - https:\/\/yoast.com\/wordpress\/plugins\/seo\/ -->\n<title>Vibrasyon Sarf Malzemeleri - GG Finishing<\/title>\n<meta name=\"robots\" content=\"index, follow, max-snippet:-1, max-image-preview:large, max-video-preview:-1\" \/>\n<link rel=\"canonical\" href=\"https:\/\/www.ggfinishing.com\/en\/urunler\/vibrasyon-sarf-malzemeleri\/\" \/>\n<meta property=\"og:locale\" content=\"en_US\" \/>\n<meta property=\"og:type\" content=\"article\" \/>\n<meta property=\"og:title\" content=\"Vibrasyon Sarf Malzemeleri - GG Finishing\" \/>\n<meta property=\"og:description\" content=\"Vibrasyon Sarf Malzemeleri \u00dcr\u00fcnlerimize a\u015fa\u011f\u0131daki listeden ula\u015fabilirsiniz.\" \/>\n<meta property=\"og:url\" content=\"https:\/\/www.ggfinishing.com\/en\/urunler\/vibrasyon-sarf-malzemeleri\/\" \/>\n<meta property=\"og:site_name\" content=\"GG Finishing\" \/>\n<meta property=\"article:modified_time\" content=\"2023-03-28T03:49:40+00:00\" \/>\n<meta property=\"og:image\" content=\"https:\/\/www.ggfinishing.com\/wp-content\/uploads\/2023\/03\/Ana-Sayfa-BG-1.jpg\" \/>\n\t<meta property=\"og:image:width\" content=\"2430\" \/>\n\t<meta property=\"og:image:height\" content=\"1600\" \/>\n\t<meta property=\"og:image:type\" content=\"image\/jpeg\" \/>\n<meta name=\"twitter:card\" content=\"summary_large_image\" \/>\n<meta name=\"twitter:label1\" content=\"Est. reading time\" \/>\n\t<meta name=\"twitter:data1\" content=\"2 minutes\" \/>\n<script type=\"application\/ld+json\" class=\"yoast-schema-graph\">{\"@context\":\"https:\/\/schema.org\",\"@graph\":[{\"@type\":\"WebPage\",\"@id\":\"https:\/\/www.ggfinishing.com\/urunler\/vibrasyon-sarf-malzemeleri\/\",\"url\":\"https:\/\/www.ggfinishing.com\/urunler\/vibrasyon-sarf-malzemeleri\/\",\"name\":\"Vibrasyon Sarf Malzemeleri - GG Finishing\",\"isPartOf\":{\"@id\":\"https:\/\/www.ggfinishing.com\/#website\"},\"primaryImageOfPage\":{\"@id\":\"https:\/\/www.ggfinishing.com\/urunler\/vibrasyon-sarf-malzemeleri\/#primaryimage\"},\"image\":{\"@id\":\"https:\/\/www.ggfinishing.com\/urunler\/vibrasyon-sarf-malzemeleri\/#primaryimage\"},\"thumbnailUrl\":\"https:\/\/www.ggfinishing.com\/wp-content\/uploads\/2023\/03\/Ana-Sayfa-BG-1.jpg\",\"datePublished\":\"2023-03-26T20:26:21+00:00\",\"dateModified\":\"2023-03-28T03:49:40+00:00\",\"breadcrumb\":{\"@id\":\"https:\/\/www.ggfinishing.com\/urunler\/vibrasyon-sarf-malzemeleri\/#breadcrumb\"},\"inLanguage\":\"en-US\",\"potentialAction\":[{\"@type\":\"ReadAction\",\"target\":[\"https:\/\/www.ggfinishing.com\/urunler\/vibrasyon-sarf-malzemeleri\/\"]}]},{\"@type\":\"ImageObject\",\"inLanguage\":\"en-US\",\"@id\":\"https:\/\/www.ggfinishing.com\/urunler\/vibrasyon-sarf-malzemeleri\/#primaryimage\",\"url\":\"https:\/\/www.ggfinishing.com\/wp-content\/uploads\/2023\/03\/Ana-Sayfa-BG-1.jpg\",\"contentUrl\":\"https:\/\/www.ggfinishing.com\/wp-content\/uploads\/2023\/03\/Ana-Sayfa-BG-1.jpg\",\"width\":2430,\"height\":1600,\"caption\":\"Male worker at a factory\"},{\"@type\":\"BreadcrumbList\",\"@id\":\"https:\/\/www.ggfinishing.com\/urunler\/vibrasyon-sarf-malzemeleri\/#breadcrumb\",\"itemListElement\":[{\"@type\":\"ListItem\",\"position\":1,\"name\":\"Home\",\"item\":\"https:\/\/www.ggfinishing.com\/\"},{\"@type\":\"ListItem\",\"position\":2,\"name\":\"\u00dcr\u00fcnler\",\"item\":\"https:\/\/www.ggfinishing.com\/urunler\/\"},{\"@type\":\"ListItem\",\"position\":3,\"name\":\"Vibrasyon Sarf Malzemeleri\"}]},{\"@type\":\"WebSite\",\"@id\":\"https:\/\/www.ggfinishing.com\/#website\",\"url\":\"https:\/\/www.ggfinishing.com\/\",\"name\":\"GG Finishing\",\"description\":\"EQUIPMENTS \u2022 CONSUMABLES \u2022 SURFACE PREPERATION\",\"potentialAction\":[{\"@type\":\"SearchAction\",\"target\":{\"@type\":\"EntryPoint\",\"urlTemplate\":\"https:\/\/www.ggfinishing.com\/?s={search_term_string}\"},\"query-input\":{\"@type\":\"PropertyValueSpecification\",\"valueRequired\":true,\"valueName\":\"search_term_string\"}}],\"inLanguage\":\"en-US\"}]}<\/script>\n<!-- \/ Yoast SEO plugin. -->","yoast_head_json":{"title":"Vibrasyon Sarf Malzemeleri - GG Finishing","robots":{"index":"index","follow":"follow","max-snippet":"max-snippet:-1","max-image-preview":"max-image-preview:large","max-video-preview":"max-video-preview:-1"},"canonical":"https:\/\/www.ggfinishing.com\/en\/urunler\/vibrasyon-sarf-malzemeleri\/","og_locale":"en_US","og_type":"article","og_title":"Vibrasyon Sarf Malzemeleri - GG Finishing","og_description":"Vibrasyon Sarf Malzemeleri \u00dcr\u00fcnlerimize a\u015fa\u011f\u0131daki listeden ula\u015fabilirsiniz.","og_url":"https:\/\/www.ggfinishing.com\/en\/urunler\/vibrasyon-sarf-malzemeleri\/","og_site_name":"GG Finishing","article_modified_time":"2023-03-28T03:49:40+00:00","og_image":[{"width":2430,"height":1600,"url":"https:\/\/www.ggfinishing.com\/wp-content\/uploads\/2023\/03\/Ana-Sayfa-BG-1.jpg","type":"image\/jpeg"}],"twitter_card":"summary_large_image","twitter_misc":{"Est. reading time":"2 minutes"},"schema":{"@context":"https:\/\/schema.org","@graph":[{"@type":"WebPage","@id":"https:\/\/www.ggfinishing.com\/urunler\/vibrasyon-sarf-malzemeleri\/","url":"https:\/\/www.ggfinishing.com\/urunler\/vibrasyon-sarf-malzemeleri\/","name":"Vibrasyon Sarf Malzemeleri - GG Finishing","isPartOf":{"@id":"https:\/\/www.ggfinishing.com\/#website"},"primaryImageOfPage":{"@id":"https:\/\/www.ggfinishing.com\/urunler\/vibrasyon-sarf-malzemeleri\/#primaryimage"},"image":{"@id":"https:\/\/www.ggfinishing.com\/urunler\/vibrasyon-sarf-malzemeleri\/#primaryimage"},"thumbnailUrl":"https:\/\/www.ggfinishing.com\/wp-content\/uploads\/2023\/03\/Ana-Sayfa-BG-1.jpg","datePublished":"2023-03-26T20:26:21+00:00","dateModified":"2023-03-28T03:49:40+00:00","breadcrumb":{"@id":"https:\/\/www.ggfinishing.com\/urunler\/vibrasyon-sarf-malzemeleri\/#breadcrumb"},"inLanguage":"en-US","potentialAction":[{"@type":"ReadAction","target":["https:\/\/www.ggfinishing.com\/urunler\/vibrasyon-sarf-malzemeleri\/"]}]},{"@type":"ImageObject","inLanguage":"en-US","@id":"https:\/\/www.ggfinishing.com\/urunler\/vibrasyon-sarf-malzemeleri\/#primaryimage","url":"https:\/\/www.ggfinishing.com\/wp-content\/uploads\/2023\/03\/Ana-Sayfa-BG-1.jpg","contentUrl":"https:\/\/www.ggfinishing.com\/wp-content\/uploads\/2023\/03\/Ana-Sayfa-BG-1.jpg","width":2430,"height":1600,"caption":"Male worker at a factory"},{"@type":"BreadcrumbList","@id":"https:\/\/www.ggfinishing.com\/urunler\/vibrasyon-sarf-malzemeleri\/#breadcrumb","itemListElement":[{"@type":"ListItem","position":1,"name":"Home","item":"https:\/\/www.ggfinishing.com\/"},{"@type":"ListItem","position":2,"name":"\u00dcr\u00fcnler","item":"https:\/\/www.ggfinishing.com\/urunler\/"},{"@type":"ListItem","position":3,"name":"Vibrasyon Sarf Malzemeleri"}]},{"@type":"WebSite","@id":"https:\/\/www.ggfinishing.com\/#website","url":"https:\/\/www.ggfinishing.com\/","name":"GG Finishing","description":"EQUIPMENTS \u2022 CONSUMABLES \u2022 SURFACE PREPERATION","potentialAction":[{"@type":"SearchAction","target":{"@type":"EntryPoint","urlTemplate":"https:\/\/www.ggfinishing.com\/?s={search_term_string}"},"query-input":{"@type":"PropertyValueSpecification","valueRequired":true,"valueName":"search_term_string"}}],"inLanguage":"en-US"}]}},"_links":{"self":[{"href":"https:\/\/www.ggfinishing.com\/en\/wp-json\/wp\/v2\/pages\/10445","targetHints":{"allow":["GET"]}}],"collection":[{"href":"https:\/\/www.ggfinishing.com\/en\/wp-json\/wp\/v2\/pages"}],"about":[{"href":"https:\/\/www.ggfinishing.com\/en\/wp-json\/wp\/v2\/types\/page"}],"author":[{"embeddable":true,"href":"https:\/\/www.ggfinishing.com\/en\/wp-json\/wp\/v2\/users\/1"}],"replies":[{"embeddable":true,"href":"https:\/\/www.ggfinishing.com\/en\/wp-json\/wp\/v2\/comments?post=10445"}],"version-history":[{"count":5,"href":"https:\/\/www.ggfinishing.com\/en\/wp-json\/wp\/v2\/pages\/10445\/revisions"}],"predecessor-version":[{"id":11228,"href":"https:\/\/www.ggfinishing.com\/en\/wp-json\/wp\/v2\/pages\/10445\/revisions\/11228"}],"up":[{"embeddable":true,"href":"https:\/\/www.ggfinishing.com\/en\/wp-json\/wp\/v2\/pages\/72"}],"wp:featuredmedia":[{"embeddable":true,"href":"https:\/\/www.ggfinishing.com\/en\/wp-json\/wp\/v2\/media\/10415"}],"wp:attachment":[{"href":"https:\/\/www.ggfinishing.com\/en\/wp-json\/wp\/v2\/media?parent=10445"}],"curies":[{"name":"wp","href":"https:\/\/api.w.org\/{rel}","templated":true}]}}