{"id":1878,"date":"2021-01-12T07:53:53","date_gmt":"2021-01-12T07:53:53","guid":{"rendered":"http:\/\/ggfinishing.com\/?page_id=1878"},"modified":"2023-04-01T17:16:20","modified_gmt":"2023-04-01T14:16:20","slug":"capak-alma-parlatma","status":"publish","type":"page","link":"https:\/\/www.ggfinishing.com\/en\/surface-treatment-applications\/deburring-polishing\/","title":{"rendered":"Deburring\/Polishing"},"content":{"rendered":"<div data-elementor-type=\"wp-page\" data-elementor-id=\"1878\" class=\"elementor elementor-1878\" data-elementor-post-type=\"page\">\n\t\t\t\t\t\t<section class=\"elementor-section elementor-top-section elementor-element elementor-element-4fb7864 elementor-reverse-mobile elementor-section-boxed elementor-section-height-default elementor-section-height-default\" data-id=\"4fb7864\" data-element_type=\"section\">\n\t\t\t\t\t\t<div class=\"elementor-container elementor-column-gap-default\">\n\t\t\t\t\t<div class=\"lqd-css-sticky-column elementor-column elementor-col-50 elementor-top-column elementor-element elementor-element-3fa5bafa\" style=\"--lqd-sticky-offset:30px\" data-id=\"3fa5bafa\" data-element_type=\"column\">\n\t\t\t<div class=\"elementor-widget-wrap elementor-element-populated\">\n\t\t\t\t\t\t<div class=\"elementor-element elementor-element-1ca34a25 elementor-widget elementor-widget-ld_custom_menu\" data-id=\"1ca34a25\" data-element_type=\"widget\" data-widget_type=\"ld_custom_menu.default\">\n\t\t\t\t<div class=\"elementor-widget-container\">\n\t\t\t\t\t\n\t\t\t<div  \n\t\t\t\tclass=\"lqd-fancy-menu lqd-custom-menu pos-rel menu-items-has-fill lqd-menu-td-none lqd-custom-menu-mobile-collapsible\"\n\t\t\t\t\t\t\t>\n\t\t\t\t\t\t<span class=\"lqd-custom-menu-dropdown-btn d-flex align-items-center\" data-target=\"#1ca34a25\" data-toggle=\"collapse\" data-ld-toggle=\"true\" data-toggle-options='{ \"closeOnOutsideClick\": {\"ifNotIn\": \"#lqd-site-content\"} }'>\n\n\t\t\t\t\t\t\t\t\n\t\t\t\t\t\t\t\t\t<span class=\"toggle-label\">\n\t\t\t\t\t\t\t\t\t\t\t\t\tDi\u011fer Hizmetlerimiz\t\t\t\t\t\t\t\t\t\t\t<\/span>\n\t\t\t\t\n\t\t\t\t<span class=\"expander-icon ms-auto d-inline-flex\">\n\t\t\t\t\t<i class=\"lqd-icn-ess icon-ion-ios-arrow-down\"><\/i>\n\t\t\t\t<\/span>\n\t\t\t<\/span>\n\t\t\t\n\t\t\t\t\t\t<ul id=\"1ca34a25\" class=\"reset-ul\" itemtype=\"http:\/\/schema.org\/SiteNavigationElement\" itemscope=\"itemscope\"><li id=\"menu-item-10642\" class=\"menu-item menu-item-type-post_type menu-item-object-page menu-item-10642\"><a href=\"https:\/\/www.ggfinishing.com\/en\/surface-treatment-applications\/vibration-surface-treatment\/\">Vibration<\/a><\/li>\n<li id=\"menu-item-10643\" class=\"menu-item menu-item-type-post_type menu-item-object-page menu-item-10643\"><a href=\"https:\/\/www.ggfinishing.com\/en\/surface-treatment-applications\/deburring-polishing\/\">Deburring\/Polishing<\/a><\/li>\n<li id=\"menu-item-10644\" class=\"menu-item menu-item-type-post_type menu-item-object-page menu-item-10644\"><a href=\"https:\/\/www.ggfinishing.com\/en\/surface-treatment-applications\/blasting\/\">Blasting<\/a><\/li>\n<li id=\"menu-item-10645\" class=\"menu-item menu-item-type-post_type menu-item-object-page menu-item-10645\"><a href=\"https:\/\/www.ggfinishing.com\/en\/surface-treatment-applications\/metallization-thermal-spray\/\">Metallization (Thermal Spray)<\/a><\/li>\n<li id=\"menu-item-10646\" class=\"menu-item menu-item-type-post_type menu-item-object-page menu-item-10646\"><a href=\"https:\/\/www.ggfinishing.com\/en\/surface-treatment-applications\/painting\/\">Painting<\/a><\/li>\n<li id=\"menu-item-10647\" class=\"menu-item menu-item-type-post_type menu-item-object-page menu-item-10647\"><a href=\"https:\/\/www.ggfinishing.com\/en\/surface-treatment-applications\/shot-peening\/\">Shot Peening<\/a><\/li>\n<\/ul>\t\t\t\t\t\t\t\t\t<\/div>\n\t\t\t\t\t\t<\/div>\n\t\t\t\t<\/div>\n\t\t\t\t<section class=\"elementor-section elementor-inner-section elementor-element elementor-element-34f28015 elementor-section-boxed elementor-section-height-default elementor-section-height-default\" data-id=\"34f28015\" data-element_type=\"section\">\n\t\t\t\t\t\t<div class=\"elementor-container elementor-column-gap-default\">\n\t\t\t\t\t<div class=\"elementor-column elementor-col-100 elementor-inner-column elementor-element elementor-element-1f820a33\" data-id=\"1f820a33\" data-element_type=\"column\" data-settings=\"{&quot;background_background&quot;:&quot;classic&quot;}\">\n\t\t\t<div class=\"elementor-widget-wrap elementor-element-populated\">\n\t\t\t\t\t\t<div class=\"elementor-element elementor-element-27784cb5 elementor-widget elementor-widget-hub_fancy_heading\" data-id=\"27784cb5\" data-element_type=\"widget\" data-widget_type=\"hub_fancy_heading.default\">\n\t\t\t\t<div class=\"elementor-widget-container\">\n\t\t\t\t\t\n\t\t<div id=\"ld-fancy-heading-69e4d5dd19ba3\" class=\"ld-fancy-heading pos-rel\">\n\t\t\t<h3 class=\"ld-fh-element d-inline-block pos-rel  elementor-heading-title lqd-highlight-classic lqd-highlight-grow-left h3\"  > For detailed information<\/h3>\t\t<\/div>\n\n\t\t\t\t\t\t<\/div>\n\t\t\t\t<\/div>\n\t\t\t\t<div class=\"elementor-element elementor-element-2e29b2d6 elementor-widget elementor-widget-ld_cf722\" data-id=\"2e29b2d6\" data-element_type=\"widget\" data-widget_type=\"ld_cf722.default\">\n\t\t\t\t<div class=\"elementor-widget-container\">\n\t\t\t\t\t\n\t<div class=\"lqd-contact-form lqd-contact-form-inputs-filled  lqd-contact-form-inputs-round lqd-contact-form-button-block\">\n\t\t\n<div class=\"wpcf7 no-js\" id=\"wpcf7-f10285-o1\" lang=\"en-US\" dir=\"ltr\" data-wpcf7-id=\"10285\">\n<div class=\"screen-reader-response\"><p role=\"status\" aria-live=\"polite\" aria-atomic=\"true\"><\/p> <ul><\/ul><\/div>\n<form action=\"\/en\/wp-json\/wp\/v2\/pages\/1878#wpcf7-f10285-o1\" method=\"post\" class=\"wpcf7-form init\" aria-label=\"Contact form\" novalidate=\"novalidate\" data-status=\"init\" data-trp-original-action=\"\/en\/wp-json\/wp\/v2\/pages\/1878#wpcf7-f10285-o1\">\n<fieldset class=\"hidden-fields-container\"><input type=\"hidden\" name=\"_wpcf7\" value=\"10285\" \/><input type=\"hidden\" name=\"_wpcf7_version\" value=\"6.1.1\" \/><input type=\"hidden\" name=\"_wpcf7_locale\" value=\"en_US\" \/><input type=\"hidden\" name=\"_wpcf7_unit_tag\" value=\"wpcf7-f10285-o1\" \/><input type=\"hidden\" name=\"_wpcf7_container_post\" value=\"0\" \/><input type=\"hidden\" name=\"_wpcf7_posted_data_hash\" value=\"\" \/><input type=\"hidden\" name=\"_wpcf7_recaptcha_response\" value=\"\" \/>\n<\/fieldset>\n<p><span class=\"wpcf7-form-control-wrap\" data-name=\"text-775\"><input size=\"40\" maxlength=\"400\" class=\"wpcf7-form-control wpcf7-text wpcf7-validates-as-required\" aria-required=\"true\" aria-invalid=\"false\" placeholder=\"Your name\" value=\"\" type=\"text\" name=\"text-775\" \/><\/span><span class=\"wpcf7-form-control-wrap\" data-name=\"email-550\"><input size=\"40\" maxlength=\"400\" class=\"wpcf7-form-control wpcf7-email wpcf7-validates-as-required wpcf7-text wpcf7-validates-as-email\" aria-required=\"true\" aria-invalid=\"false\" placeholder=\"Email Address\" value=\"\" type=\"email\" name=\"email-550\" \/><\/span><span class=\"wpcf7-form-control-wrap\" data-name=\"textarea-138\"><textarea cols=\"10\" rows=\"4\" maxlength=\"2000\" class=\"wpcf7-form-control wpcf7-textarea wpcf7-validates-as-required\" aria-required=\"true\" aria-invalid=\"false\" placeholder=\"Message\" name=\"textarea-138\"><\/textarea><\/span>\n<input class=\"wpcf7-form-control wpcf7-submit has-spinner\" type=\"submit\" value=\"Send\" \/>\n<\/p><div class=\"wpcf7-response-output\" aria-hidden=\"true\"><\/div>\n<input type=\"hidden\" name=\"trp-form-language\" value=\"en\"\/><\/form>\n<\/div>\n\t<\/div>\n\n\t\t\t\t\t<\/div>\n\t\t\t\t<\/div>\n\t\t\t\t\t<\/div>\n\t\t<\/div>\n\t\t\t\t\t<\/div>\n\t\t<\/section>\n\t\t\t\t\t<\/div>\n\t\t<\/div>\n\t\t\t\t<div class=\"elementor-column elementor-col-50 elementor-top-column elementor-element elementor-element-6f894963\" data-id=\"6f894963\" data-element_type=\"column\">\n\t\t\t<div class=\"elementor-widget-wrap elementor-element-populated\">\n\t\t\t\t\t\t<div class=\"elementor-element elementor-element-57e18474 elementor-widget elementor-widget-hub_fancy_heading\" data-id=\"57e18474\" data-element_type=\"widget\" data-widget_type=\"hub_fancy_heading.default\">\n\t\t\t\t<div class=\"elementor-widget-container\">\n\t\t\t\t\t\n\t\t<div id=\"ld-fancy-heading-69e4d5dd1c6fd\" class=\"ld-fancy-heading pos-rel\">\n\t\t\t<h3 class=\"ld-fh-element d-inline-block pos-rel  elementor-heading-title lqd-highlight-classic lqd-highlight-grow-left h3\"  > What is deburring?<\/h3>\t\t<\/div>\n\n\t\t\t\t\t\t<\/div>\n\t\t\t\t<\/div>\n\t\t\t\t<div class=\"elementor-element elementor-element-f6d9306 elementor-widget elementor-widget-hub_fancy_heading\" data-id=\"f6d9306\" data-element_type=\"widget\" data-widget_type=\"hub_fancy_heading.default\">\n\t\t\t\t<div class=\"elementor-widget-container\">\n\t\t\t\t\t\n\t\t<div id=\"ld-fancy-heading-69e4d5dd1cae7\" class=\"ld-fancy-heading pos-rel\">\n\t\t\t<p class=\"ld-fh-element d-inline-block pos-rel  lqd-highlight-classic lqd-highlight-grow-left p\"  >     Burrs are the residual parts of a heigh or protruding edge or material that remain on the surface, edges or in certain parts of the parts produced by machines such as presses or CNC that process metal plates or metal blocks, although is varies according to the product. It is necessary to clean it in order not to disturb it both for the next processes and during use. All burrs, are removed by the process called deburring and different types of machines.<\/p>\t\t<\/div>\n\n\t\t\t\t\t\t<\/div>\n\t\t\t\t<\/div>\n\t\t\t\t<div class=\"elementor-element elementor-element-20ea74f7 elementor-widget-divider--view-line elementor-widget elementor-widget-divider\" data-id=\"20ea74f7\" data-element_type=\"widget\" data-widget_type=\"divider.default\">\n\t\t\t\t<div class=\"elementor-widget-container\">\n\t\t\t\t\t\t\t<div class=\"elementor-divider\">\n\t\t\t<span class=\"elementor-divider-separator\">\n\t\t\t\t\t\t<\/span>\n\t\t<\/div>\n\t\t\t\t\t\t<\/div>\n\t\t\t\t<\/div>\n\t\t\t\t<div class=\"elementor-element elementor-element-1a84b4cb elementor-widget elementor-widget-hub_fancy_heading\" data-id=\"1a84b4cb\" data-element_type=\"widget\" data-widget_type=\"hub_fancy_heading.default\">\n\t\t\t\t<div class=\"elementor-widget-container\">\n\t\t\t\t\t\n\t\t<div id=\"ld-fancy-heading-69e4d5dd1d843\" class=\"ld-fancy-heading pos-rel\">\n\t\t\t<h3 class=\"ld-fh-element d-inline-block pos-rel  elementor-heading-title lqd-highlight-classic lqd-highlight-grow-left h3\"  > How to determine the deburring process time?<\/h3>\t\t<\/div>\n\n\t\t\t\t\t\t<\/div>\n\t\t\t\t<\/div>\n\t\t\t\t<section class=\"elementor-section elementor-inner-section elementor-element elementor-element-3e02ae6 elementor-section-boxed elementor-section-height-default elementor-section-height-default\" data-id=\"3e02ae6\" data-element_type=\"section\">\n\t\t\t\t\t\t<div class=\"elementor-container elementor-column-gap-default\">\n\t\t\t\t\t<div class=\"elementor-column elementor-col-100 elementor-inner-column elementor-element elementor-element-7e3da86a\" data-id=\"7e3da86a\" data-element_type=\"column\">\n\t\t\t<div class=\"elementor-widget-wrap elementor-element-populated\">\n\t\t\t\t\t\t<div class=\"elementor-element elementor-element-69bdd670 elementor-widget elementor-widget-hub_fancy_heading\" data-id=\"69bdd670\" data-element_type=\"widget\" data-widget_type=\"hub_fancy_heading.default\">\n\t\t\t\t<div class=\"elementor-widget-container\">\n\t\t\t\t\t\n\t\t<div id=\"ld-fancy-heading-69e4d5dd1e4bd\" class=\"ld-fancy-heading pos-rel\">\n\t\t\t<p class=\"ld-fh-element d-inline-block pos-rel  lqd-highlight-classic lqd-highlight-grow-left p\"  > The deburring process time is determined by checking the products applied for the first time at certain intervals during the process .Since the burrs are at variable levels , each different product is processed at different times, so the time is controlled in the first application of each new product. Surface treatment continues, until all burrs disappear and the surface of the product attains the desired homogeneous structure. For example , the final processing time of the product is determined by the checks made every 15 or 30 minutes. Afterwards, the determined process can be applied repeatedly to other products of the same type and type.<\/p>\t\t<\/div>\n\n\t\t\t\t\t\t<\/div>\n\t\t\t\t<\/div>\n\t\t\t\t\t<\/div>\n\t\t<\/div>\n\t\t\t\t\t<\/div>\n\t\t<\/section>\n\t\t\t\t<div class=\"elementor-element elementor-element-1e97962d elementor-widget-divider--view-line elementor-widget elementor-widget-divider\" data-id=\"1e97962d\" data-element_type=\"widget\" data-widget_type=\"divider.default\">\n\t\t\t\t<div class=\"elementor-widget-container\">\n\t\t\t\t\t\t\t<div class=\"elementor-divider\">\n\t\t\t<span class=\"elementor-divider-separator\">\n\t\t\t\t\t\t<\/span>\n\t\t<\/div>\n\t\t\t\t\t\t<\/div>\n\t\t\t\t<\/div>\n\t\t\t\t<div class=\"elementor-element elementor-element-2566c167 elementor-widget elementor-widget-hub_fancy_heading\" data-id=\"2566c167\" data-element_type=\"widget\" data-widget_type=\"hub_fancy_heading.default\">\n\t\t\t\t<div class=\"elementor-widget-container\">\n\t\t\t\t\t\n\t\t<div id=\"ld-fancy-heading-69e4d5dd1eeeb\" class=\"ld-fancy-heading pos-rel\">\n\t\t\t<h3 class=\"ld-fh-element d-inline-block pos-rel  elementor-heading-title lqd-highlight-classic lqd-highlight-grow-left h3\"  > How to polishing process?<\/h3>\t\t<\/div>\n\n\t\t\t\t\t\t<\/div>\n\t\t\t\t<\/div>\n\t\t\t\t<div class=\"elementor-element elementor-element-d29ee96 elementor-widget elementor-widget-hub_fancy_heading\" data-id=\"d29ee96\" data-element_type=\"widget\" data-widget_type=\"hub_fancy_heading.default\">\n\t\t\t\t<div class=\"elementor-widget-container\">\n\t\t\t\t\t\n\t\t<div id=\"ld-fancy-heading-69e4d5dd2e46d\" class=\"ld-fancy-heading pos-rel\">\n\t\t\t<p class=\"ld-fh-element d-inline-block pos-rel  lqd-highlight-classic lqd-highlight-grow-left p\"  > The products coming out of the deburring process are subjected to polishing process and the smoothed surface is also polished. It is used quite frequently because many products in different sectors are presented to the end user after being polished or prepared for the next process. The polishing stage is also an application that supports the product in terms of sales as cosmetic.  Before some coating processes , has become mandatory.  Polishing chips called \u201cporcelain\u201d are used during the process,  porcelain chips, which have many varieties in terms of size and shape, are selected according to the geometric structure and size of the products. The polished products are transferred to the next and final stage.<\/p>\t\t<\/div>\n\n\t\t\t\t\t\t<\/div>\n\t\t\t\t<\/div>\n\t\t\t\t\t<\/div>\n\t\t<\/div>\n\t\t\t\t\t<\/div>\n\t\t<\/section>\n\t\t\t\t<\/div>","protected":false},"excerpt":{"rendered":"<p>Di\u011fer Hizmetlerimiz Vibrasyon Y\u00fczey \u0130\u015flem \u00c7apak Alma\/Parlatma Kumlama Metalizasyon (Termal Sprey) Boyama Shot Peening (Bilyal\u0131 D\u00f6vme) Detayl\u0131 bilgi i\u00e7in \u00c7apak Alma Nedir? \u00c7apak, metal plakalar\u0131 veya metal \u00f6bekleri i\u015fleyen pres veya CNC gibi makineler arac\u0131l\u0131\u011f\u0131yla \u00fcretilmi\u015f olan par\u00e7alar\u0131n \u00fcretim i\u015fleminden sonra y\u00fczeyinde, kenarlar\u0131nda veya \u00fcr\u00fcne g\u00f6re farkl\u0131l\u0131k g\u00f6stermekle birlikte belirli b\u00f6lgelerinde kalm\u0131\u015f olan, y\u00fckseklik ya [&hellip;]<\/p>","protected":false},"author":1,"featured_media":11430,"parent":10468,"menu_order":0,"comment_status":"closed","ping_status":"closed","template":"","meta":{"footnotes":""},"class_list":["post-1878","page","type-page","status-publish","has-post-thumbnail","hentry"],"yoast_head":"<!-- This site is optimized with the Yoast SEO plugin v25.9 - https:\/\/yoast.com\/wordpress\/plugins\/seo\/ -->\n<title>\u00c7apak Alma\/Parlatma - GG Finishing<\/title>\n<meta name=\"robots\" content=\"index, follow, max-snippet:-1, max-image-preview:large, max-video-preview:-1\" \/>\n<link rel=\"canonical\" href=\"https:\/\/www.ggfinishing.com\/en\/yuzey-islem-uygulamalari\/capak-alma-parlatma\/\" \/>\n<meta property=\"og:locale\" content=\"en_US\" \/>\n<meta property=\"og:type\" content=\"article\" \/>\n<meta property=\"og:title\" content=\"\u00c7apak Alma\/Parlatma - GG Finishing\" \/>\n<meta property=\"og:description\" content=\"Di\u011fer Hizmetlerimiz Vibrasyon Y\u00fczey \u0130\u015flem \u00c7apak Alma\/Parlatma Kumlama Metalizasyon (Termal Sprey) Boyama Shot Peening (Bilyal\u0131 D\u00f6vme) Detayl\u0131 bilgi i\u00e7in \u00c7apak Alma Nedir? \u00c7apak, metal plakalar\u0131 veya metal \u00f6bekleri i\u015fleyen pres veya CNC gibi makineler arac\u0131l\u0131\u011f\u0131yla \u00fcretilmi\u015f olan par\u00e7alar\u0131n \u00fcretim i\u015fleminden sonra y\u00fczeyinde, kenarlar\u0131nda veya \u00fcr\u00fcne g\u00f6re farkl\u0131l\u0131k g\u00f6stermekle birlikte belirli b\u00f6lgelerinde kalm\u0131\u015f olan, y\u00fckseklik ya [&hellip;]\" \/>\n<meta property=\"og:url\" content=\"https:\/\/www.ggfinishing.com\/en\/yuzey-islem-uygulamalari\/capak-alma-parlatma\/\" \/>\n<meta property=\"og:site_name\" content=\"GG Finishing\" \/>\n<meta property=\"article:modified_time\" content=\"2023-04-01T14:16:20+00:00\" \/>\n<meta property=\"og:image\" content=\"https:\/\/www.ggfinishing.com\/wp-content\/uploads\/2023\/04\/Capak-AlmaParlatma.jpg\" \/>\n\t<meta property=\"og:image:width\" content=\"500\" \/>\n\t<meta property=\"og:image:height\" content=\"500\" \/>\n\t<meta property=\"og:image:type\" content=\"image\/jpeg\" \/>\n<meta name=\"twitter:card\" content=\"summary_large_image\" \/>\n<meta name=\"twitter:label1\" content=\"Est. reading time\" \/>\n\t<meta name=\"twitter:data1\" content=\"2 minutes\" \/>\n<script type=\"application\/ld+json\" class=\"yoast-schema-graph\">{\"@context\":\"https:\/\/schema.org\",\"@graph\":[{\"@type\":\"WebPage\",\"@id\":\"https:\/\/www.ggfinishing.com\/yuzey-islem-uygulamalari\/capak-alma-parlatma\/\",\"url\":\"https:\/\/www.ggfinishing.com\/yuzey-islem-uygulamalari\/capak-alma-parlatma\/\",\"name\":\"\u00c7apak Alma\/Parlatma - GG Finishing\",\"isPartOf\":{\"@id\":\"https:\/\/www.ggfinishing.com\/#website\"},\"primaryImageOfPage\":{\"@id\":\"https:\/\/www.ggfinishing.com\/yuzey-islem-uygulamalari\/capak-alma-parlatma\/#primaryimage\"},\"image\":{\"@id\":\"https:\/\/www.ggfinishing.com\/yuzey-islem-uygulamalari\/capak-alma-parlatma\/#primaryimage\"},\"thumbnailUrl\":\"https:\/\/www.ggfinishing.com\/wp-content\/uploads\/2023\/04\/Capak-AlmaParlatma.jpg\",\"datePublished\":\"2021-01-12T07:53:53+00:00\",\"dateModified\":\"2023-04-01T14:16:20+00:00\",\"breadcrumb\":{\"@id\":\"https:\/\/www.ggfinishing.com\/yuzey-islem-uygulamalari\/capak-alma-parlatma\/#breadcrumb\"},\"inLanguage\":\"en-US\",\"potentialAction\":[{\"@type\":\"ReadAction\",\"target\":[\"https:\/\/www.ggfinishing.com\/yuzey-islem-uygulamalari\/capak-alma-parlatma\/\"]}]},{\"@type\":\"ImageObject\",\"inLanguage\":\"en-US\",\"@id\":\"https:\/\/www.ggfinishing.com\/yuzey-islem-uygulamalari\/capak-alma-parlatma\/#primaryimage\",\"url\":\"https:\/\/www.ggfinishing.com\/wp-content\/uploads\/2023\/04\/Capak-AlmaParlatma.jpg\",\"contentUrl\":\"https:\/\/www.ggfinishing.com\/wp-content\/uploads\/2023\/04\/Capak-AlmaParlatma.jpg\",\"width\":500,\"height\":500},{\"@type\":\"BreadcrumbList\",\"@id\":\"https:\/\/www.ggfinishing.com\/yuzey-islem-uygulamalari\/capak-alma-parlatma\/#breadcrumb\",\"itemListElement\":[{\"@type\":\"ListItem\",\"position\":1,\"name\":\"Home\",\"item\":\"https:\/\/www.ggfinishing.com\/\"},{\"@type\":\"ListItem\",\"position\":2,\"name\":\"Y\u00fczey \u0130\u015flem Uygulamalar\u0131\",\"item\":\"https:\/\/www.ggfinishing.com\/yuzey-islem-uygulamalari\/\"},{\"@type\":\"ListItem\",\"position\":3,\"name\":\"\u00c7apak Alma\/Parlatma\"}]},{\"@type\":\"WebSite\",\"@id\":\"https:\/\/www.ggfinishing.com\/#website\",\"url\":\"https:\/\/www.ggfinishing.com\/\",\"name\":\"GG Finishing\",\"description\":\"EQUIPMENTS \u2022 CONSUMABLES \u2022 SURFACE PREPERATION\",\"potentialAction\":[{\"@type\":\"SearchAction\",\"target\":{\"@type\":\"EntryPoint\",\"urlTemplate\":\"https:\/\/www.ggfinishing.com\/?s={search_term_string}\"},\"query-input\":{\"@type\":\"PropertyValueSpecification\",\"valueRequired\":true,\"valueName\":\"search_term_string\"}}],\"inLanguage\":\"en-US\"}]}<\/script>\n<!-- \/ Yoast SEO plugin. -->","yoast_head_json":{"title":"\u00c7apak Alma\/Parlatma - GG Finishing","robots":{"index":"index","follow":"follow","max-snippet":"max-snippet:-1","max-image-preview":"max-image-preview:large","max-video-preview":"max-video-preview:-1"},"canonical":"https:\/\/www.ggfinishing.com\/en\/yuzey-islem-uygulamalari\/capak-alma-parlatma\/","og_locale":"en_US","og_type":"article","og_title":"\u00c7apak Alma\/Parlatma - GG Finishing","og_description":"Di\u011fer Hizmetlerimiz Vibrasyon Y\u00fczey \u0130\u015flem \u00c7apak Alma\/Parlatma Kumlama Metalizasyon (Termal Sprey) Boyama Shot Peening (Bilyal\u0131 D\u00f6vme) Detayl\u0131 bilgi i\u00e7in \u00c7apak Alma Nedir? \u00c7apak, metal plakalar\u0131 veya metal \u00f6bekleri i\u015fleyen pres veya CNC gibi makineler arac\u0131l\u0131\u011f\u0131yla \u00fcretilmi\u015f olan par\u00e7alar\u0131n \u00fcretim i\u015fleminden sonra y\u00fczeyinde, kenarlar\u0131nda veya \u00fcr\u00fcne g\u00f6re farkl\u0131l\u0131k g\u00f6stermekle birlikte belirli b\u00f6lgelerinde kalm\u0131\u015f olan, y\u00fckseklik ya [&hellip;]","og_url":"https:\/\/www.ggfinishing.com\/en\/yuzey-islem-uygulamalari\/capak-alma-parlatma\/","og_site_name":"GG Finishing","article_modified_time":"2023-04-01T14:16:20+00:00","og_image":[{"width":500,"height":500,"url":"https:\/\/www.ggfinishing.com\/wp-content\/uploads\/2023\/04\/Capak-AlmaParlatma.jpg","type":"image\/jpeg"}],"twitter_card":"summary_large_image","twitter_misc":{"Est. reading time":"2 minutes"},"schema":{"@context":"https:\/\/schema.org","@graph":[{"@type":"WebPage","@id":"https:\/\/www.ggfinishing.com\/yuzey-islem-uygulamalari\/capak-alma-parlatma\/","url":"https:\/\/www.ggfinishing.com\/yuzey-islem-uygulamalari\/capak-alma-parlatma\/","name":"\u00c7apak Alma\/Parlatma - GG Finishing","isPartOf":{"@id":"https:\/\/www.ggfinishing.com\/#website"},"primaryImageOfPage":{"@id":"https:\/\/www.ggfinishing.com\/yuzey-islem-uygulamalari\/capak-alma-parlatma\/#primaryimage"},"image":{"@id":"https:\/\/www.ggfinishing.com\/yuzey-islem-uygulamalari\/capak-alma-parlatma\/#primaryimage"},"thumbnailUrl":"https:\/\/www.ggfinishing.com\/wp-content\/uploads\/2023\/04\/Capak-AlmaParlatma.jpg","datePublished":"2021-01-12T07:53:53+00:00","dateModified":"2023-04-01T14:16:20+00:00","breadcrumb":{"@id":"https:\/\/www.ggfinishing.com\/yuzey-islem-uygulamalari\/capak-alma-parlatma\/#breadcrumb"},"inLanguage":"en-US","potentialAction":[{"@type":"ReadAction","target":["https:\/\/www.ggfinishing.com\/yuzey-islem-uygulamalari\/capak-alma-parlatma\/"]}]},{"@type":"ImageObject","inLanguage":"en-US","@id":"https:\/\/www.ggfinishing.com\/yuzey-islem-uygulamalari\/capak-alma-parlatma\/#primaryimage","url":"https:\/\/www.ggfinishing.com\/wp-content\/uploads\/2023\/04\/Capak-AlmaParlatma.jpg","contentUrl":"https:\/\/www.ggfinishing.com\/wp-content\/uploads\/2023\/04\/Capak-AlmaParlatma.jpg","width":500,"height":500},{"@type":"BreadcrumbList","@id":"https:\/\/www.ggfinishing.com\/yuzey-islem-uygulamalari\/capak-alma-parlatma\/#breadcrumb","itemListElement":[{"@type":"ListItem","position":1,"name":"Home","item":"https:\/\/www.ggfinishing.com\/"},{"@type":"ListItem","position":2,"name":"Y\u00fczey \u0130\u015flem Uygulamalar\u0131","item":"https:\/\/www.ggfinishing.com\/yuzey-islem-uygulamalari\/"},{"@type":"ListItem","position":3,"name":"\u00c7apak Alma\/Parlatma"}]},{"@type":"WebSite","@id":"https:\/\/www.ggfinishing.com\/#website","url":"https:\/\/www.ggfinishing.com\/","name":"GG Finishing","description":"EQUIPMENTS \u2022 CONSUMABLES \u2022 SURFACE PREPERATION","potentialAction":[{"@type":"SearchAction","target":{"@type":"EntryPoint","urlTemplate":"https:\/\/www.ggfinishing.com\/?s={search_term_string}"},"query-input":{"@type":"PropertyValueSpecification","valueRequired":true,"valueName":"search_term_string"}}],"inLanguage":"en-US"}]}},"_links":{"self":[{"href":"https:\/\/www.ggfinishing.com\/en\/wp-json\/wp\/v2\/pages\/1878","targetHints":{"allow":["GET"]}}],"collection":[{"href":"https:\/\/www.ggfinishing.com\/en\/wp-json\/wp\/v2\/pages"}],"about":[{"href":"https:\/\/www.ggfinishing.com\/en\/wp-json\/wp\/v2\/types\/page"}],"author":[{"embeddable":true,"href":"https:\/\/www.ggfinishing.com\/en\/wp-json\/wp\/v2\/users\/1"}],"replies":[{"embeddable":true,"href":"https:\/\/www.ggfinishing.com\/en\/wp-json\/wp\/v2\/comments?post=1878"}],"version-history":[{"count":21,"href":"https:\/\/www.ggfinishing.com\/en\/wp-json\/wp\/v2\/pages\/1878\/revisions"}],"predecessor-version":[{"id":11563,"href":"https:\/\/www.ggfinishing.com\/en\/wp-json\/wp\/v2\/pages\/1878\/revisions\/11563"}],"up":[{"embeddable":true,"href":"https:\/\/www.ggfinishing.com\/en\/wp-json\/wp\/v2\/pages\/10468"}],"wp:featuredmedia":[{"embeddable":true,"href":"https:\/\/www.ggfinishing.com\/en\/wp-json\/wp\/v2\/media\/11430"}],"wp:attachment":[{"href":"https:\/\/www.ggfinishing.com\/en\/wp-json\/wp\/v2\/media?parent=1878"}],"curies":[{"name":"wp","href":"https:\/\/api.w.org\/{rel}","templated":true}]}}