{"id":2517,"date":"2022-04-15T09:30:40","date_gmt":"2022-04-15T09:30:40","guid":{"rendered":"http:\/\/ggfinishing.com\/?page_id=2517"},"modified":"2023-04-03T12:48:33","modified_gmt":"2023-04-03T09:48:33","slug":"ureyik-taslar","status":"publish","type":"page","link":"https:\/\/www.ggfinishing.com\/en\/products\/vibration-consumables\/ureic-chips\/","title":{"rendered":"Ureic Chips"},"content":{"rendered":"<div data-elementor-type=\"wp-page\" data-elementor-id=\"2517\" class=\"elementor elementor-2517\" data-elementor-post-type=\"page\">\n\t\t\t\t\t\t<section class=\"elementor-section elementor-top-section elementor-element elementor-element-3c6a1159 elementor-reverse-mobile elementor-section-boxed elementor-section-height-default elementor-section-height-default\" data-id=\"3c6a1159\" data-element_type=\"section\">\n\t\t\t\t\t\t<div class=\"elementor-container elementor-column-gap-default\">\n\t\t\t\t\t<div class=\"lqd-css-sticky-column elementor-column elementor-col-50 elementor-top-column elementor-element elementor-element-7a8b7e9a\" style=\"--lqd-sticky-offset:30px\" data-id=\"7a8b7e9a\" data-element_type=\"column\">\n\t\t\t<div class=\"elementor-widget-wrap elementor-element-populated\">\n\t\t\t\t\t\t<div class=\"elementor-element elementor-element-7bb0501d elementor-widget elementor-widget-ld_custom_menu\" data-id=\"7bb0501d\" data-element_type=\"widget\" data-widget_type=\"ld_custom_menu.default\">\n\t\t\t\t<div class=\"elementor-widget-container\">\n\t\t\t\t\t\n\t\t\t<div  \n\t\t\t\tclass=\"lqd-fancy-menu lqd-custom-menu pos-rel menu-items-has-fill lqd-menu-td-none lqd-custom-menu-mobile-collapsible\"\n\t\t\t\t\t\t\t>\n\t\t\t\t\t\t<span class=\"lqd-custom-menu-dropdown-btn d-flex align-items-center\" data-target=\"#7bb0501d\" data-toggle=\"collapse\" data-ld-toggle=\"true\" data-toggle-options='{ \"closeOnOutsideClick\": {\"ifNotIn\": \"#lqd-site-content\"} }'>\n\n\t\t\t\t\t\t\t\t\n\t\t\t\t\t\t\t\t\t<span class=\"toggle-label\">\n\t\t\t\t\t\t\t\t\t\t\t\t\tDi\u011fer Hizmetlerimiz\t\t\t\t\t\t\t\t\t\t\t<\/span>\n\t\t\t\t\n\t\t\t\t<span class=\"expander-icon ms-auto d-inline-flex\">\n\t\t\t\t\t<i class=\"lqd-icn-ess icon-ion-ios-arrow-down\"><\/i>\n\t\t\t\t<\/span>\n\t\t\t<\/span>\n\t\t\t\n\t\t\t\t\t\t<ul id=\"7bb0501d\" class=\"reset-ul\" itemtype=\"http:\/\/schema.org\/SiteNavigationElement\" itemscope=\"itemscope\"><li id=\"menu-item-10598\" class=\"menu-item menu-item-type-post_type menu-item-object-page menu-item-10598\"><a href=\"https:\/\/www.ggfinishing.com\/en\/products\/vibration-consumables\/ceramic-chips\/\">Ceramic Chips<\/a><\/li>\n<li id=\"menu-item-10599\" class=\"menu-item menu-item-type-post_type menu-item-object-page menu-item-10599\"><a href=\"https:\/\/www.ggfinishing.com\/en\/products\/vibration-consumables\/porcelain-chips\/\">Porcelain Chips<\/a><\/li>\n<li id=\"menu-item-10600\" class=\"menu-item menu-item-type-post_type menu-item-object-page menu-item-10600\"><a href=\"https:\/\/www.ggfinishing.com\/en\/products\/vibration-consumables\/plastic-chips\/\">Plastic Chips<\/a><\/li>\n<li id=\"menu-item-10601\" class=\"menu-item menu-item-type-post_type menu-item-object-page menu-item-10601\"><a href=\"https:\/\/www.ggfinishing.com\/en\/products\/vibration-consumables\/ureic-chips\/\">Ureic Chips<\/a><\/li>\n<li id=\"menu-item-10602\" class=\"menu-item menu-item-type-post_type menu-item-object-page menu-item-10602\"><a href=\"https:\/\/www.ggfinishing.com\/en\/products\/vibration-consumables\/drying-granules\/\">Drying Granules<\/a><\/li>\n<li id=\"menu-item-10603\" class=\"menu-item menu-item-type-post_type menu-item-object-page menu-item-10603\"><a href=\"https:\/\/www.ggfinishing.com\/en\/products\/vibration-consumables\/compounds\/\">Compounds<\/a><\/li>\n<li id=\"menu-item-10604\" class=\"menu-item menu-item-type-custom menu-item-object-custom menu-item-10604\"><a href=\"https:\/\/www.alfatechnic.com.tr\">Sandblasting Facilities and Equipments<\/a><\/li>\n<li id=\"menu-item-10605\" class=\"menu-item menu-item-type-custom menu-item-object-custom menu-item-10605\"><a href=\"https:\/\/kayakocvib.com\">Vibration Machines<\/a><\/li>\n<\/ul>\t\t\t\t\t\t\t\t\t<\/div>\n\t\t\t\t\t\t<\/div>\n\t\t\t\t<\/div>\n\t\t\t\t<section class=\"elementor-section elementor-inner-section elementor-element elementor-element-4378bab6 elementor-section-boxed elementor-section-height-default elementor-section-height-default\" data-id=\"4378bab6\" data-element_type=\"section\">\n\t\t\t\t\t\t<div class=\"elementor-container elementor-column-gap-default\">\n\t\t\t\t\t<div class=\"elementor-column elementor-col-100 elementor-inner-column elementor-element elementor-element-3ce7fe99\" data-id=\"3ce7fe99\" data-element_type=\"column\" data-settings=\"{&quot;background_background&quot;:&quot;classic&quot;}\">\n\t\t\t<div class=\"elementor-widget-wrap elementor-element-populated\">\n\t\t\t\t\t\t<div class=\"elementor-element elementor-element-713c7533 elementor-widget elementor-widget-hub_fancy_heading\" data-id=\"713c7533\" data-element_type=\"widget\" data-widget_type=\"hub_fancy_heading.default\">\n\t\t\t\t<div class=\"elementor-widget-container\">\n\t\t\t\t\t\n\t\t<div id=\"ld-fancy-heading-69fb00e815b6e\" class=\"ld-fancy-heading pos-rel\">\n\t\t\t<h3 class=\"ld-fh-element d-inline-block pos-rel  elementor-heading-title lqd-highlight-classic lqd-highlight-grow-left h3\"  > For detailed information<\/h3>\t\t<\/div>\n\n\t\t\t\t\t\t<\/div>\n\t\t\t\t<\/div>\n\t\t\t\t<div class=\"elementor-element elementor-element-3e1d153b elementor-widget elementor-widget-ld_cf722\" data-id=\"3e1d153b\" data-element_type=\"widget\" data-widget_type=\"ld_cf722.default\">\n\t\t\t\t<div class=\"elementor-widget-container\">\n\t\t\t\t\t\n\t<div class=\"lqd-contact-form lqd-contact-form-inputs-filled  lqd-contact-form-inputs-round lqd-contact-form-button-block\">\n\t\t\n<div class=\"wpcf7 no-js\" id=\"wpcf7-f10285-o1\" lang=\"en-US\" dir=\"ltr\" data-wpcf7-id=\"10285\">\n<div class=\"screen-reader-response\"><p role=\"status\" aria-live=\"polite\" aria-atomic=\"true\"><\/p> <ul><\/ul><\/div>\n<form action=\"\/en\/wp-json\/wp\/v2\/pages\/2517#wpcf7-f10285-o1\" method=\"post\" class=\"wpcf7-form init\" aria-label=\"Contact form\" novalidate=\"novalidate\" data-status=\"init\" data-trp-original-action=\"\/en\/wp-json\/wp\/v2\/pages\/2517#wpcf7-f10285-o1\">\n<fieldset class=\"hidden-fields-container\"><input type=\"hidden\" name=\"_wpcf7\" value=\"10285\" \/><input type=\"hidden\" name=\"_wpcf7_version\" value=\"6.1.1\" \/><input type=\"hidden\" name=\"_wpcf7_locale\" value=\"en_US\" \/><input type=\"hidden\" name=\"_wpcf7_unit_tag\" value=\"wpcf7-f10285-o1\" \/><input type=\"hidden\" name=\"_wpcf7_container_post\" value=\"0\" \/><input type=\"hidden\" name=\"_wpcf7_posted_data_hash\" value=\"\" \/><input type=\"hidden\" name=\"_wpcf7_recaptcha_response\" value=\"\" \/>\n<\/fieldset>\n<p><span class=\"wpcf7-form-control-wrap\" data-name=\"text-775\"><input size=\"40\" maxlength=\"400\" class=\"wpcf7-form-control wpcf7-text wpcf7-validates-as-required\" aria-required=\"true\" aria-invalid=\"false\" placeholder=\"Your name\" value=\"\" type=\"text\" name=\"text-775\" \/><\/span><span class=\"wpcf7-form-control-wrap\" data-name=\"email-550\"><input size=\"40\" maxlength=\"400\" class=\"wpcf7-form-control wpcf7-email wpcf7-validates-as-required wpcf7-text wpcf7-validates-as-email\" aria-required=\"true\" aria-invalid=\"false\" placeholder=\"Email Address\" value=\"\" type=\"email\" name=\"email-550\" \/><\/span><span class=\"wpcf7-form-control-wrap\" data-name=\"textarea-138\"><textarea cols=\"10\" rows=\"4\" maxlength=\"2000\" class=\"wpcf7-form-control wpcf7-textarea wpcf7-validates-as-required\" aria-required=\"true\" aria-invalid=\"false\" placeholder=\"Message\" name=\"textarea-138\"><\/textarea><\/span>\n<input class=\"wpcf7-form-control wpcf7-submit has-spinner\" type=\"submit\" value=\"Send\" \/>\n<\/p><div class=\"wpcf7-response-output\" aria-hidden=\"true\"><\/div>\n<input type=\"hidden\" name=\"trp-form-language\" value=\"en\"\/><\/form>\n<\/div>\n\t<\/div>\n\n\t\t\t\t\t<\/div>\n\t\t\t\t<\/div>\n\t\t\t\t\t<\/div>\n\t\t<\/div>\n\t\t\t\t\t<\/div>\n\t\t<\/section>\n\t\t\t\t\t<\/div>\n\t\t<\/div>\n\t\t\t\t<div class=\"elementor-column elementor-col-50 elementor-top-column elementor-element elementor-element-7b3f7c5c\" data-id=\"7b3f7c5c\" data-element_type=\"column\">\n\t\t\t<div class=\"elementor-widget-wrap elementor-element-populated\">\n\t\t\t\t\t\t<div class=\"elementor-element elementor-element-4d693c25 elementor-widget elementor-widget-ld_content_box\" data-id=\"4d693c25\" data-element_type=\"widget\" data-widget_type=\"ld_content_box.default\">\n\t\t\t\t<div class=\"elementor-widget-container\">\n\t\t\t\t\t \n\n\t\t<div class=\"lqd-fb pos-rel lqd-fb-style-1 lqd-fb-style-1-3 lqd-fb-content-overlay lqd-fb-zoom-img-onhover border-radius-4 overflow-hidden h-pt-60\" data-inview=\"true\">\n\t\t\t\t\t<div class=\"lqd-fb-inner lqd-overlay\">\n\n\t\t\t\t<div class=\"lqd-fb-img lqd-overlay overflow-hidden\">\n\n\t\t\t\t\t<figure class=\"w-100 h-100\">\n\t\t\t\t\t\t<img decoding=\"async\" class=\"w-100 h-100 objfit-cover objpos-center\" src=\"https:\/\/www.ggfinishing.com\/wp-content\/uploads\/2023\/04\/Vibrasyon-Sarf-Malzemeleri-Ureyik-Tas.jpeg\">\t\t\t\t\t<\/figure>\n\n\t\t\t\t<\/div>\n\n\t\t\t\t<div class=\"lqd-fb-content lqd-overlay d-flex align-items-end\">\n\t\t\t\t\t<div class=\"lqd-fb-bg lqd-overlay\"><\/div>\n\t\t\t\t\t<div class=\"lqd-fb-hover-overlay lqd-overlay\"><\/div>\n\t\t\t\t\t<div class=\"lqd-fb-content-inner d-flex flex-column justify-content-between pos-rel h-100 w-100 p-4\">\n\t\t\t\t\t\t\n\t\t\t\t\t\t\t\t\t\t\t\t<div class=\"lqd-fb-content-top\">\n\t\t\t\t\t\t\t<h6 class=\"mt-0 mb-0\">Vibration Consumables<\/h6>\n\t\t\t\t\t\t<\/div>\n\t\t\t\t\t\t\t\t\t\t\t\t\n\t\t\t\t\t\t<div class=\"lqd-fb-content-bottom\">\n\t\t\t\t\t\t\t\n\t\t\t\t\t\t\t<h2 class=\"lqd-fb__title mt-0 mb-2\">Ureic Chips<\/h2>\t\t\t\t\t\t\t\n\t\t\t\t\t\t\t\n\t\t\t\t\t\t<\/div>\n\n\t\t\t\t\t\t\t\t\t\t\t\t\n\t\t\t\t\t<\/div>\n\t\t\t\t<\/div>\n\n\t\t\t\t<\/div>\n\t\t\t \n\t\t<\/div>\n\t\t\t\t\t\t<\/div>\n\t\t\t\t<\/div>\n\t\t\t\t<div class=\"elementor-element elementor-element-61c11ccc elementor-widget elementor-widget-hub_fancy_heading\" data-id=\"61c11ccc\" data-element_type=\"widget\" data-widget_type=\"hub_fancy_heading.default\">\n\t\t\t\t<div class=\"elementor-widget-container\">\n\t\t\t\t\t\n\t\t<div id=\"ld-fancy-heading-69fb00e819ce5\" class=\"ld-fancy-heading pos-rel\">\n\t\t\t<h3 class=\"ld-fh-element d-inline-block pos-rel  elementor-heading-title lqd-highlight-classic lqd-highlight-grow-left h3\"  > Where is it used?<\/h3>\t\t<\/div>\n\n\t\t\t\t\t\t<\/div>\n\t\t\t\t<\/div>\n\t\t\t\t<div class=\"elementor-element elementor-element-53938b1c elementor-widget elementor-widget-hub_fancy_heading\" data-id=\"53938b1c\" data-element_type=\"widget\" data-widget_type=\"hub_fancy_heading.default\">\n\t\t\t\t<div class=\"elementor-widget-container\">\n\t\t\t\t\t\n\t\t<div id=\"ld-fancy-heading-69fb00e81a1fa\" class=\"ld-fancy-heading pos-rel\">\n\t\t\t<p class=\"ld-fh-element d-inline-block pos-rel  lqd-highlight-classic lqd-highlight-grow-left p\"  > They are chips used in surface abrasion and deburring processes, especially on soft metals such as zinc (zamak) and aluminum. They are suitable for pre-coating surface preparation. Our ureic chips can be prepared in various compositions depending on the desired surface quality. They can be produced with different types of abrasives. They have a softer structure than plastic chips. They have a maximum abrasion-grinding ratio. They can be preferred as an economical alternative. We have fully automatic standard production. Special production can also be made according to your needs. The machine may contain 2.5-3% solid particles in the effluent. In systems with purification unit, filter maintenance may need to be applied more frequently than plastic chips.<\/p>\t\t<\/div>\n\n\t\t\t\t\t\t<\/div>\n\t\t\t\t<\/div>\n\t\t\t\t<div class=\"elementor-element elementor-element-4ad8fff1 elementor-widget-divider--view-line elementor-widget elementor-widget-divider\" data-id=\"4ad8fff1\" data-element_type=\"widget\" data-widget_type=\"divider.default\">\n\t\t\t\t<div class=\"elementor-widget-container\">\n\t\t\t\t\t\t\t<div class=\"elementor-divider\">\n\t\t\t<span class=\"elementor-divider-separator\">\n\t\t\t\t\t\t<\/span>\n\t\t<\/div>\n\t\t\t\t\t\t<\/div>\n\t\t\t\t<\/div>\n\t\t\t\t<div class=\"elementor-element elementor-element-6e62b095 elementor-widget elementor-widget-hub_fancy_heading\" data-id=\"6e62b095\" data-element_type=\"widget\" data-widget_type=\"hub_fancy_heading.default\">\n\t\t\t\t<div class=\"elementor-widget-container\">\n\t\t\t\t\t\n\t\t<div id=\"ld-fancy-heading-69fb00e81ab35\" class=\"ld-fancy-heading pos-rel\">\n\t\t\t<h3 class=\"ld-fh-element d-inline-block pos-rel  elementor-heading-title lqd-highlight-classic lqd-highlight-grow-left h3\"  > Product Details<\/h3>\t\t<\/div>\n\n\t\t\t\t\t\t<\/div>\n\t\t\t\t<\/div>\n\t\t\t\t<div class=\"elementor-element elementor-element-3e301b27 elementor-widget elementor-widget-image\" data-id=\"3e301b27\" data-element_type=\"widget\" data-widget_type=\"image.default\">\n\t\t\t\t<div class=\"elementor-widget-container\">\n\t\t\t\t\t\t\t\t\t\t\t\t\t\t\t\t<a href=\"https:\/\/www.ggfinishing.com\/wp-content\/uploads\/2023\/03\/Ureyik-Taslar-Urun-Detaylari.jpg\" data-elementor-open-lightbox=\"yes\" data-elementor-lightbox-title=\"U\u0308reyik Tas\u0327lar - U\u0308ru\u0308n Detaylar\u0131\" data-e-action-hash=\"#elementor-action%3Aaction%3Dlightbox%26settings%3DeyJpZCI6MTA5MzgsInVybCI6Imh0dHBzOlwvXC93d3cuZ2dmaW5pc2hpbmcuY29tXC93cC1jb250ZW50XC91cGxvYWRzXC8yMDIzXC8wM1wvVXJleWlrLVRhc2xhci1VcnVuLURldGF5bGFyaS5qcGcifQ%3D%3D\">\n\t\t\t\t\t\t\t<img fetchpriority=\"high\" decoding=\"async\" width=\"958\" height=\"474\" src=\"https:\/\/www.ggfinishing.com\/wp-content\/uploads\/2023\/03\/Ureyik-Taslar-Urun-Detaylari.jpg\" class=\"attachment-full size-full wp-image-10938\" alt=\"\" srcset=\"https:\/\/www.ggfinishing.com\/wp-content\/uploads\/2023\/03\/Ureyik-Taslar-Urun-Detaylari.jpg 958w, https:\/\/www.ggfinishing.com\/wp-content\/uploads\/2023\/03\/Ureyik-Taslar-Urun-Detaylari-300x148.jpg 300w, https:\/\/www.ggfinishing.com\/wp-content\/uploads\/2023\/03\/Ureyik-Taslar-Urun-Detaylari-18x9.jpg 18w\" sizes=\"(max-width: 958px) 100vw, 958px\" \/>\t\t\t\t\t\t\t\t<\/a>\n\t\t\t\t\t\t\t\t\t\t\t\t\t\t\t<\/div>\n\t\t\t\t<\/div>\n\t\t\t\t<div class=\"elementor-element elementor-element-14cc8997 elementor-widget-divider--view-line elementor-widget elementor-widget-divider\" data-id=\"14cc8997\" data-element_type=\"widget\" data-widget_type=\"divider.default\">\n\t\t\t\t<div class=\"elementor-widget-container\">\n\t\t\t\t\t\t\t<div class=\"elementor-divider\">\n\t\t\t<span class=\"elementor-divider-separator\">\n\t\t\t\t\t\t<\/span>\n\t\t<\/div>\n\t\t\t\t\t\t<\/div>\n\t\t\t\t<\/div>\n\t\t\t\t\t<\/div>\n\t\t<\/div>\n\t\t\t\t\t<\/div>\n\t\t<\/section>\n\t\t\t\t<\/div>","protected":false},"excerpt":{"rendered":"<p>Di\u011fer Hizmetlerimiz Seramik Ta\u015flar Porselen Ta\u015flar Plastik Ta\u015flar \u00dcreyik Ta\u015flar Kurutma Gran\u00fclleri Y\u00fczey \u0130\u015flem S\u0131v\u0131lar\u0131 Kumlama Tesisleri ve Ekipmanlar\u0131 Vibrasyon Makinalar\u0131 Detayl\u0131 bilgi i\u00e7in Vibrasyon Sarf Malzemeleri \u00dcreyik Ta\u015flar Nerede kullan\u0131l\u0131r? \u00d6zellikle \u00e7inko (zamak) ve al\u00fcminyum gibi yumu\u015fak metallerde y\u00fczey a\u015f\u0131nd\u0131rma ve \u00e7apak alma i\u015flemlerinde kullan\u0131lan ta\u015flard\u0131r. \u00d6n kaplama y\u00fczey haz\u0131rl\u0131\u011f\u0131 i\u00e7in uygundurlar. \u00dcreyik cipslerimiz [&hellip;]<\/p>","protected":false},"author":1,"featured_media":11660,"parent":10445,"menu_order":0,"comment_status":"closed","ping_status":"closed","template":"","meta":{"footnotes":""},"class_list":["post-2517","page","type-page","status-publish","has-post-thumbnail","hentry"],"yoast_head":"<!-- This site is optimized with the Yoast SEO plugin v25.9 - https:\/\/yoast.com\/wordpress\/plugins\/seo\/ -->\n<title>\u00dcreyik Ta\u015flar - GG Finishing<\/title>\n<meta name=\"robots\" content=\"index, follow, max-snippet:-1, max-image-preview:large, max-video-preview:-1\" \/>\n<link rel=\"canonical\" href=\"https:\/\/www.ggfinishing.com\/en\/urunler\/vibrasyon-sarf-malzemeleri\/ureyik-taslar\/\" \/>\n<meta property=\"og:locale\" content=\"en_US\" \/>\n<meta property=\"og:type\" content=\"article\" \/>\n<meta property=\"og:title\" content=\"\u00dcreyik Ta\u015flar - GG Finishing\" \/>\n<meta property=\"og:description\" content=\"Di\u011fer Hizmetlerimiz Seramik Ta\u015flar Porselen Ta\u015flar Plastik Ta\u015flar \u00dcreyik Ta\u015flar Kurutma Gran\u00fclleri Y\u00fczey \u0130\u015flem S\u0131v\u0131lar\u0131 Kumlama Tesisleri ve Ekipmanlar\u0131 Vibrasyon Makinalar\u0131 Detayl\u0131 bilgi i\u00e7in Vibrasyon Sarf Malzemeleri \u00dcreyik Ta\u015flar Nerede kullan\u0131l\u0131r? \u00d6zellikle \u00e7inko (zamak) ve al\u00fcminyum gibi yumu\u015fak metallerde y\u00fczey a\u015f\u0131nd\u0131rma ve \u00e7apak alma i\u015flemlerinde kullan\u0131lan ta\u015flard\u0131r. \u00d6n kaplama y\u00fczey haz\u0131rl\u0131\u011f\u0131 i\u00e7in uygundurlar. \u00dcreyik cipslerimiz [&hellip;]\" \/>\n<meta property=\"og:url\" content=\"https:\/\/www.ggfinishing.com\/en\/urunler\/vibrasyon-sarf-malzemeleri\/ureyik-taslar\/\" \/>\n<meta property=\"og:site_name\" content=\"GG Finishing\" \/>\n<meta property=\"article:modified_time\" content=\"2023-04-03T09:48:33+00:00\" \/>\n<meta property=\"og:image\" content=\"https:\/\/www.ggfinishing.com\/wp-content\/uploads\/2023\/04\/Vibrasyon-Sarf-Malzemeleri-Ureyik-Tas.jpeg\" \/>\n\t<meta property=\"og:image:width\" content=\"1220\" \/>\n\t<meta property=\"og:image:height\" content=\"854\" \/>\n\t<meta property=\"og:image:type\" content=\"image\/jpeg\" \/>\n<meta name=\"twitter:card\" content=\"summary_large_image\" \/>\n<meta name=\"twitter:label1\" content=\"Est. reading time\" \/>\n\t<meta name=\"twitter:data1\" content=\"2 minutes\" \/>\n<script type=\"application\/ld+json\" class=\"yoast-schema-graph\">{\"@context\":\"https:\/\/schema.org\",\"@graph\":[{\"@type\":\"WebPage\",\"@id\":\"https:\/\/www.ggfinishing.com\/urunler\/vibrasyon-sarf-malzemeleri\/ureyik-taslar\/\",\"url\":\"https:\/\/www.ggfinishing.com\/urunler\/vibrasyon-sarf-malzemeleri\/ureyik-taslar\/\",\"name\":\"\u00dcreyik Ta\u015flar - GG Finishing\",\"isPartOf\":{\"@id\":\"https:\/\/www.ggfinishing.com\/#website\"},\"primaryImageOfPage\":{\"@id\":\"https:\/\/www.ggfinishing.com\/urunler\/vibrasyon-sarf-malzemeleri\/ureyik-taslar\/#primaryimage\"},\"image\":{\"@id\":\"https:\/\/www.ggfinishing.com\/urunler\/vibrasyon-sarf-malzemeleri\/ureyik-taslar\/#primaryimage\"},\"thumbnailUrl\":\"https:\/\/www.ggfinishing.com\/wp-content\/uploads\/2023\/04\/Vibrasyon-Sarf-Malzemeleri-Ureyik-Tas.jpeg\",\"datePublished\":\"2022-04-15T09:30:40+00:00\",\"dateModified\":\"2023-04-03T09:48:33+00:00\",\"breadcrumb\":{\"@id\":\"https:\/\/www.ggfinishing.com\/urunler\/vibrasyon-sarf-malzemeleri\/ureyik-taslar\/#breadcrumb\"},\"inLanguage\":\"en-US\",\"potentialAction\":[{\"@type\":\"ReadAction\",\"target\":[\"https:\/\/www.ggfinishing.com\/urunler\/vibrasyon-sarf-malzemeleri\/ureyik-taslar\/\"]}]},{\"@type\":\"ImageObject\",\"inLanguage\":\"en-US\",\"@id\":\"https:\/\/www.ggfinishing.com\/urunler\/vibrasyon-sarf-malzemeleri\/ureyik-taslar\/#primaryimage\",\"url\":\"https:\/\/www.ggfinishing.com\/wp-content\/uploads\/2023\/04\/Vibrasyon-Sarf-Malzemeleri-Ureyik-Tas.jpeg\",\"contentUrl\":\"https:\/\/www.ggfinishing.com\/wp-content\/uploads\/2023\/04\/Vibrasyon-Sarf-Malzemeleri-Ureyik-Tas.jpeg\",\"width\":1220,\"height\":854},{\"@type\":\"BreadcrumbList\",\"@id\":\"https:\/\/www.ggfinishing.com\/urunler\/vibrasyon-sarf-malzemeleri\/ureyik-taslar\/#breadcrumb\",\"itemListElement\":[{\"@type\":\"ListItem\",\"position\":1,\"name\":\"Home\",\"item\":\"https:\/\/www.ggfinishing.com\/\"},{\"@type\":\"ListItem\",\"position\":2,\"name\":\"\u00dcr\u00fcnler\",\"item\":\"https:\/\/www.ggfinishing.com\/urunler\/\"},{\"@type\":\"ListItem\",\"position\":3,\"name\":\"Vibrasyon Sarf Malzemeleri\",\"item\":\"https:\/\/www.ggfinishing.com\/urunler\/vibrasyon-sarf-malzemeleri\/\"},{\"@type\":\"ListItem\",\"position\":4,\"name\":\"\u00dcreyik Ta\u015flar\"}]},{\"@type\":\"WebSite\",\"@id\":\"https:\/\/www.ggfinishing.com\/#website\",\"url\":\"https:\/\/www.ggfinishing.com\/\",\"name\":\"GG Finishing\",\"description\":\"EQUIPMENTS \u2022 CONSUMABLES \u2022 SURFACE PREPERATION\",\"potentialAction\":[{\"@type\":\"SearchAction\",\"target\":{\"@type\":\"EntryPoint\",\"urlTemplate\":\"https:\/\/www.ggfinishing.com\/?s={search_term_string}\"},\"query-input\":{\"@type\":\"PropertyValueSpecification\",\"valueRequired\":true,\"valueName\":\"search_term_string\"}}],\"inLanguage\":\"en-US\"}]}<\/script>\n<!-- \/ Yoast SEO plugin. -->","yoast_head_json":{"title":"\u00dcreyik Ta\u015flar - GG Finishing","robots":{"index":"index","follow":"follow","max-snippet":"max-snippet:-1","max-image-preview":"max-image-preview:large","max-video-preview":"max-video-preview:-1"},"canonical":"https:\/\/www.ggfinishing.com\/en\/urunler\/vibrasyon-sarf-malzemeleri\/ureyik-taslar\/","og_locale":"en_US","og_type":"article","og_title":"\u00dcreyik Ta\u015flar - GG Finishing","og_description":"Di\u011fer Hizmetlerimiz Seramik Ta\u015flar Porselen Ta\u015flar Plastik Ta\u015flar \u00dcreyik Ta\u015flar Kurutma Gran\u00fclleri Y\u00fczey \u0130\u015flem S\u0131v\u0131lar\u0131 Kumlama Tesisleri ve Ekipmanlar\u0131 Vibrasyon Makinalar\u0131 Detayl\u0131 bilgi i\u00e7in Vibrasyon Sarf Malzemeleri \u00dcreyik Ta\u015flar Nerede kullan\u0131l\u0131r? \u00d6zellikle \u00e7inko (zamak) ve al\u00fcminyum gibi yumu\u015fak metallerde y\u00fczey a\u015f\u0131nd\u0131rma ve \u00e7apak alma i\u015flemlerinde kullan\u0131lan ta\u015flard\u0131r. \u00d6n kaplama y\u00fczey haz\u0131rl\u0131\u011f\u0131 i\u00e7in uygundurlar. \u00dcreyik cipslerimiz [&hellip;]","og_url":"https:\/\/www.ggfinishing.com\/en\/urunler\/vibrasyon-sarf-malzemeleri\/ureyik-taslar\/","og_site_name":"GG Finishing","article_modified_time":"2023-04-03T09:48:33+00:00","og_image":[{"width":1220,"height":854,"url":"https:\/\/www.ggfinishing.com\/wp-content\/uploads\/2023\/04\/Vibrasyon-Sarf-Malzemeleri-Ureyik-Tas.jpeg","type":"image\/jpeg"}],"twitter_card":"summary_large_image","twitter_misc":{"Est. reading time":"2 minutes"},"schema":{"@context":"https:\/\/schema.org","@graph":[{"@type":"WebPage","@id":"https:\/\/www.ggfinishing.com\/urunler\/vibrasyon-sarf-malzemeleri\/ureyik-taslar\/","url":"https:\/\/www.ggfinishing.com\/urunler\/vibrasyon-sarf-malzemeleri\/ureyik-taslar\/","name":"\u00dcreyik Ta\u015flar - GG Finishing","isPartOf":{"@id":"https:\/\/www.ggfinishing.com\/#website"},"primaryImageOfPage":{"@id":"https:\/\/www.ggfinishing.com\/urunler\/vibrasyon-sarf-malzemeleri\/ureyik-taslar\/#primaryimage"},"image":{"@id":"https:\/\/www.ggfinishing.com\/urunler\/vibrasyon-sarf-malzemeleri\/ureyik-taslar\/#primaryimage"},"thumbnailUrl":"https:\/\/www.ggfinishing.com\/wp-content\/uploads\/2023\/04\/Vibrasyon-Sarf-Malzemeleri-Ureyik-Tas.jpeg","datePublished":"2022-04-15T09:30:40+00:00","dateModified":"2023-04-03T09:48:33+00:00","breadcrumb":{"@id":"https:\/\/www.ggfinishing.com\/urunler\/vibrasyon-sarf-malzemeleri\/ureyik-taslar\/#breadcrumb"},"inLanguage":"en-US","potentialAction":[{"@type":"ReadAction","target":["https:\/\/www.ggfinishing.com\/urunler\/vibrasyon-sarf-malzemeleri\/ureyik-taslar\/"]}]},{"@type":"ImageObject","inLanguage":"en-US","@id":"https:\/\/www.ggfinishing.com\/urunler\/vibrasyon-sarf-malzemeleri\/ureyik-taslar\/#primaryimage","url":"https:\/\/www.ggfinishing.com\/wp-content\/uploads\/2023\/04\/Vibrasyon-Sarf-Malzemeleri-Ureyik-Tas.jpeg","contentUrl":"https:\/\/www.ggfinishing.com\/wp-content\/uploads\/2023\/04\/Vibrasyon-Sarf-Malzemeleri-Ureyik-Tas.jpeg","width":1220,"height":854},{"@type":"BreadcrumbList","@id":"https:\/\/www.ggfinishing.com\/urunler\/vibrasyon-sarf-malzemeleri\/ureyik-taslar\/#breadcrumb","itemListElement":[{"@type":"ListItem","position":1,"name":"Home","item":"https:\/\/www.ggfinishing.com\/"},{"@type":"ListItem","position":2,"name":"\u00dcr\u00fcnler","item":"https:\/\/www.ggfinishing.com\/urunler\/"},{"@type":"ListItem","position":3,"name":"Vibrasyon Sarf Malzemeleri","item":"https:\/\/www.ggfinishing.com\/urunler\/vibrasyon-sarf-malzemeleri\/"},{"@type":"ListItem","position":4,"name":"\u00dcreyik Ta\u015flar"}]},{"@type":"WebSite","@id":"https:\/\/www.ggfinishing.com\/#website","url":"https:\/\/www.ggfinishing.com\/","name":"GG Finishing","description":"EQUIPMENTS \u2022 CONSUMABLES \u2022 SURFACE PREPERATION","potentialAction":[{"@type":"SearchAction","target":{"@type":"EntryPoint","urlTemplate":"https:\/\/www.ggfinishing.com\/?s={search_term_string}"},"query-input":{"@type":"PropertyValueSpecification","valueRequired":true,"valueName":"search_term_string"}}],"inLanguage":"en-US"}]}},"_links":{"self":[{"href":"https:\/\/www.ggfinishing.com\/en\/wp-json\/wp\/v2\/pages\/2517","targetHints":{"allow":["GET"]}}],"collection":[{"href":"https:\/\/www.ggfinishing.com\/en\/wp-json\/wp\/v2\/pages"}],"about":[{"href":"https:\/\/www.ggfinishing.com\/en\/wp-json\/wp\/v2\/types\/page"}],"author":[{"embeddable":true,"href":"https:\/\/www.ggfinishing.com\/en\/wp-json\/wp\/v2\/users\/1"}],"replies":[{"embeddable":true,"href":"https:\/\/www.ggfinishing.com\/en\/wp-json\/wp\/v2\/comments?post=2517"}],"version-history":[{"count":11,"href":"https:\/\/www.ggfinishing.com\/en\/wp-json\/wp\/v2\/pages\/2517\/revisions"}],"predecessor-version":[{"id":11669,"href":"https:\/\/www.ggfinishing.com\/en\/wp-json\/wp\/v2\/pages\/2517\/revisions\/11669"}],"up":[{"embeddable":true,"href":"https:\/\/www.ggfinishing.com\/en\/wp-json\/wp\/v2\/pages\/10445"}],"wp:featuredmedia":[{"embeddable":true,"href":"https:\/\/www.ggfinishing.com\/en\/wp-json\/wp\/v2\/media\/11660"}],"wp:attachment":[{"href":"https:\/\/www.ggfinishing.com\/en\/wp-json\/wp\/v2\/media?parent=2517"}],"curies":[{"name":"wp","href":"https:\/\/api.w.org\/{rel}","templated":true}]}}