{"id":2530,"date":"2022-04-15T09:36:08","date_gmt":"2022-04-15T09:36:08","guid":{"rendered":"http:\/\/ggfinishing.com\/?page_id=2530"},"modified":"2023-04-01T18:53:07","modified_gmt":"2023-04-01T15:53:07","slug":"yuzey-islem-sivilari","status":"publish","type":"page","link":"https:\/\/www.ggfinishing.com\/en\/products\/vibration-consumables\/compounds\/","title":{"rendered":"Compounds"},"content":{"rendered":"<div data-elementor-type=\"wp-page\" data-elementor-id=\"2530\" class=\"elementor elementor-2530\" data-elementor-post-type=\"page\">\n\t\t\t\t\t\t<section class=\"elementor-section elementor-top-section elementor-element elementor-element-244f78d5 elementor-reverse-mobile elementor-section-boxed elementor-section-height-default elementor-section-height-default\" data-id=\"244f78d5\" data-element_type=\"section\">\n\t\t\t\t\t\t<div class=\"elementor-container elementor-column-gap-default\">\n\t\t\t\t\t<div class=\"lqd-css-sticky-column elementor-column elementor-col-50 elementor-top-column elementor-element elementor-element-36ecbfd7\" style=\"--lqd-sticky-offset:30px\" data-id=\"36ecbfd7\" data-element_type=\"column\">\n\t\t\t<div class=\"elementor-widget-wrap elementor-element-populated\">\n\t\t\t\t\t\t<div class=\"elementor-element elementor-element-21837e5f elementor-widget elementor-widget-ld_custom_menu\" data-id=\"21837e5f\" data-element_type=\"widget\" data-widget_type=\"ld_custom_menu.default\">\n\t\t\t\t<div class=\"elementor-widget-container\">\n\t\t\t\t\t\n\t\t\t<div  \n\t\t\t\tclass=\"lqd-fancy-menu lqd-custom-menu pos-rel menu-items-has-fill lqd-menu-td-none lqd-custom-menu-mobile-collapsible\"\n\t\t\t\t\t\t\t>\n\t\t\t\t\t\t<span class=\"lqd-custom-menu-dropdown-btn d-flex align-items-center\" data-target=\"#21837e5f\" data-toggle=\"collapse\" data-ld-toggle=\"true\" data-toggle-options='{ \"closeOnOutsideClick\": {\"ifNotIn\": \"#lqd-site-content\"} }'>\n\n\t\t\t\t\t\t\t\t\n\t\t\t\t\t\t\t\t\t<span class=\"toggle-label\">\n\t\t\t\t\t\t\t\t\t\t\t\t\tDi\u011fer Hizmetlerimiz\t\t\t\t\t\t\t\t\t\t\t<\/span>\n\t\t\t\t\n\t\t\t\t<span class=\"expander-icon ms-auto d-inline-flex\">\n\t\t\t\t\t<i class=\"lqd-icn-ess icon-ion-ios-arrow-down\"><\/i>\n\t\t\t\t<\/span>\n\t\t\t<\/span>\n\t\t\t\n\t\t\t\t\t\t<ul id=\"21837e5f\" class=\"reset-ul\" itemtype=\"http:\/\/schema.org\/SiteNavigationElement\" itemscope=\"itemscope\"><li id=\"menu-item-10598\" class=\"menu-item menu-item-type-post_type menu-item-object-page menu-item-10598\"><a href=\"https:\/\/www.ggfinishing.com\/en\/products\/vibration-consumables\/ceramic-chips\/\">Ceramic Chips<\/a><\/li>\n<li id=\"menu-item-10599\" class=\"menu-item menu-item-type-post_type menu-item-object-page menu-item-10599\"><a href=\"https:\/\/www.ggfinishing.com\/en\/products\/vibration-consumables\/porcelain-chips\/\">Porcelain Chips<\/a><\/li>\n<li id=\"menu-item-10600\" class=\"menu-item menu-item-type-post_type menu-item-object-page menu-item-10600\"><a href=\"https:\/\/www.ggfinishing.com\/en\/products\/vibration-consumables\/plastic-chips\/\">Plastic Chips<\/a><\/li>\n<li id=\"menu-item-10601\" class=\"menu-item menu-item-type-post_type menu-item-object-page menu-item-10601\"><a href=\"https:\/\/www.ggfinishing.com\/en\/products\/vibration-consumables\/ureic-chips\/\">Ureic Chips<\/a><\/li>\n<li id=\"menu-item-10602\" class=\"menu-item menu-item-type-post_type menu-item-object-page menu-item-10602\"><a href=\"https:\/\/www.ggfinishing.com\/en\/products\/vibration-consumables\/drying-granules\/\">Drying Granules<\/a><\/li>\n<li id=\"menu-item-10603\" class=\"menu-item menu-item-type-post_type menu-item-object-page menu-item-10603\"><a href=\"https:\/\/www.ggfinishing.com\/en\/products\/vibration-consumables\/compounds\/\">Compounds<\/a><\/li>\n<li id=\"menu-item-10604\" class=\"menu-item menu-item-type-custom menu-item-object-custom menu-item-10604\"><a href=\"https:\/\/www.alfatechnic.com.tr\">Sandblasting Facilities and Equipments<\/a><\/li>\n<li id=\"menu-item-10605\" class=\"menu-item menu-item-type-custom menu-item-object-custom menu-item-10605\"><a href=\"https:\/\/kayakocvib.com\">Vibration Machines<\/a><\/li>\n<\/ul>\t\t\t\t\t\t\t\t\t<\/div>\n\t\t\t\t\t\t<\/div>\n\t\t\t\t<\/div>\n\t\t\t\t<section class=\"elementor-section elementor-inner-section elementor-element elementor-element-5f1face4 elementor-section-boxed elementor-section-height-default elementor-section-height-default\" data-id=\"5f1face4\" data-element_type=\"section\">\n\t\t\t\t\t\t<div class=\"elementor-container elementor-column-gap-default\">\n\t\t\t\t\t<div class=\"elementor-column elementor-col-100 elementor-inner-column elementor-element elementor-element-451ec6f5\" data-id=\"451ec6f5\" data-element_type=\"column\" data-settings=\"{&quot;background_background&quot;:&quot;classic&quot;}\">\n\t\t\t<div class=\"elementor-widget-wrap elementor-element-populated\">\n\t\t\t\t\t\t<div class=\"elementor-element elementor-element-531cdd4b elementor-widget elementor-widget-hub_fancy_heading\" data-id=\"531cdd4b\" data-element_type=\"widget\" data-widget_type=\"hub_fancy_heading.default\">\n\t\t\t\t<div class=\"elementor-widget-container\">\n\t\t\t\t\t\n\t\t<div id=\"ld-fancy-heading-69e4ddfa61a13\" class=\"ld-fancy-heading pos-rel\">\n\t\t\t<h3 class=\"ld-fh-element d-inline-block pos-rel  elementor-heading-title lqd-highlight-classic lqd-highlight-grow-left h3\"  > For detailed information<\/h3>\t\t<\/div>\n\n\t\t\t\t\t\t<\/div>\n\t\t\t\t<\/div>\n\t\t\t\t<div class=\"elementor-element elementor-element-78a562fb elementor-widget elementor-widget-ld_cf722\" data-id=\"78a562fb\" data-element_type=\"widget\" data-widget_type=\"ld_cf722.default\">\n\t\t\t\t<div class=\"elementor-widget-container\">\n\t\t\t\t\t\n\t<div class=\"lqd-contact-form lqd-contact-form-inputs-filled  lqd-contact-form-inputs-round lqd-contact-form-button-block\">\n\t\t\n<div class=\"wpcf7 no-js\" id=\"wpcf7-f10285-o1\" lang=\"en-US\" dir=\"ltr\" data-wpcf7-id=\"10285\">\n<div class=\"screen-reader-response\"><p role=\"status\" aria-live=\"polite\" aria-atomic=\"true\"><\/p> <ul><\/ul><\/div>\n<form action=\"\/en\/wp-json\/wp\/v2\/pages\/2530#wpcf7-f10285-o1\" method=\"post\" class=\"wpcf7-form init\" aria-label=\"Contact form\" novalidate=\"novalidate\" data-status=\"init\" data-trp-original-action=\"\/en\/wp-json\/wp\/v2\/pages\/2530#wpcf7-f10285-o1\">\n<fieldset class=\"hidden-fields-container\"><input type=\"hidden\" name=\"_wpcf7\" value=\"10285\" \/><input type=\"hidden\" name=\"_wpcf7_version\" value=\"6.1.1\" \/><input type=\"hidden\" name=\"_wpcf7_locale\" value=\"en_US\" \/><input type=\"hidden\" name=\"_wpcf7_unit_tag\" value=\"wpcf7-f10285-o1\" \/><input type=\"hidden\" name=\"_wpcf7_container_post\" value=\"0\" \/><input type=\"hidden\" name=\"_wpcf7_posted_data_hash\" value=\"\" \/><input type=\"hidden\" name=\"_wpcf7_recaptcha_response\" value=\"\" \/>\n<\/fieldset>\n<p><span class=\"wpcf7-form-control-wrap\" data-name=\"text-775\"><input size=\"40\" maxlength=\"400\" class=\"wpcf7-form-control wpcf7-text wpcf7-validates-as-required\" aria-required=\"true\" aria-invalid=\"false\" placeholder=\"Your name\" value=\"\" type=\"text\" name=\"text-775\" \/><\/span><span class=\"wpcf7-form-control-wrap\" data-name=\"email-550\"><input size=\"40\" maxlength=\"400\" class=\"wpcf7-form-control wpcf7-email wpcf7-validates-as-required wpcf7-text wpcf7-validates-as-email\" aria-required=\"true\" aria-invalid=\"false\" placeholder=\"Email Address\" value=\"\" type=\"email\" name=\"email-550\" \/><\/span><span class=\"wpcf7-form-control-wrap\" data-name=\"textarea-138\"><textarea cols=\"10\" rows=\"4\" maxlength=\"2000\" class=\"wpcf7-form-control wpcf7-textarea wpcf7-validates-as-required\" aria-required=\"true\" aria-invalid=\"false\" placeholder=\"Message\" name=\"textarea-138\"><\/textarea><\/span>\n<input class=\"wpcf7-form-control wpcf7-submit has-spinner\" type=\"submit\" value=\"Send\" \/>\n<\/p><div class=\"wpcf7-response-output\" aria-hidden=\"true\"><\/div>\n<input type=\"hidden\" name=\"trp-form-language\" value=\"en\"\/><\/form>\n<\/div>\n\t<\/div>\n\n\t\t\t\t\t<\/div>\n\t\t\t\t<\/div>\n\t\t\t\t\t<\/div>\n\t\t<\/div>\n\t\t\t\t\t<\/div>\n\t\t<\/section>\n\t\t\t\t\t<\/div>\n\t\t<\/div>\n\t\t\t\t<div class=\"elementor-column elementor-col-50 elementor-top-column elementor-element elementor-element-7a545ba1\" data-id=\"7a545ba1\" data-element_type=\"column\">\n\t\t\t<div class=\"elementor-widget-wrap elementor-element-populated\">\n\t\t\t\t\t\t<div class=\"elementor-element elementor-element-56370fba elementor-widget elementor-widget-ld_content_box\" data-id=\"56370fba\" data-element_type=\"widget\" data-widget_type=\"ld_content_box.default\">\n\t\t\t\t<div class=\"elementor-widget-container\">\n\t\t\t\t\t \n\n\t\t<div class=\"lqd-fb pos-rel lqd-fb-style-1 lqd-fb-style-1-3 lqd-fb-content-overlay lqd-fb-zoom-img-onhover border-radius-4 overflow-hidden h-pt-60\" data-inview=\"true\">\n\t\t\t\t\t<div class=\"lqd-fb-inner lqd-overlay\">\n\n\t\t\t\t<div class=\"lqd-fb-img lqd-overlay overflow-hidden\">\n\n\t\t\t\t\t<figure class=\"w-100 h-100\">\n\t\t\t\t\t\t<img decoding=\"async\" class=\"w-100 h-100 objfit-cover objpos-center\" src=\"https:\/\/www.ggfinishing.com\/wp-content\/uploads\/2023\/03\/Yuzey-Islem-Sivilari.jpg\">\t\t\t\t\t<\/figure>\n\n\t\t\t\t<\/div>\n\n\t\t\t\t<div class=\"lqd-fb-content lqd-overlay d-flex align-items-end\">\n\t\t\t\t\t<div class=\"lqd-fb-bg lqd-overlay\"><\/div>\n\t\t\t\t\t<div class=\"lqd-fb-hover-overlay lqd-overlay\"><\/div>\n\t\t\t\t\t<div class=\"lqd-fb-content-inner d-flex flex-column justify-content-between pos-rel h-100 w-100 p-4\">\n\t\t\t\t\t\t\n\t\t\t\t\t\t\t\t\t\t\t\t<div class=\"lqd-fb-content-top\">\n\t\t\t\t\t\t\t<h6 class=\"mt-0 mb-0\">Vibration Consumables<\/h6>\n\t\t\t\t\t\t<\/div>\n\t\t\t\t\t\t\t\t\t\t\t\t\n\t\t\t\t\t\t<div class=\"lqd-fb-content-bottom\">\n\t\t\t\t\t\t\t\n\t\t\t\t\t\t\t<h2 class=\"lqd-fb__title mt-0 mb-2\">Compounds<\/h2>\t\t\t\t\t\t\t\n\t\t\t\t\t\t\t\n\t\t\t\t\t\t<\/div>\n\n\t\t\t\t\t\t\t\t\t\t\t\t\n\t\t\t\t\t<\/div>\n\t\t\t\t<\/div>\n\n\t\t\t\t<\/div>\n\t\t\t \n\t\t<\/div>\n\t\t\t\t\t\t<\/div>\n\t\t\t\t<\/div>\n\t\t\t\t<div class=\"elementor-element elementor-element-4df34752 elementor-widget elementor-widget-hub_fancy_heading\" data-id=\"4df34752\" data-element_type=\"widget\" data-widget_type=\"hub_fancy_heading.default\">\n\t\t\t\t<div class=\"elementor-widget-container\">\n\t\t\t\t\t\n\t\t<div id=\"ld-fancy-heading-69e4ddfa6541a\" class=\"ld-fancy-heading pos-rel\">\n\t\t\t<h3 class=\"ld-fh-element d-inline-block pos-rel  elementor-heading-title lqd-highlight-classic lqd-highlight-grow-left h3\"  > Where is it used?<\/h3>\t\t<\/div>\n\n\t\t\t\t\t\t<\/div>\n\t\t\t\t<\/div>\n\t\t\t\t<div class=\"elementor-element elementor-element-243af399 elementor-widget elementor-widget-hub_fancy_heading\" data-id=\"243af399\" data-element_type=\"widget\" data-widget_type=\"hub_fancy_heading.default\">\n\t\t\t\t<div class=\"elementor-widget-container\">\n\t\t\t\t\t\n\t\t<div id=\"ld-fancy-heading-69e4ddfa6579c\" class=\"ld-fancy-heading pos-rel\">\n\t\t\t<p class=\"ld-fh-element d-inline-block pos-rel  lqd-highlight-classic lqd-highlight-grow-left p\"  > Liquids are used in the following processes in vibration and centrifugal machines.\n<br><br>\n- Pre-Degreasing<br>\n- Descaling<br>\n- Deburring<br>\n- Polishing<br>\n- Corrosion Prevention<br><br>\n\nVarious liquid derivatives are available and are selected according to application and material type. All our liquids are environmentally friendly and do not harm human health. Please contact us for the use and quantity of vibration machines. Our liquids do not contain dyes or substances that do not comply with discharge standards that may enter waste water.<\/p>\t\t<\/div>\n\n\t\t\t\t\t\t<\/div>\n\t\t\t\t<\/div>\n\t\t\t\t<div class=\"elementor-element elementor-element-909dc29 elementor-widget elementor-widget-image\" data-id=\"909dc29\" data-element_type=\"widget\" data-widget_type=\"image.default\">\n\t\t\t\t<div class=\"elementor-widget-container\">\n\t\t\t\t\t\t\t\t\t\t\t\t\t\t\t<img fetchpriority=\"high\" decoding=\"async\" width=\"449\" height=\"451\" src=\"https:\/\/www.ggfinishing.com\/wp-content\/uploads\/2023\/03\/Yuzey-Islem-Sivilari-Urun.jpg\" class=\"attachment-large size-large wp-image-10951\" alt=\"\" srcset=\"https:\/\/www.ggfinishing.com\/wp-content\/uploads\/2023\/03\/Yuzey-Islem-Sivilari-Urun.jpg 449w, https:\/\/www.ggfinishing.com\/wp-content\/uploads\/2023\/03\/Yuzey-Islem-Sivilari-Urun-300x300.jpg 300w, https:\/\/www.ggfinishing.com\/wp-content\/uploads\/2023\/03\/Yuzey-Islem-Sivilari-Urun-150x150.jpg 150w, https:\/\/www.ggfinishing.com\/wp-content\/uploads\/2023\/03\/Yuzey-Islem-Sivilari-Urun-320x320.jpg 320w, https:\/\/www.ggfinishing.com\/wp-content\/uploads\/2023\/03\/Yuzey-Islem-Sivilari-Urun-12x12.jpg 12w\" sizes=\"(max-width: 449px) 100vw, 449px\" \/>\t\t\t\t\t\t\t\t\t\t\t\t\t\t\t<\/div>\n\t\t\t\t<\/div>\n\t\t\t\t<div class=\"elementor-element elementor-element-7032e931 elementor-widget-divider--view-line elementor-widget elementor-widget-divider\" data-id=\"7032e931\" data-element_type=\"widget\" data-widget_type=\"divider.default\">\n\t\t\t\t<div class=\"elementor-widget-container\">\n\t\t\t\t\t\t\t<div class=\"elementor-divider\">\n\t\t\t<span class=\"elementor-divider-separator\">\n\t\t\t\t\t\t<\/span>\n\t\t<\/div>\n\t\t\t\t\t\t<\/div>\n\t\t\t\t<\/div>\n\t\t\t\t<div class=\"elementor-element elementor-element-4ab8866c elementor-widget elementor-widget-hub_fancy_heading\" data-id=\"4ab8866c\" data-element_type=\"widget\" data-widget_type=\"hub_fancy_heading.default\">\n\t\t\t\t<div class=\"elementor-widget-container\">\n\t\t\t\t\t\n\t\t<div id=\"ld-fancy-heading-69e4ddfa7790a\" class=\"ld-fancy-heading pos-rel\">\n\t\t\t<h3 class=\"ld-fh-element d-inline-block pos-rel  elementor-heading-title lqd-highlight-classic lqd-highlight-grow-left h3\"  > Varieties<\/h3>\t\t<\/div>\n\n\t\t\t\t\t\t<\/div>\n\t\t\t\t<\/div>\n\t\t\t\t<div class=\"elementor-element elementor-element-78dca03 elementor-widget elementor-widget-text-editor\" data-id=\"78dca03\" data-element_type=\"widget\" data-widget_type=\"text-editor.default\">\n\t\t\t\t<div class=\"elementor-widget-container\">\n\t\t\t\t\t\t\t\t\t<p><b>028-S Degreasing Fluid<\/b><\/p><p>Used for pre-oiling. Can be used on all metal and non-metallic surfaces in general.<\/p><p>It is used to degrease the surface before deburring and to prepare parts for deburring or polishing. It is a strongly acidic degreasing liquid.<\/p><p>pH: 3-4<\/p><p>Available in 30 kg plastic drums.<\/p><p><b>028 Degreasing Fluid<\/b><\/p><p>It is used for pre-degreasing and descaling. It can be generally used for all metal and non-metal surfaces.<\/p><p>It is used for degreasing the surface before deburring and preparing the parts for deburring or polishing. It is a strong acidic degreasing liquid.<\/p><p>pH: 1-2<\/p><p>Available in 30 kg plastic drums.<\/p><p><b>943 Deburring and Polishing Fluid<\/b><\/p><p>It is a surface treatment liquid used for deburring and polishing of iron and iron alloy (ferritic) metals. It prevents corrosion during vibration and provides effective polishing. It has a high corrosion prevention effect. <br><br>pH: 9-10<\/p><p>Available in 30 kg plastic drums.<\/p><p><b>085 Deburring and Polishing Fluid<\/b><\/p><p>Non-ferrous metals ( Aluminum- Zamak- Zinc- Nickel alloys ) It is a surface treatment liquid used in deburring and polishing processes. Provides effective polishing.<\/p><p>pH: 10-10,5<\/p><p>Available in 30 kg plastic drums.<\/p><p>Specially prepared liquids can be developed for various applications. You can contact us for more informations.<\/p>\t\t\t\t\t\t\t\t<\/div>\n\t\t\t\t<\/div>\n\t\t\t\t<div class=\"elementor-element elementor-element-4bcdfcbf elementor-widget-divider--view-line elementor-widget elementor-widget-divider\" data-id=\"4bcdfcbf\" data-element_type=\"widget\" data-widget_type=\"divider.default\">\n\t\t\t\t<div class=\"elementor-widget-container\">\n\t\t\t\t\t\t\t<div class=\"elementor-divider\">\n\t\t\t<span class=\"elementor-divider-separator\">\n\t\t\t\t\t\t<\/span>\n\t\t<\/div>\n\t\t\t\t\t\t<\/div>\n\t\t\t\t<\/div>\n\t\t\t\t\t<\/div>\n\t\t<\/div>\n\t\t\t\t\t<\/div>\n\t\t<\/section>\n\t\t\t\t<\/div>","protected":false},"excerpt":{"rendered":"<p>Di\u011fer Hizmetlerimiz Seramik Ta\u015flar Porselen Ta\u015flar Plastik Ta\u015flar \u00dcreyik Ta\u015flar Kurutma Gran\u00fclleri Y\u00fczey \u0130\u015flem S\u0131v\u0131lar\u0131 Kumlama Tesisleri ve Ekipmanlar\u0131 Vibrasyon Makinalar\u0131 Detayl\u0131 bilgi i\u00e7in Vibrasyon Sarf Malzemeleri Y\u00fczey \u0130\u015flem S\u0131v\u0131lar\u0131 Nerede kullan\u0131l\u0131r? S\u0131v\u0131lar, vibrasyon ve santrif\u00fcj makinelerde a\u015fa\u011f\u0131daki i\u015flemlerde kullan\u0131l\u0131r: &#8211; \u00d6n ya\u011f giderme &#8211; Kire\u00e7 \u00e7\u00f6zme &#8211; \u00c7apak alma &#8211; Parlatma &#8211; Korozyon \u00f6nleme [&hellip;]<\/p>","protected":false},"author":1,"featured_media":10952,"parent":10445,"menu_order":0,"comment_status":"closed","ping_status":"closed","template":"","meta":{"footnotes":""},"class_list":["post-2530","page","type-page","status-publish","has-post-thumbnail","hentry"],"yoast_head":"<!-- This site is optimized with the Yoast SEO plugin v25.9 - https:\/\/yoast.com\/wordpress\/plugins\/seo\/ -->\n<title>Y\u00fczey \u0130\u015flem S\u0131v\u0131lar\u0131 - GG Finishing<\/title>\n<meta name=\"robots\" content=\"index, follow, max-snippet:-1, max-image-preview:large, max-video-preview:-1\" \/>\n<link rel=\"canonical\" href=\"https:\/\/www.ggfinishing.com\/en\/urunler\/vibrasyon-sarf-malzemeleri\/yuzey-islem-sivilari\/\" \/>\n<meta property=\"og:locale\" content=\"en_US\" \/>\n<meta property=\"og:type\" content=\"article\" \/>\n<meta property=\"og:title\" content=\"Y\u00fczey \u0130\u015flem S\u0131v\u0131lar\u0131 - GG Finishing\" \/>\n<meta property=\"og:description\" content=\"Di\u011fer Hizmetlerimiz Seramik Ta\u015flar Porselen Ta\u015flar Plastik Ta\u015flar \u00dcreyik Ta\u015flar Kurutma Gran\u00fclleri Y\u00fczey \u0130\u015flem S\u0131v\u0131lar\u0131 Kumlama Tesisleri ve Ekipmanlar\u0131 Vibrasyon Makinalar\u0131 Detayl\u0131 bilgi i\u00e7in Vibrasyon Sarf Malzemeleri Y\u00fczey \u0130\u015flem S\u0131v\u0131lar\u0131 Nerede kullan\u0131l\u0131r? S\u0131v\u0131lar, vibrasyon ve santrif\u00fcj makinelerde a\u015fa\u011f\u0131daki i\u015flemlerde kullan\u0131l\u0131r: &#8211; \u00d6n ya\u011f giderme &#8211; Kire\u00e7 \u00e7\u00f6zme &#8211; \u00c7apak alma &#8211; Parlatma &#8211; Korozyon \u00f6nleme [&hellip;]\" \/>\n<meta property=\"og:url\" content=\"https:\/\/www.ggfinishing.com\/en\/urunler\/vibrasyon-sarf-malzemeleri\/yuzey-islem-sivilari\/\" \/>\n<meta property=\"og:site_name\" content=\"GG Finishing\" \/>\n<meta property=\"article:modified_time\" content=\"2023-04-01T15:53:07+00:00\" \/>\n<meta property=\"og:image\" content=\"https:\/\/www.ggfinishing.com\/wp-content\/uploads\/2023\/03\/Yuzey-Islem-Sivilari.jpg\" \/>\n\t<meta property=\"og:image:width\" content=\"1280\" \/>\n\t<meta property=\"og:image:height\" content=\"854\" \/>\n\t<meta property=\"og:image:type\" content=\"image\/jpeg\" \/>\n<meta name=\"twitter:card\" content=\"summary_large_image\" \/>\n<meta name=\"twitter:label1\" content=\"Est. reading time\" \/>\n\t<meta name=\"twitter:data1\" content=\"2 minutes\" \/>\n<script type=\"application\/ld+json\" class=\"yoast-schema-graph\">{\"@context\":\"https:\/\/schema.org\",\"@graph\":[{\"@type\":\"WebPage\",\"@id\":\"https:\/\/www.ggfinishing.com\/urunler\/vibrasyon-sarf-malzemeleri\/yuzey-islem-sivilari\/\",\"url\":\"https:\/\/www.ggfinishing.com\/urunler\/vibrasyon-sarf-malzemeleri\/yuzey-islem-sivilari\/\",\"name\":\"Y\u00fczey \u0130\u015flem S\u0131v\u0131lar\u0131 - GG Finishing\",\"isPartOf\":{\"@id\":\"https:\/\/www.ggfinishing.com\/#website\"},\"primaryImageOfPage\":{\"@id\":\"https:\/\/www.ggfinishing.com\/urunler\/vibrasyon-sarf-malzemeleri\/yuzey-islem-sivilari\/#primaryimage\"},\"image\":{\"@id\":\"https:\/\/www.ggfinishing.com\/urunler\/vibrasyon-sarf-malzemeleri\/yuzey-islem-sivilari\/#primaryimage\"},\"thumbnailUrl\":\"https:\/\/www.ggfinishing.com\/wp-content\/uploads\/2023\/03\/Yuzey-Islem-Sivilari.jpg\",\"datePublished\":\"2022-04-15T09:36:08+00:00\",\"dateModified\":\"2023-04-01T15:53:07+00:00\",\"breadcrumb\":{\"@id\":\"https:\/\/www.ggfinishing.com\/urunler\/vibrasyon-sarf-malzemeleri\/yuzey-islem-sivilari\/#breadcrumb\"},\"inLanguage\":\"en-US\",\"potentialAction\":[{\"@type\":\"ReadAction\",\"target\":[\"https:\/\/www.ggfinishing.com\/urunler\/vibrasyon-sarf-malzemeleri\/yuzey-islem-sivilari\/\"]}]},{\"@type\":\"ImageObject\",\"inLanguage\":\"en-US\",\"@id\":\"https:\/\/www.ggfinishing.com\/urunler\/vibrasyon-sarf-malzemeleri\/yuzey-islem-sivilari\/#primaryimage\",\"url\":\"https:\/\/www.ggfinishing.com\/wp-content\/uploads\/2023\/03\/Yuzey-Islem-Sivilari.jpg\",\"contentUrl\":\"https:\/\/www.ggfinishing.com\/wp-content\/uploads\/2023\/03\/Yuzey-Islem-Sivilari.jpg\",\"width\":1280,\"height\":854},{\"@type\":\"BreadcrumbList\",\"@id\":\"https:\/\/www.ggfinishing.com\/urunler\/vibrasyon-sarf-malzemeleri\/yuzey-islem-sivilari\/#breadcrumb\",\"itemListElement\":[{\"@type\":\"ListItem\",\"position\":1,\"name\":\"Home\",\"item\":\"https:\/\/www.ggfinishing.com\/\"},{\"@type\":\"ListItem\",\"position\":2,\"name\":\"\u00dcr\u00fcnler\",\"item\":\"https:\/\/www.ggfinishing.com\/urunler\/\"},{\"@type\":\"ListItem\",\"position\":3,\"name\":\"Vibrasyon Sarf Malzemeleri\",\"item\":\"https:\/\/www.ggfinishing.com\/urunler\/vibrasyon-sarf-malzemeleri\/\"},{\"@type\":\"ListItem\",\"position\":4,\"name\":\"Y\u00fczey \u0130\u015flem S\u0131v\u0131lar\u0131\"}]},{\"@type\":\"WebSite\",\"@id\":\"https:\/\/www.ggfinishing.com\/#website\",\"url\":\"https:\/\/www.ggfinishing.com\/\",\"name\":\"GG Finishing\",\"description\":\"EQUIPMENTS \u2022 CONSUMABLES \u2022 SURFACE PREPERATION\",\"potentialAction\":[{\"@type\":\"SearchAction\",\"target\":{\"@type\":\"EntryPoint\",\"urlTemplate\":\"https:\/\/www.ggfinishing.com\/?s={search_term_string}\"},\"query-input\":{\"@type\":\"PropertyValueSpecification\",\"valueRequired\":true,\"valueName\":\"search_term_string\"}}],\"inLanguage\":\"en-US\"}]}<\/script>\n<!-- \/ Yoast SEO plugin. -->","yoast_head_json":{"title":"Y\u00fczey \u0130\u015flem S\u0131v\u0131lar\u0131 - GG Finishing","robots":{"index":"index","follow":"follow","max-snippet":"max-snippet:-1","max-image-preview":"max-image-preview:large","max-video-preview":"max-video-preview:-1"},"canonical":"https:\/\/www.ggfinishing.com\/en\/urunler\/vibrasyon-sarf-malzemeleri\/yuzey-islem-sivilari\/","og_locale":"en_US","og_type":"article","og_title":"Y\u00fczey \u0130\u015flem S\u0131v\u0131lar\u0131 - GG Finishing","og_description":"Di\u011fer Hizmetlerimiz Seramik Ta\u015flar Porselen Ta\u015flar Plastik Ta\u015flar \u00dcreyik Ta\u015flar Kurutma Gran\u00fclleri Y\u00fczey \u0130\u015flem S\u0131v\u0131lar\u0131 Kumlama Tesisleri ve Ekipmanlar\u0131 Vibrasyon Makinalar\u0131 Detayl\u0131 bilgi i\u00e7in Vibrasyon Sarf Malzemeleri Y\u00fczey \u0130\u015flem S\u0131v\u0131lar\u0131 Nerede kullan\u0131l\u0131r? S\u0131v\u0131lar, vibrasyon ve santrif\u00fcj makinelerde a\u015fa\u011f\u0131daki i\u015flemlerde kullan\u0131l\u0131r: &#8211; \u00d6n ya\u011f giderme &#8211; Kire\u00e7 \u00e7\u00f6zme &#8211; \u00c7apak alma &#8211; Parlatma &#8211; Korozyon \u00f6nleme [&hellip;]","og_url":"https:\/\/www.ggfinishing.com\/en\/urunler\/vibrasyon-sarf-malzemeleri\/yuzey-islem-sivilari\/","og_site_name":"GG Finishing","article_modified_time":"2023-04-01T15:53:07+00:00","og_image":[{"width":1280,"height":854,"url":"https:\/\/www.ggfinishing.com\/wp-content\/uploads\/2023\/03\/Yuzey-Islem-Sivilari.jpg","type":"image\/jpeg"}],"twitter_card":"summary_large_image","twitter_misc":{"Est. reading time":"2 minutes"},"schema":{"@context":"https:\/\/schema.org","@graph":[{"@type":"WebPage","@id":"https:\/\/www.ggfinishing.com\/urunler\/vibrasyon-sarf-malzemeleri\/yuzey-islem-sivilari\/","url":"https:\/\/www.ggfinishing.com\/urunler\/vibrasyon-sarf-malzemeleri\/yuzey-islem-sivilari\/","name":"Y\u00fczey \u0130\u015flem S\u0131v\u0131lar\u0131 - GG Finishing","isPartOf":{"@id":"https:\/\/www.ggfinishing.com\/#website"},"primaryImageOfPage":{"@id":"https:\/\/www.ggfinishing.com\/urunler\/vibrasyon-sarf-malzemeleri\/yuzey-islem-sivilari\/#primaryimage"},"image":{"@id":"https:\/\/www.ggfinishing.com\/urunler\/vibrasyon-sarf-malzemeleri\/yuzey-islem-sivilari\/#primaryimage"},"thumbnailUrl":"https:\/\/www.ggfinishing.com\/wp-content\/uploads\/2023\/03\/Yuzey-Islem-Sivilari.jpg","datePublished":"2022-04-15T09:36:08+00:00","dateModified":"2023-04-01T15:53:07+00:00","breadcrumb":{"@id":"https:\/\/www.ggfinishing.com\/urunler\/vibrasyon-sarf-malzemeleri\/yuzey-islem-sivilari\/#breadcrumb"},"inLanguage":"en-US","potentialAction":[{"@type":"ReadAction","target":["https:\/\/www.ggfinishing.com\/urunler\/vibrasyon-sarf-malzemeleri\/yuzey-islem-sivilari\/"]}]},{"@type":"ImageObject","inLanguage":"en-US","@id":"https:\/\/www.ggfinishing.com\/urunler\/vibrasyon-sarf-malzemeleri\/yuzey-islem-sivilari\/#primaryimage","url":"https:\/\/www.ggfinishing.com\/wp-content\/uploads\/2023\/03\/Yuzey-Islem-Sivilari.jpg","contentUrl":"https:\/\/www.ggfinishing.com\/wp-content\/uploads\/2023\/03\/Yuzey-Islem-Sivilari.jpg","width":1280,"height":854},{"@type":"BreadcrumbList","@id":"https:\/\/www.ggfinishing.com\/urunler\/vibrasyon-sarf-malzemeleri\/yuzey-islem-sivilari\/#breadcrumb","itemListElement":[{"@type":"ListItem","position":1,"name":"Home","item":"https:\/\/www.ggfinishing.com\/"},{"@type":"ListItem","position":2,"name":"\u00dcr\u00fcnler","item":"https:\/\/www.ggfinishing.com\/urunler\/"},{"@type":"ListItem","position":3,"name":"Vibrasyon Sarf Malzemeleri","item":"https:\/\/www.ggfinishing.com\/urunler\/vibrasyon-sarf-malzemeleri\/"},{"@type":"ListItem","position":4,"name":"Y\u00fczey \u0130\u015flem S\u0131v\u0131lar\u0131"}]},{"@type":"WebSite","@id":"https:\/\/www.ggfinishing.com\/#website","url":"https:\/\/www.ggfinishing.com\/","name":"GG Finishing","description":"EQUIPMENTS \u2022 CONSUMABLES \u2022 SURFACE PREPERATION","potentialAction":[{"@type":"SearchAction","target":{"@type":"EntryPoint","urlTemplate":"https:\/\/www.ggfinishing.com\/?s={search_term_string}"},"query-input":{"@type":"PropertyValueSpecification","valueRequired":true,"valueName":"search_term_string"}}],"inLanguage":"en-US"}]}},"_links":{"self":[{"href":"https:\/\/www.ggfinishing.com\/en\/wp-json\/wp\/v2\/pages\/2530","targetHints":{"allow":["GET"]}}],"collection":[{"href":"https:\/\/www.ggfinishing.com\/en\/wp-json\/wp\/v2\/pages"}],"about":[{"href":"https:\/\/www.ggfinishing.com\/en\/wp-json\/wp\/v2\/types\/page"}],"author":[{"embeddable":true,"href":"https:\/\/www.ggfinishing.com\/en\/wp-json\/wp\/v2\/users\/1"}],"replies":[{"embeddable":true,"href":"https:\/\/www.ggfinishing.com\/en\/wp-json\/wp\/v2\/comments?post=2530"}],"version-history":[{"count":17,"href":"https:\/\/www.ggfinishing.com\/en\/wp-json\/wp\/v2\/pages\/2530\/revisions"}],"predecessor-version":[{"id":11619,"href":"https:\/\/www.ggfinishing.com\/en\/wp-json\/wp\/v2\/pages\/2530\/revisions\/11619"}],"up":[{"embeddable":true,"href":"https:\/\/www.ggfinishing.com\/en\/wp-json\/wp\/v2\/pages\/10445"}],"wp:featuredmedia":[{"embeddable":true,"href":"https:\/\/www.ggfinishing.com\/en\/wp-json\/wp\/v2\/media\/10952"}],"wp:attachment":[{"href":"https:\/\/www.ggfinishing.com\/en\/wp-json\/wp\/v2\/media?parent=2530"}],"curies":[{"name":"wp","href":"https:\/\/api.w.org\/{rel}","templated":true}]}}